{"id":11761,"date":"2025-11-14T08:37:56","date_gmt":"2025-11-14T07:37:56","guid":{"rendered":"https:\/\/partnerstwo-sowiogorskie.pl\/?page_id=11761"},"modified":"2025-12-08T13:46:57","modified_gmt":"2025-12-08T12:46:57","slug":"materialy-pomocnicze-rolnicy","status":"publish","type":"page","link":"https:\/\/partnerstwo-sowiogorskie.pl\/index.php\/materialy-pomocnicze-rolnicy\/","title":{"rendered":"Materia\u0142y pomocnicze &#8211; rolnicy"},"content":{"rendered":"<p><strong>Materia\u0142y informacyjne<\/strong> dla rolnik\u00f3w, kt\u00f3rzy b\u0119d\u0105 aplikowali lub aplikowali o \u015brodki na utworzenie Zagrody Edukacyjnej <strong>(START ZE)<\/strong> oraz na dzia\u0142ania zwi\u0105zane z utworzeniem lub rozwojem Agroturystyki <strong>(START GA lub ROZ\u00d3J GA):&nbsp;<\/strong><\/p>\n<ul>\n<li>\n<h6>START ZE \u2013 tworzenie zagr\u00f3d edukacyjnych &#8211; prezentacja <a href=\"https:\/\/partnerstwo-sowiogorskie.pl\/wp-content\/uploads\/2025\/12\/Prezentacja_START_ZE_03122025.pdf\" target=\"_blank\" rel=\"noopener\">&gt;&gt;&gt; pobierz<\/a><\/h6>\n<p>Link do&nbsp; strony www Og\u00f3lnopolskiej Sieci Zagr\u00f3d Edukacyjnych&nbsp;<a class=\"newWindow\" title=\"Otwarcie w nowym oknie\" href=\"https:\/\/zagrodaedukacyjna.pl\/\" target=\"_blank\" rel=\"noopener\">&gt;&gt;&gt; przejd\u017a do strony<\/a><\/li>\n<li>\n<h6>ROZW\u00d3J GA \u2013 rozwijanie gospodarstw agroturystycznych&nbsp;<\/h6>\n<p>Wszelkie informacje dotycz\u0105ce kategoryzacji WBN znajd\u0105 Pa\u0144stwo na stronie Polskiej Federacji Turystyki Wiejskiej (regulamin kategoryzacji, wymagania kategoryzacyjne, przygotowanie obiektu oraz bazy kwater ju\u017c skategoryzowanych) <a href=\"https:\/\/pftw.pl\/kategoryzacja\" target=\"_blank\" rel=\"noopener\">&gt;&gt;&gt; przejd\u017a do informacji&nbsp;<\/a><\/p>\n<h6><strong>Kategoryzacja w ramach programu LEADER <a href=\"https:\/\/partnerstwo-sowiogorskie.pl\/wp-content\/uploads\/2025\/11\/Kategoryzacja_w_ramach_programu_LEADER_www.pdf\" target=\"_blank\" rel=\"noopener\">&gt;&gt;&gt; pobierz<\/a><\/strong><\/h6>\n<\/li>\n<\/ul>\n","protected":false},"excerpt":{"rendered":"<p>Materia\u0142y informacyjne dla rolnik\u00f3w, kt\u00f3rzy b\u0119d\u0105 aplikowali lub aplikowali o \u015brodki na utworzenie Zagrody Edukacyjnej (START ZE) oraz na dzia\u0142ania zwi\u0105zane z utworzeniem lub rozwojem Agroturystyki (START GA lub ROZ\u00d3J [&hellip;]<\/p>\n","protected":false},"author":6,"featured_media":0,"parent":0,"menu_order":0,"comment_status":"closed","ping_status":"closed","template":"","meta":{"ngg_post_thumbnail":0,"_price":"","_stock":"","_tribe_ticket_header":"","_tribe_default_ticket_provider":"","_ticket_start_date":"","_ticket_end_date":"","_tribe_ticket_show_description":"","_tribe_ticket_show_not_going":false,"_tribe_ticket_use_global_stock":"","_tribe_ticket_global_stock_level":"","_global_stock_mode":"","_global_stock_cap":"","_tribe_rsvp_for_event":"","_tribe_ticket_going_count":"","_tribe_ticket_not_going_count":"","_tribe_tickets_list":"[]","_tribe_ticket_has_attendee_info_fields":false,"footnotes":"","_tec_slr_enabled":"","_tec_slr_layout":""},"class_list":["post-11761","page","type-page","status-publish","hentry"],"rttpg_featured_image_url":null,"rttpg_author":{"display_name":"Iweta G\u0142\u00f3d","author_link":"https:\/\/partnerstwo-sowiogorskie.pl\/index.php\/author\/iglod\/"},"rttpg_comment":0,"rttpg_category":null,"rttpg_excerpt":"Materia\u0142y informacyjne dla rolnik\u00f3w, kt\u00f3rzy b\u0119d\u0105 aplikowali lub aplikowali o \u015brodki na utworzenie Zagrody Edukacyjnej (START ZE) oraz na dzia\u0142ania zwi\u0105zane z utworzeniem lub rozwojem Agroturystyki (START GA lub ROZ\u00d3J [&hellip;]","ticketed":false,"_links":{"self":[{"href":"https:\/\/partnerstwo-sowiogorskie.pl\/index.php\/wp-json\/wp\/v2\/pages\/11761","targetHints":{"allow":["GET"]}}],"collection":[{"href":"https:\/\/partnerstwo-sowiogorskie.pl\/index.php\/wp-json\/wp\/v2\/pages"}],"about":[{"href":"https:\/\/partnerstwo-sowiogorskie.pl\/index.php\/wp-json\/wp\/v2\/types\/page"}],"author":[{"embeddable":true,"href":"https:\/\/partnerstwo-sowiogorskie.pl\/index.php\/wp-json\/wp\/v2\/users\/6"}],"replies":[{"embeddable":true,"href":"https:\/\/partnerstwo-sowiogorskie.pl\/index.php\/wp-json\/wp\/v2\/comments?post=11761"}],"version-history":[{"count":15,"href":"https:\/\/partnerstwo-sowiogorskie.pl\/index.php\/wp-json\/wp\/v2\/pages\/11761\/revisions"}],"predecessor-version":[{"id":11842,"href":"https:\/\/partnerstwo-sowiogorskie.pl\/index.php\/wp-json\/wp\/v2\/pages\/11761\/revisions\/11842"}],"wp:attachment":[{"href":"https:\/\/partnerstwo-sowiogorskie.pl\/index.php\/wp-json\/wp\/v2\/media?parent=11761"}],"curies":[{"name":"wp","href":"https:\/\/api.w.org\/{rel}","templated":true}]}}