{"id":11709,"date":"2026-01-30T07:45:37","date_gmt":"2026-01-30T06:45:37","guid":{"rendered":"https:\/\/partnerstwo-sowiogorskie.pl\/?page_id=11709"},"modified":"2026-02-12T14:11:10","modified_gmt":"2026-02-12T13:11:10","slug":"rozwoj-dg2","status":"publish","type":"page","link":"https:\/\/partnerstwo-sowiogorskie.pl\/index.php\/nabory\/ogloszenie-o-naborach-konkursy-2\/rozwoj-dg2\/","title":{"rendered":"Konkurs 8_2026 Rozw\u00f3j DG"},"content":{"rendered":"<div id=\"page\" class=\"hfeed site\">\n<div id=\"content-wrapper\">\n<div id=\"content\" class=\"site-content\">\n<div id=\"primary\" class=\"content-area\">\n<p>&nbsp;<\/p>\n<article id=\"post-11181\" class=\"post-11181 page type-page status-publish hentry\">\n<div class=\"entry-content\">\n<h4><strong>Rozw\u00f3j przedsi\u0119biorczo\u015bci poprzez rozwijanie pozarolniczej dzia\u0142alno\u015bci gospodarczej (Rozw\u00f3j DG)&nbsp;<\/strong><\/h4>\n<p><strong>OGLOSZENIE_8_2026_Rozw\u00f3j_DG_30012026_757634 <a href=\"https:\/\/partnerstwo-sowiogorskie.pl\/wp-content\/uploads\/2026\/01\/OGLOSZENIE_8_2026_Rozwoj_DG_30012026_757634.docx\" target=\"_blank\" rel=\"noopener\">&gt;&gt;&gt; pobierz<\/a><\/strong><\/p>\n<p style=\"text-align: center;\"><strong>OG\u0141OSZENIE O NABORZE<br \/>\n<\/strong><strong>Nr 8\/2026 z dnia 30.01.2026r. do naboru nr 757634<\/strong><\/p>\n<p style=\"text-align: center;\"><strong>&nbsp;<\/strong><strong>&nbsp;<\/strong><strong>Lokalna Grupa Dzia\u0142ania \u201ePartnerstwo Sowiog\u00f3rskie\u201d dzia\u0142aj\u0105ca na terenie gmin:<br \/>\n<\/strong><strong>&nbsp;G\u0142uszyca, Jedlina Zdr\u00f3j, Gmina Nowa Ruda, Pieszyce, Walim<\/strong><\/p>\n<p><strong>og\u0142asza nab\u00f3r wniosk\u00f3w o przyznanie pomocy&nbsp;<\/strong>w ramach wdra\u017cania &nbsp;Lokalnej Strategii Rozwoju realizowanej przez LGD \u201ePartnerstwo Sowiog\u00f3rskie\u201d w ramach Planu Strategicznego dla Wsp\u00f3lnej Polityki Rolnej na lata 2023\u20132027 dla interwencji I.13.1 LEADER\/Rozw\u00f3j Lokalny Kierowany przez Spo\u0142eczno\u015b\u0107 (RLKS) \u2013 komponent wdra\u017canie LSR<\/p>\n<p>ZAKRES:&nbsp;<strong>Rozw\u00f3j przedsi\u0119biorczo\u015bci poprzez rozwijanie pozarolniczej dzia\u0142alno\u015bci gospodarczej (Rozw\u00f3j DG)<\/strong><strong>&nbsp;<\/strong><\/p>\n<ol>\n<li><strong>Nazwa podmiotu w\u0142a\u015bciwego dla przeprowadzenia naboru i oceny wniosk\u00f3w<\/strong><\/li>\n<\/ol>\n<p>Lokalna Grupa Dzia\u0142ania \u201ePartnerstwo Sowiog\u00f3rskie\u201d<\/p>\n<ol start=\"2\">\n<li><strong>Nazwa podmiotu w\u0142a\u015bciwego w sprawie o przyznanie pomocy i zawarcia umowy<\/strong><\/li>\n<\/ol>\n<p>Urz\u0105d Marsza\u0142kowski Wojew\u00f3dztwa Dolno\u015bl\u0105skiego<\/p>\n<ol start=\"3\">\n<li><strong>Nazwa podmiotu w\u0142a\u015bciwego w sprawie wyp\u0142aty pomocy i obs\u0142ugi systemu IT<\/strong><\/li>\n<\/ol>\n<p>Agencja Restrukturyzacji i Modernizacji Rolnictwa<\/p>\n<ol start=\"4\">\n<li><strong>Przedmiot naboru wniosk\u00f3w o przyznanie pomocy<\/strong><\/li>\n<\/ol>\n<p>Przedmiotem naboru wniosk\u00f3w s\u0105 operacje z zakresu: Rozw\u00f3j przedsi\u0119biorczo\u015bci poprzez rozwijanie pozarolniczej dzia\u0142alno\u015bci gospodarczej<br \/>\n(Rozw\u00f3j DG)<strong>&nbsp;<\/strong><\/p>\n<ol start=\"5\">\n<li><strong>Podmioty uprawnione do ubiegania si\u0119 o przyznanie pomocy<\/strong><\/li>\n<\/ol>\n<ol>\n<li>O pomoc mo\u017ce ubiega\u0107 si\u0119 wy\u0142\u0105cznie podmiot posiadaj\u0105cy numer EP<\/li>\n<li>Wnioskodawca co najmniej od roku poprzedzaj\u0105cego dzie\u0144 z\u0142o\u017cenia wniosku o przyznanie<br \/>\npomocy&nbsp;&#8211; miejsce wykonywania dzia\u0142alno\u015bci gospodarczej oznaczone adresem wpisanym do CEIDG &#8211;<br \/>\nw przypadku osoby fizycznej wykonuj\u0105cej dzia\u0142alno\u015b\u0107 gospodarcz\u0105, do kt\u00f3rej stosuje si\u0119 przepisy ustawy Prawo przedsi\u0119biorc\u00f3w, a w przypadku braku takiego wpisu, je\u017celi miejsce zameldowania takiej osoby znajduje si\u0119 na obszarze wiejskim obj\u0119tym LSR;- siedzib\u0119 lub oddzia\u0142 \u2013 w przypadku wnioskodawcy b\u0119d\u0105cego osob\u0105 prawn\u0105 lub jednostk\u0105 organizacyjn\u0105 nieposiadaj\u0105c\u0105 osobowo\u015bci prawnej, kt\u00f3rej ustawa przyznaje zdolno\u015b\u0107 prawn\u0105<\/li>\n<\/ol>\n<ol start=\"3\">\n<li>W przypadku gdy wnioskodawca wykonuje dzia\u0142alno\u015b\u0107 gospodarcz\u0105, pomoc przyznaje si\u0119:<br \/>\n1) zgodnie z art. 19a albo art. 19b rozporz\u0105dzenia GBER;<br \/>\n2) je\u017celi podmiot ten prowadzi mikroprzedsi\u0119biorstwo albo ma\u0142e przedsi\u0119biorstwo;<br \/>\n3) je\u017celi warunki przyznania pomocy s\u0105 spe\u0142nione przez wszystkich wsp\u00f3lnik\u00f3w sp\u00f3\u0142ki,<br \/>\nw przypadku gdy operacja b\u0119dzie realizowana w ramach wykonywania dzia\u0142alno\u015bci gospodarczej w formie sp\u00f3\u0142ki cywilnej<\/li>\n<\/ol>\n<ol start=\"4\">\n<li>Wnioskodawcy pomoc przyznaje si\u0119, je\u017celi:<br \/>\n1) w okresie 3 lat poprzedzaj\u0105cych dzie\u0144 z\u0142o\u017cenia WOPP wnioskodawca wykonywa\u0142 \u0142\u0105cznie co najmniej przez 365 dni dzia\u0142alno\u015b\u0107 gospodarcz\u0105, do<br \/>\nkt\u00f3rej stosuje si\u0119 Prawo przedsi\u0119biorc\u00f3w, oraz nadal wykonuje t\u0119 dzia\u0142alno\u015b\u0107;<br \/>\n2) wnioskodawcy nie zosta\u0142a dotychczas przyznana pomoc na operacj\u0119 w tym zakresie w ramach PS WPR;<br \/>\n3) up\u0142yn\u0119\u0142y co najmniej 2 lata od dnia wyp\u0142aty pomocy wnioskodawcy na operacj\u0119 w zakresie start DG w ramach PS WPR;<br \/>\n4) up\u0142yn\u0119\u0142y co najmniej 2 lata od dnia wyp\u0142aty wnioskodawcy p\u0142atno\u015bci ostatecznej na podejmowanie lub prowadzenie lub rozwijanie dzia\u0142alno\u015bci<br \/>\ngospodarczej w ramach poddzia\u0142a\u0144 4.2, 6.2, 6.4 lub 19.2 obj\u0119tych PROW 2014-2020<\/li>\n<\/ol>\n<ol start=\"6\">\n<li><strong>Termin, miejsce i forma sk\u0142adania wniosk\u00f3w<\/strong><\/li>\n<\/ol>\n<p>1) Wnioski o przyznanie pomocy mo\u017cna sk\u0142ada\u0107 w terminie: <span style=\"font-family: ptSansBold;\"><b>23.02.2026r. &#8211; 16.03.2026r.&nbsp;<\/b><\/span><\/p>\n<p>2) Wnioski o przyznanie pomocy mo\u017cna sk\u0142ada\u0107&nbsp;<strong>wy\u0142\u0105cznie drog\u0105 elektroniczn\u0105&nbsp;<\/strong>za pomoc\u0105 systemu teleinformatycznego Agencji Restrukturyzacji<br \/>\ni Modernizacji Rolnictwa (ARiMR), poprzez Platform\u0119 Us\u0142ug Elektronicznych ARiMR (PUE) link do strony:&nbsp;<a href=\"https:\/\/epue.arimr.gov.pl\/pl\/strona-glowna\">https:\/\/epue.arimr.gov.pl\/pl\/strona-glowna<\/a><\/p>\n<ol start=\"7\">\n<li><strong>Miejsce publikacji regulaminu naboru wniosk\u00f3w o wsparcie<\/strong><\/li>\n<\/ol>\n<p>Szczeg\u00f3\u0142owe warunki przyznania pomocy okre\u015bla&nbsp;<strong>\u201eREGULAMIN NABORU WNIOSK\u00d3W O PRZYZNANIE POMOCY NA ROZW\u00d3J PRZEDSI\u0118BIORCZO\u015aCI POPRZEZ ROZWIJANIE POZAROLNICZEJ DZIA\u0141ALNO\u015aCI GOSPODARCZEJ (ROZW\u00d3J DG)\u201d&nbsp;<\/strong>opublikowany na stronie Lokalnej Grupy Dzia\u0142ania \u201ePartnerstwo Sowiog\u00f3rskie\u201d:<\/p>\n<p><a href=\"https:\/\/partnerstwo-sowiogorskie.pl\/index.php\/nabory\/ogloszenie-o-naborach-konkursy-2\/rozwoj-dg2\/\" rel=\"noopener\">https:\/\/partnerstwo-sowiogorskie.pl\/index.php\/nabory\/ogloszenie-o-naborach-konkursy-2\/rozwoj-dg2\/<\/a><\/p>\n<p>Regulamin_naboru_ROZWOJ_DG_757634 <a href=\"https:\/\/partnerstwo-sowiogorskie.pl\/wp-content\/uploads\/2026\/01\/Regulamin_naboru_ROZWOJ_DG_2_jednolity_v2_15012026_30012026o.docx\" target=\"_blank\" rel=\"noopener\">&gt;&gt;&gt; pobierz docx<\/a><\/p>\n<p>Regulamin_naboru_ROZWOJ_DG_757634 <a href=\"https:\/\/partnerstwo-sowiogorskie.pl\/wp-content\/uploads\/2026\/01\/Regulamin_naboru_ROZWOJ_DG_2_jednolity_v2_15012026_30012026o.pdf\" target=\"_blank\" rel=\"noopener\">&gt;&gt;&gt; pobierz pdf<\/a><\/p>\n<ol start=\"8\">\n<li><strong>Dane do kontaktu<br \/>\n<\/strong>Szczeg\u00f3\u0142owe informacje dotycz\u0105ce og\u0142oszonego naboru mo\u017cna uzyska\u0107 w:<\/li>\n<\/ol>\n<ul>\n<li>siedzibie biura LGD \u201ePartnerstwo Sowiog\u00f3rskie\u201d: ul. Grunwaldzka 26, 58-340 G\u0142uszyca<\/li>\n<li>strona internetowa:&nbsp;<a href=\"http:\/\/www.partnerstwo-sowiogorskie.pl\/\">www.partnerstwo-sowiogorskie.pl<\/a>&nbsp;, \u2022 e-mail:&nbsp;<a href=\"mailto:biuro@partnerstwo-sowiogorskie.pl\">biuro@partnerstwo-sowiogorskie.pl<\/a><\/li>\n<li>telefon: tel.; +48 518 855 434; +48 539 972&nbsp;140<\/li>\n<\/ul>\n<h4>***********************************************************************************************************************<\/h4>\n<p><strong>Wniosek o przyznanie pomocy<\/strong>&nbsp;wraz z biznesplanem, zestawieniem rzeczowo-finansowym, informacj\u0105 o przetwarzaniu danych osobowych oraz wykazem dzia\u0142ek b\u0119d\u0105 generowane automatycznie poprzez system teleinformatyczny ARiMR w trakcie wype\u0142niania wniosku dost\u0119pnego na platformie PUE \u2013&nbsp;<a class=\"newWindow\" title=\"Otwarcie w nowym oknie: Otwarcie w nowym oknie\" href=\"https:\/\/www.gov.pl\/web\/arimr\/platforma-uslug-elektronicznych\" target=\"_blank\" rel=\"noopener\">Platforma Us\u0142ug Elektronicznych \u2013 Agencja Restrukturyzacji i Modernizacji Rolnictwa \u2013 Portal Gov.pl<\/a><\/p>\n<p>Instrukcja logowania do PUE&nbsp;<a href=\"https:\/\/partnerstwo-sowiogorskie.pl\/wp-content\/uploads\/2025\/02\/Instrukcja_logowania_PUE.pdf\" target=\"_blank\" rel=\"noopener\">&gt;&gt;&gt;pobierz<\/a><\/p>\n<p>Instrukcja wype\u0142niania wniosku o przyznanie pomocy&nbsp;<a class=\"newWindow\" title=\"Otwarcie w nowym oknie: Otwarcie w nowym oknie: Otwarcie w nowym oknie: Otwarcie w nowym oknie\" href=\"https:\/\/partnerstwo-sowiogorskie.pl\/wp-content\/uploads\/2025\/01\/Instrukcja-WoPP.pdf\" target=\"_blank\" rel=\"noopener\">&gt;&gt;&gt;pobierz<\/a><\/p>\n<p>Pomocniczy za\u0142\u0105cznik do Instrukcji dla wniosku o przyznanie pomocy \u2013 Katalog przyk\u0142adowych pozwole\u0144, zezwole\u0144, decyzji i innych dokument\u00f3w potwierdzaj\u0105cych<br \/>\nspe\u0142nienie warunk\u00f3w przyznania pomocy wymaganych w zale\u017cno\u015bci od okre\u015blonego we wniosku zakresu wsparcia&nbsp; &nbsp;<a class=\"newWindow\" title=\"Otwarcie w nowym oknie: Otwarcie w nowym oknie: Otwarcie w nowym oknie: Otwarcie w nowym oknie\" href=\"https:\/\/partnerstwo-sowiogorskie.pl\/wp-content\/uploads\/2025\/01\/Pomocniczy-zalacznik-do-Instrukcji-do-WoPP.pdf\" target=\"_blank\" rel=\"noopener\">&gt;&gt;&gt;pobierz<\/a><\/p>\n<p>Instrukcja ustanawiania Pe\u0142nomocnik\u00f3w<a class=\"newWindow\" title=\"Otwarcie w nowym oknie: Otwarcie w nowym oknie\" href=\"https:\/\/partnerstwo-sowiogorskie.pl\/wp-content\/uploads\/2025\/02\/PUE_Instrukcja_ustanawiania_pelnomocnika-1.pdf\" target=\"_blank\" rel=\"noopener\">&gt;&gt;&gt;pobierz<\/a><\/p>\n<p>Instrukcja powiadomienia SMS&nbsp;<a class=\"newWindow\" title=\"Otwarcie w nowym oknie: Otwarcie w nowym oknie\" href=\"https:\/\/partnerstwo-sowiogorskie.pl\/wp-content\/uploads\/2025\/02\/instrukcja_powiadomienia-sms-1.pdf\" target=\"_blank\" rel=\"noopener\">&gt;&gt;&gt;pobierz<\/a><\/p>\n<p>Instrukcja z\u0142o\u017cenia pro\u015bby o przywr\u00f3cenie terminu za po\u015brednictwem Platformy Us\u0142ug Elektronicznych ARiMR w zakresie PS WPR 2023-2027&nbsp;<a class=\"newWindow\" title=\"Otwarcie w nowym oknie: Otwarcie w nowym oknie\" href=\"https:\/\/partnerstwo-sowiogorskie.pl\/wp-content\/uploads\/2025\/02\/Instrukcja_zlozenia_prosby_o_przywrocenie_terminu_za_posrednictwem_PUE_ARiMR_w_zakresie_PS_WPR_2023-2027.pdf\" target=\"_blank\" rel=\"noopener\">&gt;&gt;&gt;pobierz<\/a><\/p>\n<p><strong>Za\u0142\u0105czniki do wniosku o przyznanie pomocy:<\/strong><\/p>\n<p>Wykaz za\u0142\u0105cznik\u00f3w do wniosku o przyznanie pomocy <a href=\"https:\/\/partnerstwo-sowiogorskie.pl\/wp-content\/uploads\/2026\/02\/Wykaz_zalacznikow_rozwoj_DG_757634.docx\" target=\"_blank\" rel=\"noopener\">Wykaz_zalacznikow_rozwoj_DG_757634<\/a><strong><br \/>\n<\/strong><\/p>\n<p>za\u0142\u0105cznik nr 1 \u2013&nbsp;<a class=\"newWindow\" title=\"Otwarcie w nowym oknie: Otwarcie w nowym oknie: Otwarcie w nowym oknie: Otwarcie w nowym oknie\" href=\"https:\/\/partnerstwo-sowiogorskie.pl\/wp-content\/uploads\/2025\/01\/Zalacznik_nr_1-Oswiadczenie-wlasciciela-lub-wspolposiadacza-nieruchomosci.xlsx\" target=\"_blank\" rel=\"noopener\">O\u015bwiadczenie w\u0142a\u015bciciela lub wsp\u00f3\u0142posiadacza nieruchomo\u015bci<\/a><\/p>\n<p>za\u0142\u0105cznik nr 2 \u2013&nbsp;<a class=\"newWindow\" title=\"Otwarcie w nowym oknie: Otwarcie w nowym oknie\" href=\"https:\/\/partnerstwo-sowiogorskie.pl\/wp-content\/uploads\/2025\/01\/Zalacznik_nr_2-Oswiadczenie-o-kwalifikowalnosci-VAT.xlsx\" target=\"_blank\" rel=\"noopener\">Za\u0142\u0105cznik_nr_2 O\u015bwiadczenie o kwalifikowalno\u015bci VAT<\/a><\/p>\n<p>za\u0142\u0105cznik nr 3 \u2013 <a href=\"https:\/\/partnerstwo-sowiogorskie.pl\/wp-content\/uploads\/2026\/01\/Zalacznik_nr_3-Szczegolowy-opis-zadan-wymienionych-w-ZRF.xlsx\">Szczeg\u00f3\u0142owy opis zada\u0144 wymienionych w zestawieniu rzeczowo-finansowym -zal_3<\/a><\/p>\n<p>za\u0142\u0105cznik nr 4 \u2013 <a href=\"https:\/\/partnerstwo-sowiogorskie.pl\/wp-content\/uploads\/2026\/02\/Zalacznik_nr_4_Oswiadczenie_podmiotu-ubiegajacego-sie-o-przyznanie-pomocy-o-wielkosci-przedsiebiorstwa.xls\">Za\u0142\u0105cznik_nr_4_O\u015bwiadczenie_podmiotu ubiegaj\u0105cego si\u0119 o przyznanie pomocy o wielko\u015bci przedsi\u0119biorstwa<\/a><\/p>\n<p>za\u0142\u0105cznik nr 5 \u2013&nbsp;<a class=\"newWindow\" title=\"Otwarcie w nowym oknie: Otwarcie w nowym oknie\" href=\"https:\/\/partnerstwo-sowiogorskie.pl\/wp-content\/uploads\/2025\/01\/Zalacznik_nr_5-Oswiadczenie-malzonka-o-wyrazeniu-zgody-na-zawarcie-umowy.xlsx\" target=\"_blank\" rel=\"noopener\">Za\u0142\u0105cznik_nr_5 O\u015bwiadczenie ma\u0142\u017conka o wyra\u017ceniu zgody na zawarcie umowy<\/a><\/p>\n<p>za\u0142\u0105cznik nr 6 \u2013&nbsp;<a class=\"newWindow\" title=\"Otwarcie w nowym oknie\" href=\"https:\/\/partnerstwo-sowiogorskie.pl\/wp-content\/uploads\/2025\/02\/Zalacznik_nr_6-Oswiadczenie-o-niepozostawaniu-w-zwiazku-malzenskim-lub-o-ustanowionej-malzenskiej-rozdzielnosci.docx\" target=\"_blank\" rel=\"noopener\">Za\u0142\u0105cznik_nr_6 O\u015bwiadczenie o niepozostawaniu w zwi\u0105zku ma\u0142\u017ce\u0144skim lub o ustanowionej ma\u0142\u017ce\u0144skiej rozdzielno\u015bci<\/a><\/p>\n<p>za\u0142\u0105cznik nr 13 \u2013&nbsp;<a class=\"newWindow\" title=\"Otwarcie w nowym oknie: Otwarcie w nowym oknie\" href=\"https:\/\/partnerstwo-sowiogorskie.pl\/wp-content\/uploads\/2025\/02\/zalacznik_nr_13_Oswiadczenie_RODO_dla_LGD.pdf\" target=\"_blank\" rel=\"noopener\">O\u015bwiadczenie_RODO_dla_LGD<\/a><\/p>\n<p>za\u0142\u0105cznik 35a \u2013 <a href=\"https:\/\/partnerstwo-sowiogorskie.pl\/wp-content\/uploads\/2026\/01\/LKW_opis_projektu_ROZWOJ_DG_757634.docx\" target=\"_blank\" rel=\"noopener\">LKW_opis_projektu_ROZWOJ_DG_757634<\/a><\/p>\n<p>Opis Lokalnych Kryteri\u00f3w Wyboru znajduje si\u0119 w Regulaminie &#8211; Za\u0142\u0105cznik nr 1 do Regulaminu naboru wniosk\u00f3w o przyznanie pomocy w ramach Planu Strategicznego dla Wsp\u00f3lnej Polityki Rolnej na lata 2023-2027 dla Interwencji 13.1 &#8211; komponent Wdra\u017canie LSR (str. 15)<\/p>\n<p>za\u0142\u0105cznik 35 b &#8211; Za\u0142\u0105cznik nieobowi\u0105zkowy: przekazywanie informacji dla LGD<strong> \u2013<a href=\"https:\/\/partnerstwo-sowiogorskie.pl\/wp-content\/uploads\/2026\/01\/Oswiadczenie_zgoda_ROZWOJ_DG_8_2026_757634.doc\" target=\"_blank\" rel=\"noopener\">Oswiadczenie_zgoda_ROZWOJ_DG_8_2026_757634<\/a><\/strong><\/p>\n<p>O\u015aWIADCZENIE WNIOSKODAWCY &#8211; poziom sprzeda\u017cy <a href=\"https:\/\/partnerstwo-sowiogorskie.pl\/wp-content\/uploads\/2026\/02\/OSWIADCZENIE_poziom_sprzedazy_ROZWOJ_DG.doc\" target=\"_blank\" rel=\"noopener\">&gt;&gt;&gt; pobierz<\/a><\/p>\n<p>O\u015aWIADCZENIE O NUMERZE RACHUNKU BANKOWEGO &#8211; wz\u00f3r (do wyp\u0142aty zaliczki) <a href=\"https:\/\/partnerstwo-sowiogorskie.pl\/wp-content\/uploads\/2026\/02\/OSWIADCZENIE_numer_rachunku_bankowego.doc\" target=\"_blank\" rel=\"noopener\">&gt;&gt;&gt; pobierz<\/a><\/p>\n<p><strong>Umowa o przyznaniu pomocy<\/strong><\/p>\n<p>Instrukcja obs\u0142ugi zawierania umowy za po\u015brednictwem Platformy Us\u0142ug Elektronicznych ARiMR w zakresie PS WPR 2023-2027&nbsp;<a class=\"newWindow\" title=\"Otwarcie w nowym oknie: Otwarcie w nowym oknie\" href=\"https:\/\/partnerstwo-sowiogorskie.pl\/wp-content\/uploads\/2025\/02\/Instrukcja_obslugi_zawierania_umowy_za_posrednictwem_PUE_ARiMR_w_zakresie_PS_WPR_2023-2027.pdf\" target=\"_blank\" rel=\"noopener\">&gt;&gt;&gt;pobierz<\/a><\/p>\n<p>Umowa o przyznaniu pomocy&nbsp;<a class=\"newWindow\" title=\"Otwarcie w nowym oknie\" href=\"https:\/\/partnerstwo-sowiogorskie.pl\/wp-content\/uploads\/2025\/03\/Zakr_02_umowa_kkDG_ver.1z.pdf\" target=\"_blank\" rel=\"noopener\">&gt;&gt;&gt;pobierz<\/a><\/p>\n<p>Za\u0142\u0105cznik nr 1 \u2013&nbsp;<a class=\"newWindow\" title=\"Otwarcie w nowym oknie: Otwarcie w nowym oknie\" href=\"https:\/\/partnerstwo-sowiogorskie.pl\/wp-content\/uploads\/2025\/03\/Zalacznik-nr-1-Biznesplan.docx\" target=\"_blank\" rel=\"noopener\">Za\u0142\u0105cznik nr 1 Biznesplan<\/a><\/p>\n<p>Za\u0142\u0105cznik nr 1 \u2013&nbsp;<a class=\"newWindow\" title=\"Otwarcie w nowym oknie: Otwarcie w nowym oknie\" href=\"https:\/\/partnerstwo-sowiogorskie.pl\/wp-content\/uploads\/2025\/03\/Zalacznik-nr-1-Zestawienie-rzeczowo-finansowe.docx\" target=\"_blank\" rel=\"noopener\">Za\u0142\u0105cznik nr 1 Zestawienie rzeczowo \u2013 finansowe<\/a><\/p>\n<p>Za\u0142\u0105cznik nr 2 \u2013&nbsp;<a class=\"newWindow\" title=\"Otwarcie w nowym oknie: Otwarcie w nowym oknie\" href=\"https:\/\/partnerstwo-sowiogorskie.pl\/wp-content\/uploads\/2025\/03\/Zalacznik-nr-2-Klauzula-informacyjna-o-przetwarzaniu-danych-osobowych.docx\" target=\"_blank\" rel=\"noopener\">Za\u0142\u0105cznik nr 2 Klauzula informacyjna o przetwarzaniu danych osobowych<\/a><\/p>\n<p>Za\u0142\u0105cznik nr 3 \u2013&nbsp;<a class=\"newWindow\" title=\"Otwarcie w nowym oknie: Otwarcie w nowym oknie\" href=\"https:\/\/partnerstwo-sowiogorskie.pl\/wp-content\/uploads\/2025\/03\/Zalacznik-nr-3_-Wykaz-dzialek-na-ktorych-bedzie-realizowana-operacja-trwale-zwiazana-z-nieruchomoscia.xls\" target=\"_blank\" rel=\"noopener\">Za\u0142\u0105cznik nr 3_ Wykaz dzia\u0142ek na kt\u00f3rych b\u0119dzie realizowana operacja trwale zwi\u0105zana z nieruchomo\u015bci\u0105<\/a><\/p>\n<\/div>\n<\/article>\n<p>&nbsp;<\/p>\n<\/div>\n<\/div>\n<\/div>\n<\/div>\n<p>&nbsp;<\/p>\n","protected":false},"excerpt":{"rendered":"<p>&nbsp; Rozw\u00f3j przedsi\u0119biorczo\u015bci poprzez rozwijanie pozarolniczej dzia\u0142alno\u015bci gospodarczej (Rozw\u00f3j DG)&nbsp; OGLOSZENIE_8_2026_Rozw\u00f3j_DG_30012026_757634 &gt;&gt;&gt; pobierz OG\u0141OSZENIE O NABORZE Nr 8\/2026 z dnia 30.01.2026r. do naboru nr 757634 &nbsp;&nbsp;Lokalna Grupa Dzia\u0142ania \u201ePartnerstwo Sowiog\u00f3rskie\u201d [&hellip;]<\/p>\n","protected":false},"author":6,"featured_media":0,"parent":11713,"menu_order":0,"comment_status":"closed","ping_status":"closed","template":"","meta":{"ngg_post_thumbnail":0,"_price":"","_stock":"","_tribe_ticket_header":"","_tribe_default_ticket_provider":"","_ticket_start_date":"","_ticket_end_date":"","_tribe_ticket_show_description":"","_tribe_ticket_show_not_going":false,"_tribe_ticket_use_global_stock":"","_tribe_ticket_global_stock_level":"","_global_stock_mode":"","_global_stock_cap":"","_tribe_rsvp_for_event":"","_tribe_ticket_going_count":"","_tribe_ticket_not_going_count":"","_tribe_tickets_list":"[]","_tribe_ticket_has_attendee_info_fields":false,"footnotes":"","_tec_slr_enabled":"","_tec_slr_layout":""},"class_list":["post-11709","page","type-page","status-publish","hentry"],"rttpg_featured_image_url":null,"rttpg_author":{"display_name":"Iweta G\u0142\u00f3d","author_link":"https:\/\/partnerstwo-sowiogorskie.pl\/index.php\/author\/iglod\/"},"rttpg_comment":0,"rttpg_category":null,"rttpg_excerpt":"&nbsp; Rozw\u00f3j przedsi\u0119biorczo\u015bci poprzez rozwijanie pozarolniczej dzia\u0142alno\u015bci gospodarczej (Rozw\u00f3j DG)&nbsp; OGLOSZENIE_8_2026_Rozw\u00f3j_DG_30012026_757634 &gt;&gt;&gt; pobierz OG\u0141OSZENIE O NABORZE Nr 8\/2026 z dnia 30.01.2026r. do naboru nr 757634 &nbsp;&nbsp;Lokalna Grupa Dzia\u0142ania \u201ePartnerstwo Sowiog\u00f3rskie\u201d [&hellip;]","ticketed":false,"_links":{"self":[{"href":"https:\/\/partnerstwo-sowiogorskie.pl\/index.php\/wp-json\/wp\/v2\/pages\/11709","targetHints":{"allow":["GET"]}}],"collection":[{"href":"https:\/\/partnerstwo-sowiogorskie.pl\/index.php\/wp-json\/wp\/v2\/pages"}],"about":[{"href":"https:\/\/partnerstwo-sowiogorskie.pl\/index.php\/wp-json\/wp\/v2\/types\/page"}],"author":[{"embeddable":true,"href":"https:\/\/partnerstwo-sowiogorskie.pl\/index.php\/wp-json\/wp\/v2\/users\/6"}],"replies":[{"embeddable":true,"href":"https:\/\/partnerstwo-sowiogorskie.pl\/index.php\/wp-json\/wp\/v2\/comments?post=11709"}],"version-history":[{"count":30,"href":"https:\/\/partnerstwo-sowiogorskie.pl\/index.php\/wp-json\/wp\/v2\/pages\/11709\/revisions"}],"predecessor-version":[{"id":11986,"href":"https:\/\/partnerstwo-sowiogorskie.pl\/index.php\/wp-json\/wp\/v2\/pages\/11709\/revisions\/11986"}],"up":[{"embeddable":true,"href":"https:\/\/partnerstwo-sowiogorskie.pl\/index.php\/wp-json\/wp\/v2\/pages\/11713"}],"wp:attachment":[{"href":"https:\/\/partnerstwo-sowiogorskie.pl\/index.php\/wp-json\/wp\/v2\/media?parent=11709"}],"curies":[{"name":"wp","href":"https:\/\/api.w.org\/{rel}","templated":true}]}}