{"id":11707,"date":"2025-10-20T13:21:00","date_gmt":"2025-10-20T12:21:00","guid":{"rendered":"https:\/\/partnerstwo-sowiogorskie.pl\/?page_id=11707"},"modified":"2026-02-27T10:18:20","modified_gmt":"2026-02-27T09:18:20","slug":"start-ze2","status":"publish","type":"page","link":"https:\/\/partnerstwo-sowiogorskie.pl\/index.php\/nabory\/ogloszenie-o-naborach-konkursy\/start-ze2\/","title":{"rendered":"Konkurs 7_2026 Start ZE"},"content":{"rendered":"<p><strong>Rozw\u00f3j pozarolniczych funkcji ma\u0142ych gospodarstw rolnych poprzez tworzenie zagr\u00f3d edukacyjnych<br \/>\n(start ZE)<\/strong><\/p>\n<p>OGLOSZENIE_7_2026_START_ZE_19122025_705433 <a href=\"https:\/\/partnerstwo-sowiogorskie.pl\/wp-content\/uploads\/2025\/12\/OGLOSZENIE_7_2026_START_ZE_19122025_705433.pdf\" target=\"_blank\" rel=\"noopener\">&gt;&gt;&gt; pobierz<\/a><\/p>\n<p style=\"text-align: center;\"><strong>OG\u0141OSZENIE O NABORZE&nbsp;<br \/>\n<\/strong><strong>Nr 7\/2026 z dnia 19.12.2025r. do naboru nr 705433<\/strong><\/p>\n<p><strong>&nbsp;<\/strong><strong>Lokalna Grupa Dzia\u0142ania \u201ePartnerstwo Sowiog\u00f3rskie\u201d dzia\u0142aj\u0105ca na terenie gmin:&nbsp;<br \/>\n<\/strong><strong>&nbsp;G\u0142uszyca, Jedlina Zdr\u00f3j, Gmina Nowa Ruda, Pieszyce, Walim<\/strong><\/p>\n<p><strong>og\u0142asza nab\u00f3r wniosk\u00f3w o przyznanie pomocy&nbsp;<\/strong>w ramach wdra\u017cania &nbsp;Lokalnej Strategii Rozwoju realizowanej przez LGD \u201ePartnerstwo Sowiog\u00f3rskie\u201d w ramach Planu Strategicznego dla Wsp\u00f3lnej Polityki Rolnej na lata 2023\u20132027 dla interwencji I.13.1 LEADER\/Rozw\u00f3j Lokalny Kierowany przez Spo\u0142eczno\u015b\u0107 (RLKS) \u2013 komponent wdra\u017canie LSR<\/p>\n<p>ZAKRES:&nbsp;<strong>Rozw\u00f3j pozarolniczych funkcji ma\u0142ych gospodarstw rolnych poprzez tworzenie zagr\u00f3d edukacyjnych (start ZE)<\/strong><strong>&nbsp;<\/strong><strong>&nbsp;<\/strong><\/p>\n<ol>\n<li><strong>Nazwa podmiotu w\u0142a\u015bciwego dla przeprowadzenia naboru i oceny wniosk\u00f3w<\/strong><\/li>\n<\/ol>\n<p>&nbsp; &nbsp; &nbsp; &nbsp; &nbsp; &nbsp;Lokalna Grupa Dzia\u0142ania \u201ePartnerstwo Sowiog\u00f3rskie\u201d<\/p>\n<ol start=\"2\">\n<li><strong>Nazwa podmiotu w\u0142a\u015bciwego w sprawie o przyznanie pomocy i zawarcia umowy<\/strong><\/li>\n<\/ol>\n<p>&nbsp; &nbsp; &nbsp; &nbsp; &nbsp; &nbsp;Urz\u0105d Marsza\u0142kowski Wojew\u00f3dztwa Dolno\u015bl\u0105skiego<\/p>\n<ol start=\"3\">\n<li><strong>Nazwa podmiotu w\u0142a\u015bciwego w sprawie wyp\u0142aty pomocy i obs\u0142ugi systemu IT<\/strong><\/li>\n<\/ol>\n<p>&nbsp; &nbsp; &nbsp; &nbsp; &nbsp; &nbsp;Agencja Restrukturyzacji i Modernizacji Rolnictwa<\/p>\n<ol start=\"4\">\n<li><strong>Przedmiot naboru wniosk\u00f3w o przyznanie pomocy<\/strong><\/li>\n<\/ol>\n<p>&nbsp; &nbsp; &nbsp; &nbsp; &nbsp; &nbsp;Przedmiotem naboru wniosk\u00f3w s\u0105 operacje z zakresu: Rozw\u00f3j pozarolniczych funkcji ma\u0142ych gospodarstw rolnych poprzez tworzenie zagr\u00f3d edukacyjnych<br \/>\n&nbsp; &nbsp; &nbsp; &nbsp; &nbsp; (w skr\u00f3cie: start ZE)<strong>&nbsp;<\/strong><\/p>\n<ol start=\"5\">\n<li><strong>Podmioty uprawnione do ubiegania si\u0119 o przyznanie pomocy<\/strong><\/li>\n<\/ol>\n<ul>\n<li>O pomoc mo\u017ce ubiega\u0107 si\u0119 wy\u0142\u0105cznie podmiot posiadaj\u0105cy numer EP<\/li>\n<li>O pomoc ubiega\u0107 si\u0119 mog\u0105 wy\u0142\u0105cznie osoby fizyczne, kt\u00f3re w dniu z\u0142o\u017cenia wniosku<\/li>\n<li>przyznanie pomocy maj\u0105 uko\u0144czone 18 lat<\/li>\n<li>Wnioskodawca jest rolnikiem albo ma\u0142\u017conkiem rolnika albo domownikiem z ma\u0142ego gospodarstwa rolnego<\/li>\n<li>Wnioskodawca co najmniej od roku poprzedzaj\u0105cego dzie\u0144 z\u0142o\u017cenia wniosku o przyznanie pomocy posiada miejsce zameldowania na obszarze wiejskim obj\u0119tym LSR<\/li>\n<li>Wnioskodawcy nie zosta\u0142a dotychczas przyznana pomoc na dzia\u0142alno\u015b\u0107 tego samego rodzaju w zakresach: start GA, start GO, start ZE, rozw\u00f3j GA, rozw\u00f3j GO lub rozw\u00f3j ZE w ramach PS WPR.&nbsp; &nbsp; &nbsp; &nbsp; &nbsp; &nbsp;<\/li>\n<\/ul>\n<ol start=\"6\">\n<li><strong>Termin, miejsce i forma sk\u0142adania wniosk\u00f3w<\/strong><\/li>\n<\/ol>\n<p>&nbsp; &nbsp; &nbsp; &nbsp; &nbsp; &nbsp;1) Wnioski o przyznanie pomocy mo\u017cna sk\u0142ada\u0107 w terminie: <strong>02.01.2026r.<\/strong>&nbsp;\u2013 &nbsp;<strong>16.01.2026r.<\/strong><\/p>\n<p>&nbsp; &nbsp; &nbsp; &nbsp; &nbsp; &nbsp; 2) Wnioski o przyznanie pomocy mo\u017cna sk\u0142ada\u0107&nbsp;<strong>wy\u0142\u0105cznie drog\u0105 elektroniczn\u0105&nbsp;<\/strong>za pomoc\u0105 systemu teleinformatycznego Agencji Restrukturyzacji<br \/>\n&nbsp; &nbsp; &nbsp; &nbsp; &nbsp; &nbsp; &nbsp; &nbsp; i Modernizacji Rolnictwa (ARiMR), poprzez Platform\u0119 Us\u0142ug Elektronicznych ARiMR (PUE) link do strony:&nbsp;<a href=\"https:\/\/epue.arimr.gov.pl\/pl\/strona-glowna\" target=\"_blank\" rel=\"noopener\">https:\/\/epue.arimr.gov.pl\/pl\/strona-glowna<\/a><strong>&nbsp;<\/strong><\/p>\n<ol start=\"7\">\n<li><strong>Miejsce publikacji regulaminu naboru wniosk\u00f3w o wsparcie<\/strong><\/li>\n<\/ol>\n<p>Szczeg\u00f3\u0142owe warunki przyznania pomocy okre\u015bla&nbsp;<strong>\u201eREGULAMIN NABORU WNIOSK\u00d3W O PRZYZNANIE POMOCY NA ROZW\u00d3J POZAROLNICZYCH FUNKCJI MA\u0141YCH GOSPODARSTW ROLNYCH POPRZEZ&nbsp;<\/strong><strong>TWORZENIE ZAGR\u00d3D EDUKACYJNYCH (START ZE)\u201d&nbsp;<\/strong>opublikowany na stronie Lokalnej Grupy Dzia\u0142ania \u201ePartnerstwo Sowiog\u00f3rskie\u201d:&nbsp;<a href=\"https:\/\/partnerstwo-sowiogorskie.pl\/index.php\/nabory\/ogloszenie-o-naborach-konkursy\/start-ze2\/\" target=\"_blank\" rel=\"noopener\">https:\/\/partnerstwo-sowiogorskie.pl\/index.php\/nabory\/ogloszenie-o-naborach-konkursy\/start-ze2\/<\/a><\/p>\n<p><a href=\"https:\/\/partnerstwo-sowiogorskie.pl\/wp-content\/uploads\/2025\/12\/Regulamin_naboru_START_ZE_705433.pdf\" target=\"_blank\" rel=\"noopener\">Regulamin_naboru_START_ZE_705433<\/a><\/p>\n<ol start=\"8\">\n<li><strong>Dane do kontaktu<\/strong><\/li>\n<\/ol>\n<p>Szczeg\u00f3\u0142owe informacje dotycz\u0105ce og\u0142oszonego naboru mo\u017cna uzyska\u0107 w:<\/p>\n<ul>\n<li>siedzibie biura LGD \u201ePartnerstwo Sowiog\u00f3rskie\u201d: ul. Grunwaldzka 26,58-340 G\u0142uszyca<\/li>\n<li>strona internetowa:&nbsp;<a href=\"http:\/\/www.partnerstwo-sowiogorskie.pl\/\">www.partnerstwo-sowiogorskie.pl<\/a>, \u2022 e-mail:&nbsp;<a href=\"mailto:biuro@partnerstwo-sowiogorskie.pl\">biuro@partnerstwo-sowiogorskie.pl<\/a><\/li>\n<li>telefon: tel.; +48 518 855 434; +48 539 972&nbsp;140<\/li>\n<\/ul>\n<h4>*******************************************************************************************************************************<\/h4>\n<p><strong>Wniosek o przyznanie pomocy<\/strong>&nbsp;wraz z biznesplanem, zestawieniem rzeczowo-finansowym, informacj\u0105 o przetwarzaniu danych osobowych oraz wykazem dzia\u0142ek b\u0119d\u0105 generowane automatycznie poprzez system teleinformatyczny ARiMR w trakcie wype\u0142niania wniosku dost\u0119pnego na platformie PUE \u2013&nbsp;<a class=\"newWindow\" title=\"Otwarcie w nowym oknie: Otwarcie w nowym oknie: Otwarcie w nowym oknie\" href=\"https:\/\/www.gov.pl\/web\/arimr\/platforma-uslug-elektronicznych\" target=\"_blank\" rel=\"noopener\">Platforma Us\u0142ug Elektronicznych \u2013 Agencja Restrukturyzacji i Modernizacji Rolnictwa \u2013 Portal Gov.pl<\/a><\/p>\n<p>Instrukcja logowania do PUE&nbsp;<a href=\"https:\/\/partnerstwo-sowiogorskie.pl\/wp-content\/uploads\/2025\/02\/Instrukcja_logowania_PUE.pdf\">&gt;&gt;&gt;pobierz<\/a><\/p>\n<p>Instrukcja wype\u0142niania wniosku o przyznanie pomocy&nbsp;<a class=\"newWindow\" title=\"Otwarcie w nowym oknie: Otwarcie w nowym oknie: Otwarcie w nowym oknie: Otwarcie w nowym oknie: Otwarcie w nowym oknie\" href=\"https:\/\/partnerstwo-sowiogorskie.pl\/wp-content\/uploads\/2025\/01\/Instrukcja-WoPP.pdf\" target=\"_blank\" rel=\"noopener\">&gt;&gt;&gt;pobierz<\/a><\/p>\n<p>Pomocniczy za\u0142\u0105cznik do Instrukcji dla wniosku o przyznanie pomocy \u2013 Katalog przyk\u0142adowych pozwole\u0144, zezwole\u0144, decyzji i innych dokument\u00f3w potwierdzaj\u0105cych<br \/>\nspe\u0142nienie warunk\u00f3w przyznania pomocy wymaganych w zale\u017cno\u015bci od okre\u015blonego we wniosku zakresu wsparcia&nbsp; &nbsp;<a class=\"newWindow\" title=\"Otwarcie w nowym oknie: Otwarcie w nowym oknie: Otwarcie w nowym oknie: Otwarcie w nowym oknie: Otwarcie w nowym oknie\" href=\"https:\/\/partnerstwo-sowiogorskie.pl\/wp-content\/uploads\/2025\/01\/Pomocniczy-zalacznik-do-Instrukcji-do-WoPP.pdf\" target=\"_blank\" rel=\"noopener\">&gt;&gt;&gt;pobierz<\/a><\/p>\n<p>Instrukcja ustanawiania Pe\u0142nomocnik\u00f3w<a class=\"newWindow\" title=\"Otwarcie w nowym oknie: Otwarcie w nowym oknie: Otwarcie w nowym oknie\" href=\"https:\/\/partnerstwo-sowiogorskie.pl\/wp-content\/uploads\/2025\/02\/PUE_Instrukcja_ustanawiania_pelnomocnika-1.pdf\" target=\"_blank\" rel=\"noopener\">&gt;&gt;&gt;pobierz<\/a><\/p>\n<p>Instrukcja powiadomienia SMS&nbsp;<a class=\"newWindow\" title=\"Otwarcie w nowym oknie: Otwarcie w nowym oknie: Otwarcie w nowym oknie\" href=\"https:\/\/partnerstwo-sowiogorskie.pl\/wp-content\/uploads\/2025\/02\/instrukcja_powiadomienia-sms-1.pdf\" target=\"_blank\" rel=\"noopener\">&gt;&gt;&gt;pobierz<\/a><\/p>\n<p>Instrukcja z\u0142o\u017cenia pro\u015bby o przywr\u00f3cenie terminu za po\u015brednictwem Platformy Us\u0142ug Elektronicznych ARiMR w zakresie PS WPR 2023-2027&nbsp;<a class=\"newWindow\" title=\"Otwarcie w nowym oknie: Otwarcie w nowym oknie: Otwarcie w nowym oknie\" href=\"https:\/\/partnerstwo-sowiogorskie.pl\/wp-content\/uploads\/2025\/02\/Instrukcja_zlozenia_prosby_o_przywrocenie_terminu_za_posrednictwem_PUE_ARiMR_w_zakresie_PS_WPR_2023-2027.pdf\" target=\"_blank\" rel=\"noopener\">&gt;&gt;&gt;pobierz<\/a><\/p>\n<p><strong>Za\u0142\u0105czniki do wniosku o przyznanie pomocy:<\/strong><\/p>\n<p>Wykaz za\u0142\u0105cznik\u00f3w do wniosku o przyznanie pomocy<a href=\"https:\/\/partnerstwo-sowiogorskie.pl\/wp-content\/uploads\/2025\/12\/ZAL_2_do_regulaminu_Wykaz_zalacznikow_START_ZE.pdf\" target=\"_blank\" rel=\"noopener\">&gt;&gt;&gt; pobierz<\/a><strong><br \/>\n<\/strong><\/p>\n<p>za\u0142\u0105cznik nr 1 \u2013&nbsp;<a class=\"newWindow\" title=\"Otwarcie w nowym oknie: Otwarcie w nowym oknie: Otwarcie w nowym oknie: Otwarcie w nowym oknie: Otwarcie w nowym oknie\" href=\"https:\/\/partnerstwo-sowiogorskie.pl\/wp-content\/uploads\/2025\/01\/Zalacznik_nr_1-Oswiadczenie-wlasciciela-lub-wspolposiadacza-nieruchomosci.xlsx\" target=\"_blank\" rel=\"noopener\">O\u015bwiadczenie w\u0142a\u015bciciela lub wsp\u00f3\u0142posiadacza nieruchomo\u015bci<\/a><\/p>\n<p>za\u0142\u0105cznik nr 2 \u2013&nbsp;<a class=\"newWindow\" title=\"Otwarcie w nowym oknie: Otwarcie w nowym oknie: Otwarcie w nowym oknie\" href=\"https:\/\/partnerstwo-sowiogorskie.pl\/wp-content\/uploads\/2025\/01\/Zalacznik_nr_2-Oswiadczenie-o-kwalifikowalnosci-VAT.xlsx\" target=\"_blank\" rel=\"noopener\">Za\u0142\u0105cznik_nr_2 O\u015bwiadczenie o kwalifikowalno\u015bci VAT<\/a><\/p>\n<p>za\u0142\u0105cznik nr 3 \u2013&nbsp;<a class=\"newWindow\" title=\"Otwarcie w nowym oknie: Otwarcie w nowym oknie: Otwarcie w nowym oknie: Otwarcie w nowym oknie: Otwarcie w nowym oknie\" href=\"https:\/\/partnerstwo-sowiogorskie.pl\/wp-content\/uploads\/2025\/01\/Zalacznik_nr_3-Szczegolowy-opis-zadan-wymienionych-w-ZRF.xlsx\" target=\"_blank\" rel=\"noopener\">Szczeg\u00f3\u0142owy opis zada\u0144 wymienionych w ZRF<\/a><\/p>\n<p>za\u0142\u0105cznik nr 5 \u2013&nbsp;<a class=\"newWindow\" title=\"Otwarcie w nowym oknie: Otwarcie w nowym oknie: Otwarcie w nowym oknie\" href=\"https:\/\/partnerstwo-sowiogorskie.pl\/wp-content\/uploads\/2025\/01\/Zalacznik_nr_5-Oswiadczenie-malzonka-o-wyrazeniu-zgody-na-zawarcie-umowy.xlsx\" target=\"_blank\" rel=\"noopener\">Za\u0142\u0105cznik_nr_5 O\u015bwiadczenie ma\u0142\u017conka o wyra\u017ceniu zgody na zawarcie umowy<\/a><\/p>\n<p>za\u0142\u0105cznik nr 6 \u2013&nbsp;<a class=\"newWindow\" title=\"Otwarcie w nowym oknie: Otwarcie w nowym oknie\" href=\"https:\/\/partnerstwo-sowiogorskie.pl\/wp-content\/uploads\/2025\/02\/Zalacznik_nr_6-Oswiadczenie-o-niepozostawaniu-w-zwiazku-malzenskim-lub-o-ustanowionej-malzenskiej-rozdzielnosci.docx\" target=\"_blank\" rel=\"noopener\">Za\u0142\u0105cznik_nr_6 O\u015bwiadczenie o niepozostawaniu w zwi\u0105zku ma\u0142\u017ce\u0144skim lub o ustanowionej ma\u0142\u017ce\u0144skiej rozdzielno\u015bci<\/a><\/p>\n<p>za\u0142\u0105cznik nr 13 \u2013&nbsp;<a class=\"newWindow\" title=\"Otwarcie w nowym oknie: Otwarcie w nowym oknie: Otwarcie w nowym oknie\" href=\"https:\/\/partnerstwo-sowiogorskie.pl\/wp-content\/uploads\/2025\/02\/zalacznik_nr_13_Oswiadczenie_RODO_dla_LGD.pdf\" target=\"_blank\" rel=\"noopener\">O\u015bwiadczenie_RODO_dla_LGD<\/a><\/p>\n<p>za\u0142\u0105cznik 35a \u2013 <a href=\"https:\/\/partnerstwo-sowiogorskie.pl\/wp-content\/uploads\/2025\/12\/LKW_opis_projektu_START_ZE_705433.docx\" target=\"_blank\" rel=\"noopener\">LKW_opis_projektu_START_ZE_705433<\/a><\/p>\n<p><strong>Za\u0142\u0105cznik nieobowi\u0105zkowy: przekazywanie informacji dla LGD \u2013<span style=\"color: #ff00ff;\"><a href=\"https:\/\/partnerstwo-sowiogorskie.pl\/wp-content\/uploads\/2025\/12\/Oswiadczenie_zgoda_Start_ZE_7_2026_705433.doc\" target=\"_blank\" rel=\"noopener\">Oswiadczenie_zgoda_Start_ZE_7_2026_705433<\/a><\/span><\/strong><\/p>\n<p><strong>Umowa o przyznaniu pomocy<\/strong><\/p>\n<p>Instrukcja obs\u0142ugi zawierania umowy za po\u015brednictwem Platformy Us\u0142ug Elektronicznych ARiMR w zakresie PS WPR 2023-2027&nbsp;<a class=\"newWindow\" title=\"Otwarcie w nowym oknie: Otwarcie w nowym oknie: Otwarcie w nowym oknie\" href=\"https:\/\/partnerstwo-sowiogorskie.pl\/wp-content\/uploads\/2025\/02\/Instrukcja_obslugi_zawierania_umowy_za_posrednictwem_PUE_ARiMR_w_zakresie_PS_WPR_2023-2027.pdf\" target=\"_blank\" rel=\"noopener\">&gt;&gt;&gt;pobierz<\/a><\/p>\n<p>Umowa o przyznaniu pomocy&nbsp;<a class=\"newWindow\" title=\"Otwarcie w nowym oknie\" href=\"https:\/\/partnerstwo-sowiogorskie.pl\/wp-content\/uploads\/2025\/03\/Zakr_05_umowa_ryczaltZE_ver.1z.pdf\" target=\"_blank\" rel=\"noopener\">&gt;&gt;&gt;pobierz<\/a><\/p>\n<p>Za\u0142\u0105cznik nr 1 \u2013&nbsp;<a class=\"newWindow\" title=\"Otwarcie w nowym oknie: Otwarcie w nowym oknie: Otwarcie w nowym oknie\" href=\"https:\/\/partnerstwo-sowiogorskie.pl\/wp-content\/uploads\/2025\/03\/Zalacznik-nr-1-Biznesplan.docx\" target=\"_blank\" rel=\"noopener\">Za\u0142\u0105cznik nr 1 Biznesplan<\/a><\/p>\n<p>Za\u0142\u0105cznik nr 1 \u2013&nbsp;<a class=\"newWindow\" title=\"Otwarcie w nowym oknie: Otwarcie w nowym oknie: Otwarcie w nowym oknie\" href=\"https:\/\/partnerstwo-sowiogorskie.pl\/wp-content\/uploads\/2025\/03\/Zalacznik-nr-1-Zestawienie-rzeczowo-finansowe.docx\" target=\"_blank\" rel=\"noopener\">Za\u0142\u0105cznik nr 1 Zestawienie rzeczowo \u2013 finansowe<\/a><\/p>\n<p>Za\u0142\u0105cznik nr 2 \u2013&nbsp;<a class=\"newWindow\" title=\"Otwarcie w nowym oknie: Otwarcie w nowym oknie: Otwarcie w nowym oknie\" href=\"https:\/\/partnerstwo-sowiogorskie.pl\/wp-content\/uploads\/2025\/03\/Zalacznik-nr-2-Klauzula-informacyjna-o-przetwarzaniu-danych-osobowych.docx\" target=\"_blank\" rel=\"noopener\">Za\u0142\u0105cznik nr 2 Klauzula informacyjna o przetwarzaniu danych osobowych<\/a><\/p>\n<p>Za\u0142\u0105cznik nr 3 \u2013&nbsp;<a class=\"newWindow\" title=\"Otwarcie w nowym oknie: Otwarcie w nowym oknie: Otwarcie w nowym oknie\" href=\"https:\/\/partnerstwo-sowiogorskie.pl\/wp-content\/uploads\/2025\/03\/Zalacznik-nr-3_-Wykaz-dzialek-na-ktorych-bedzie-realizowana-operacja-trwale-zwiazana-z-nieruchomoscia.xls\" target=\"_blank\" rel=\"noopener\">Za\u0142\u0105cznik nr 3_ Wykaz dzia\u0142ek na kt\u00f3rych b\u0119dzie realizowana operacja trwale zwi\u0105zana z nieruchomo\u015bci\u0105<\/a><\/p>\n<p>&nbsp;<\/p>\n","protected":false},"excerpt":{"rendered":"<p>Rozw\u00f3j pozarolniczych funkcji ma\u0142ych gospodarstw rolnych poprzez tworzenie zagr\u00f3d edukacyjnych (start ZE) OGLOSZENIE_7_2026_START_ZE_19122025_705433 &gt;&gt;&gt; pobierz OG\u0141OSZENIE O NABORZE&nbsp; Nr 7\/2026 z dnia 19.12.2025r. do naboru nr 705433 &nbsp;Lokalna Grupa Dzia\u0142ania [&hellip;]<\/p>\n","protected":false},"author":6,"featured_media":0,"parent":10667,"menu_order":0,"comment_status":"closed","ping_status":"closed","template":"","meta":{"ngg_post_thumbnail":0,"_price":"","_stock":"","_tribe_ticket_header":"","_tribe_default_ticket_provider":"","_ticket_start_date":"","_ticket_end_date":"","_tribe_ticket_show_description":"","_tribe_ticket_show_not_going":false,"_tribe_ticket_use_global_stock":"","_tribe_ticket_global_stock_level":"","_global_stock_mode":"","_global_stock_cap":"","_tribe_rsvp_for_event":"","_tribe_ticket_going_count":"","_tribe_ticket_not_going_count":"","_tribe_tickets_list":"[]","_tribe_ticket_has_attendee_info_fields":false,"footnotes":"","_tec_slr_enabled":"","_tec_slr_layout":""},"class_list":["post-11707","page","type-page","status-publish","hentry"],"rttpg_featured_image_url":null,"rttpg_author":{"display_name":"Iweta G\u0142\u00f3d","author_link":"https:\/\/partnerstwo-sowiogorskie.pl\/index.php\/author\/iglod\/"},"rttpg_comment":0,"rttpg_category":null,"rttpg_excerpt":"Rozw\u00f3j pozarolniczych funkcji ma\u0142ych gospodarstw rolnych poprzez tworzenie zagr\u00f3d edukacyjnych (start ZE) OGLOSZENIE_7_2026_START_ZE_19122025_705433 &gt;&gt;&gt; pobierz OG\u0141OSZENIE O NABORZE&nbsp; Nr 7\/2026 z dnia 19.12.2025r. do naboru nr 705433 &nbsp;Lokalna Grupa Dzia\u0142ania [&hellip;]","ticketed":false,"_links":{"self":[{"href":"https:\/\/partnerstwo-sowiogorskie.pl\/index.php\/wp-json\/wp\/v2\/pages\/11707","targetHints":{"allow":["GET"]}}],"collection":[{"href":"https:\/\/partnerstwo-sowiogorskie.pl\/index.php\/wp-json\/wp\/v2\/pages"}],"about":[{"href":"https:\/\/partnerstwo-sowiogorskie.pl\/index.php\/wp-json\/wp\/v2\/types\/page"}],"author":[{"embeddable":true,"href":"https:\/\/partnerstwo-sowiogorskie.pl\/index.php\/wp-json\/wp\/v2\/users\/6"}],"replies":[{"embeddable":true,"href":"https:\/\/partnerstwo-sowiogorskie.pl\/index.php\/wp-json\/wp\/v2\/comments?post=11707"}],"version-history":[{"count":8,"href":"https:\/\/partnerstwo-sowiogorskie.pl\/index.php\/wp-json\/wp\/v2\/pages\/11707\/revisions"}],"predecessor-version":[{"id":11996,"href":"https:\/\/partnerstwo-sowiogorskie.pl\/index.php\/wp-json\/wp\/v2\/pages\/11707\/revisions\/11996"}],"up":[{"embeddable":true,"href":"https:\/\/partnerstwo-sowiogorskie.pl\/index.php\/wp-json\/wp\/v2\/pages\/10667"}],"wp:attachment":[{"href":"https:\/\/partnerstwo-sowiogorskie.pl\/index.php\/wp-json\/wp\/v2\/media?parent=11707"}],"curies":[{"name":"wp","href":"https:\/\/api.w.org\/{rel}","templated":true}]}}