{"id":11694,"date":"2025-10-17T07:46:07","date_gmt":"2025-10-17T06:46:07","guid":{"rendered":"https:\/\/partnerstwo-sowiogorskie.pl\/?page_id=11694"},"modified":"2025-10-23T10:53:08","modified_gmt":"2025-10-23T09:53:08","slug":"harmonogram-naborow-umwd-i-arimr","status":"publish","type":"page","link":"https:\/\/partnerstwo-sowiogorskie.pl\/index.php\/nabory\/harmonogram-naborow-umwd-i-arimr\/","title":{"rendered":"Harmonogram nabor\u00f3w UMWD"},"content":{"rendered":"<p>HARMONOGRAM planowanych przez Samorz\u0105d Wojew\u00f3dztwa Dolno\u015bl\u0105skiego nabor\u00f3w wniosk\u00f3w o przyznanie pomocy dost\u0119pny jest na stronie <strong>Urz\u0119du Marsza\u0142kowskiego Wojew\u00f3dztwa Dolno\u015bl\u0105skiego: https:\/\/umwd.dolnyslask.pl\/obszarywiejskie\/aktualnosci-wydzial-obszarow-wiejskich<\/strong><\/p>\n<p>Link do harmonogramu: <a href=\"https:\/\/umwd.dolnyslask.pl\/obszarywiejskie\/ps-wpr-2023-2027\/aktualnosci-ps-wpr-2023-2027\" target=\"_blank\" rel=\"noopener\">&gt;&gt;&gt;&gt;&gt;&nbsp;<\/a><\/p>\n<p>&nbsp;<\/p>\n","protected":false},"excerpt":{"rendered":"<p>HARMONOGRAM planowanych przez Samorz\u0105d Wojew\u00f3dztwa Dolno\u015bl\u0105skiego nabor\u00f3w wniosk\u00f3w o przyznanie pomocy dost\u0119pny jest na stronie Urz\u0119du Marsza\u0142kowskiego Wojew\u00f3dztwa Dolno\u015bl\u0105skiego: https:\/\/umwd.dolnyslask.pl\/obszarywiejskie\/aktualnosci-wydzial-obszarow-wiejskich Link do harmonogramu: &gt;&gt;&gt;&gt;&gt;&nbsp; &nbsp;<\/p>\n","protected":false},"author":6,"featured_media":0,"parent":10234,"menu_order":0,"comment_status":"closed","ping_status":"closed","template":"","meta":{"ngg_post_thumbnail":0,"_price":"","_stock":"","_tribe_ticket_header":"","_tribe_default_ticket_provider":"","_ticket_start_date":"","_ticket_end_date":"","_tribe_ticket_show_description":"","_tribe_ticket_show_not_going":false,"_tribe_ticket_use_global_stock":"","_tribe_ticket_global_stock_level":"","_global_stock_mode":"","_global_stock_cap":"","_tribe_rsvp_for_event":"","_tribe_ticket_going_count":"","_tribe_ticket_not_going_count":"","_tribe_tickets_list":"[]","_tribe_ticket_has_attendee_info_fields":false,"footnotes":"","_tec_slr_enabled":"","_tec_slr_layout":""},"class_list":["post-11694","page","type-page","status-publish","hentry"],"rttpg_featured_image_url":null,"rttpg_author":{"display_name":"Iweta G\u0142\u00f3d","author_link":"https:\/\/partnerstwo-sowiogorskie.pl\/index.php\/author\/iglod\/"},"rttpg_comment":0,"rttpg_category":null,"rttpg_excerpt":"HARMONOGRAM planowanych przez Samorz\u0105d Wojew\u00f3dztwa Dolno\u015bl\u0105skiego nabor\u00f3w wniosk\u00f3w o przyznanie pomocy dost\u0119pny jest na stronie Urz\u0119du Marsza\u0142kowskiego Wojew\u00f3dztwa Dolno\u015bl\u0105skiego: https:\/\/umwd.dolnyslask.pl\/obszarywiejskie\/aktualnosci-wydzial-obszarow-wiejskich Link do harmonogramu: &gt;&gt;&gt;&gt;&gt;&nbsp; &nbsp;","ticketed":false,"_links":{"self":[{"href":"https:\/\/partnerstwo-sowiogorskie.pl\/index.php\/wp-json\/wp\/v2\/pages\/11694","targetHints":{"allow":["GET"]}}],"collection":[{"href":"https:\/\/partnerstwo-sowiogorskie.pl\/index.php\/wp-json\/wp\/v2\/pages"}],"about":[{"href":"https:\/\/partnerstwo-sowiogorskie.pl\/index.php\/wp-json\/wp\/v2\/types\/page"}],"author":[{"embeddable":true,"href":"https:\/\/partnerstwo-sowiogorskie.pl\/index.php\/wp-json\/wp\/v2\/users\/6"}],"replies":[{"embeddable":true,"href":"https:\/\/partnerstwo-sowiogorskie.pl\/index.php\/wp-json\/wp\/v2\/comments?post=11694"}],"version-history":[{"count":4,"href":"https:\/\/partnerstwo-sowiogorskie.pl\/index.php\/wp-json\/wp\/v2\/pages\/11694\/revisions"}],"predecessor-version":[{"id":11720,"href":"https:\/\/partnerstwo-sowiogorskie.pl\/index.php\/wp-json\/wp\/v2\/pages\/11694\/revisions\/11720"}],"up":[{"embeddable":true,"href":"https:\/\/partnerstwo-sowiogorskie.pl\/index.php\/wp-json\/wp\/v2\/pages\/10234"}],"wp:attachment":[{"href":"https:\/\/partnerstwo-sowiogorskie.pl\/index.php\/wp-json\/wp\/v2\/media?parent=11694"}],"curies":[{"name":"wp","href":"https:\/\/api.w.org\/{rel}","templated":true}]}}