{"id":11620,"date":"2025-09-15T11:31:37","date_gmt":"2025-09-15T10:31:37","guid":{"rendered":"https:\/\/partnerstwo-sowiogorskie.pl\/?page_id=11620"},"modified":"2025-12-19T09:23:30","modified_gmt":"2025-12-19T08:23:30","slug":"6_jsfp","status":"publish","type":"page","link":"https:\/\/partnerstwo-sowiogorskie.pl\/index.php\/nabory\/ogloszenie-o-naborach-konkursy\/6_jsfp\/","title":{"rendered":"Konkurs 6_2026 JSFP"},"content":{"rendered":"<p><strong>POPRAWA DOST\u0118PU DO MA\u0141EJ INFRASTRUKTURY PUBLICZNEJ&nbsp; &nbsp; &nbsp;<\/strong><\/p>\n<p>OGLOSZENIE_6_2026_JSFP_19122025_704794 <a href=\"https:\/\/partnerstwo-sowiogorskie.pl\/wp-content\/uploads\/2025\/12\/OGLOSZENIE_6_2026_JSFP_19122025_704794.pdf\" target=\"_blank\" rel=\"noopener\">&gt;&gt;&gt; pobierz<\/a><\/p>\n<p style=\"text-align: center;\"><strong>OG\u0141OSZENIE O NABORZE&nbsp;<\/strong><strong>Nr 6\/2026 z dnia 19.12.2025r. do naboru nr 704794<\/strong><\/p>\n<p><strong>&nbsp;<\/strong><strong>&nbsp;Lokalna Grupa Dzia\u0142ania \u201ePartnerstwo Sowiog\u00f3rskie\u201d dzia\u0142aj\u0105ca na terenie gmin:&nbsp;<\/strong><strong>&nbsp;G\u0142uszyca, Jedlina Zdr\u00f3j, Nowa Ruda, Pieszyce, Walim<\/strong><\/p>\n<p><strong>og\u0142asza nab\u00f3r wniosk\u00f3w o przyznanie pomocy&nbsp;<\/strong>w ramach wdra\u017cania &nbsp;Lokalnej Strategii Rozwoju realizowanej przez LGD \u201ePartnerstwo Sowiog\u00f3rskie\u201d w ramach Planu Strategicznego dla Wsp\u00f3lnej Polityki Rolnej na lata 2023\u20132027 dla interwencji I.13.1 LEADER\/Rozw\u00f3j Lokalny Kierowany przez Spo\u0142eczno\u015b\u0107 (RLKS) \u2013 komponent wdra\u017canie LSR<\/p>\n<p>ZAKRES:&nbsp;<strong>Poprawa dost\u0119pu do ma\u0142ej infrastruktury publicznej<\/strong><\/p>\n<ol>\n<li><strong>Nazwa podmiotu w\u0142a\u015bciwego dla przeprowadzenia naboru i oceny wniosk\u00f3w<\/strong><\/li>\n<\/ol>\n<p>&nbsp; &nbsp; &nbsp; &nbsp; &nbsp; &nbsp;Lokalna Grupa Dzia\u0142ania \u201ePartnerstwo Sowiog\u00f3rskie\u201d<\/p>\n<ol start=\"2\">\n<li><strong>Nazwa podmiotu w\u0142a\u015bciwego w sprawie o przyznanie pomocy i zawarcia umowy<\/strong><\/li>\n<\/ol>\n<p>&nbsp; &nbsp; &nbsp; &nbsp; &nbsp; &nbsp;Urz\u0105d Marsza\u0142kowski Wojew\u00f3dztwa Dolno\u015bl\u0105skiego<\/p>\n<ol start=\"3\">\n<li><strong>Nazwa podmiotu w\u0142a\u015bciwego w sprawie wyp\u0142aty pomocy i obs\u0142ugi systemu IT<\/strong><\/li>\n<\/ol>\n<p>&nbsp; &nbsp; &nbsp; &nbsp; &nbsp; &nbsp;Agencja Restrukturyzacji i Modernizacji Rolnictwa<\/p>\n<ol start=\"4\">\n<li><strong>Przedmiot naboru wniosk\u00f3w o przyznanie pomocy<\/strong><\/li>\n<\/ol>\n<p>&nbsp; &nbsp; &nbsp; &nbsp; &nbsp; &nbsp;Przedmiotem naboru wniosk\u00f3w s\u0105 operacje z zakresu \u201cPoprawa dost\u0119pu do ma\u0142ej infrastruktury publicznej\u201d, z uwzgl\u0119dnieniem dzia\u0142a\u0144 proklimatycznych.<\/p>\n<ol start=\"5\">\n<li><strong>Podmioty uprawnione do ubiegania si\u0119 o przyznanie pomocy<\/strong><\/li>\n<\/ol>\n<p>&nbsp; &nbsp; &nbsp; &nbsp; &nbsp; &nbsp;O pomoc ubiega\u0107 si\u0119 mog\u0105&nbsp;<strong>wy\u0142\u0105cznie osoby prawne b\u0119d\u0105ce JSFP,&nbsp;<\/strong>posiadaj\u0105ce numer EP<\/p>\n<ol start=\"6\">\n<li><strong>Termin, miejsce i forma sk\u0142adania wniosk\u00f3w<\/strong><\/li>\n<\/ol>\n<p>&nbsp; &nbsp; &nbsp; &nbsp; &nbsp; &nbsp;1) Wnioski o przyznanie pomocy mo\u017cna sk\u0142ada\u0107 w terminie: <strong>02.01.2026r.&nbsp;<\/strong>\u2013 &nbsp;<strong>16.01.2026r.&nbsp; &nbsp; &nbsp;&nbsp;<br \/>\n<\/strong>&nbsp; &nbsp; &nbsp; &nbsp; &nbsp; &nbsp;2) Wnioski o przyznanie pomocy mo\u017cna sk\u0142ada\u0107&nbsp;<strong>wy\u0142\u0105cznie drog\u0105 elektroniczn\u0105&nbsp;<\/strong>za pomoc\u0105 systemu teleinformatycznego Agencji Restrukturyzacji<br \/>\n&nbsp; &nbsp; &nbsp; &nbsp; &nbsp; &nbsp; &nbsp; &nbsp; i Modernizacji Rolnictwa (ARiMR), poprzez Platform\u0119 Us\u0142ug Elektronicznych ARiMR (PUE) link do strony:&nbsp;<a href=\"https:\/\/epue.arimr.gov.pl\/pl\/strona-glowna\">https:\/\/epue.arimr.gov.pl\/pl\/strona-glowna<\/a><\/p>\n<ol start=\"7\">\n<li><strong>Miejsce publikacji regulaminu naboru wniosk\u00f3w o wsparcie<\/strong><\/li>\n<\/ol>\n<p>Szczeg\u00f3\u0142owe warunki przyznania pomocy okre\u015bla <a href=\"https:\/\/partnerstwo-sowiogorskie.pl\/wp-content\/uploads\/2025\/12\/Regulamin_naboru_JSFP_704794.pdf\" target=\"_blank\" rel=\"noopener\">\u201eREGULAMIN NABORU WNIOSK\u00d3W O PRZYZNANIE POMOCY POPRAWA DOST\u0118PU DO MA\u0141EJ INFRASTRUKTURY PUBLICZNEJ\u201d<\/a><span style=\"color: #ff6600;\"><strong>&nbsp;<\/strong><\/span>opublikowany na stronie Lokalnej Grupy Dzia\u0142ania \u201ePartnerstwo Sowiog\u00f3rskie\u201d:<\/p>\n<p><a href=\"https:\/\/partnerstwo-sowiogorskie.pl\/index.php\/nabory\/ogloszenie-o-naborach-konkursy\/6_jsfp\/\" target=\"_blank\" rel=\"noopener\">https:\/\/partnerstwo-sowiogorskie.pl\/index.php\/nabory\/ogloszenie-o-naborach-konkursy\/6_jsfp\/<\/a><\/p>\n<ol start=\"8\">\n<li><strong>Dane do kontaktu<\/strong><\/li>\n<\/ol>\n<p>Szczeg\u00f3\u0142owe informacje dotycz\u0105ce og\u0142oszonego naboru mo\u017cna uzyska\u0107 w:<\/p>\n<ul>\n<li>siedzibie biura LGD \u201ePartnerstwo Sowiog\u00f3rskie\u201d: ul. Grunwaldzka 26,58-340 G\u0142uszyca<\/li>\n<li>strona internetowa:&nbsp;<a href=\"http:\/\/www.partnerstwo-sowiogorskie.pl\/\">www.partnerstwo-sowiogorskie.pl\/<\/a>, \u2022 e-mail:&nbsp;<a href=\"mailto:biuro@partnerstwo-sowiogorskie.pl\">biuro@partnerstwo-sowiogorskie.pl<\/a><\/li>\n<li>telefon: tel.; +48 518 855 434; +48 539 972 140<br \/>\n************************************************************************************************************************************************************************************<\/li>\n<\/ul>\n<p><strong>Wniosek o przyznanie pomocy<\/strong>&nbsp;wraz z zestawieniem rzeczowo-finansowym, informacj\u0105 o przetwarzaniu danych osobowych oraz wykazem dzia\u0142ek b\u0119d\u0105 generowane automatycznie poprzez system teleinformatyczny ARiMR w trakcie wype\u0142niania wniosku dost\u0119pnego na platformie PUE \u2013&nbsp;<a href=\"https:\/\/www.gov.pl\/web\/arimr\/platforma-uslug-elektronicznych\" target=\"_blank\" rel=\"noopener\">Platforma Us\u0142ug Elektronicznych \u2013 Agencja Restrukturyzacji i Modernizacji Rolnictwa \u2013 Portal Gov.pl<\/a><\/p>\n<p>Instrukcja logowania do PUE&nbsp;<a href=\"https:\/\/partnerstwo-sowiogorskie.pl\/wp-content\/uploads\/2025\/02\/Instrukcja_logowania_PUE.pdf\" target=\"_blank\" rel=\"noopener\">&gt;&gt;&gt;pobierz<\/a><\/p>\n<p>Instrukcja wype\u0142niania wniosku o przyznanie pomocy&nbsp;<a class=\"newWindow\" title=\"Otwarcie w nowym oknie: Otwarcie w nowym oknie\" href=\"https:\/\/partnerstwo-sowiogorskie.pl\/wp-content\/uploads\/2025\/01\/Instrukcja-WoPP.pdf\" target=\"_blank\" rel=\"noopener\">&gt;&gt;&gt;pobierz<\/a><\/p>\n<p>Pomocniczy za\u0142\u0105cznik do Instrukcji dla wniosku o przyznanie pomocy \u2013 Katalog przyk\u0142adowych pozwole\u0144, zezwole\u0144, decyzji i innych dokument\u00f3w potwierdzaj\u0105cych<br \/>\nspe\u0142nienie warunk\u00f3w przyznania pomocy wymaganych w zale\u017cno\u015bci od okre\u015blonego we wniosku zakresu wsparcia&nbsp; &nbsp;<a class=\"newWindow\" title=\"Otwarcie w nowym oknie: Otwarcie w nowym oknie\" href=\"https:\/\/partnerstwo-sowiogorskie.pl\/wp-content\/uploads\/2025\/01\/Pomocniczy-zalacznik-do-Instrukcji-do-WoPP.pdf\" target=\"_blank\" rel=\"noopener\">&gt;&gt;&gt;pobierz&nbsp;&nbsp;<\/a><\/p>\n<p>Instrukcja ustanawiania Pe\u0142nomocnik\u00f3w<a href=\"https:\/\/partnerstwo-sowiogorskie.pl\/wp-content\/uploads\/2025\/02\/PUE_Instrukcja_ustanawiania_pelnomocnika-1.pdf\" target=\"_blank\" rel=\"noopener\">&gt;&gt;&gt;pobierz<\/a><\/p>\n<p>Instrukcja powiadomienia SMS&nbsp;<a href=\"https:\/\/partnerstwo-sowiogorskie.pl\/wp-content\/uploads\/2025\/02\/instrukcja_powiadomienia-sms-1.pdf\" target=\"_blank\" rel=\"noopener\">&gt;&gt;&gt;pobierz<\/a><\/p>\n<p>Instrukcja z\u0142o\u017cenia pro\u015bby o przywr\u00f3cenie terminu za po\u015brednictwem Platformy Us\u0142ug Elektronicznych ARiMR w zakresie PS WPR 2023-2027&nbsp;<a href=\"https:\/\/partnerstwo-sowiogorskie.pl\/wp-content\/uploads\/2025\/02\/Instrukcja_zlozenia_prosby_o_przywrocenie_terminu_za_posrednictwem_PUE_ARiMR_w_zakresie_PS_WPR_2023-2027.pdf\" target=\"_blank\" rel=\"noopener\">&gt;&gt;&gt;pobierz<\/a><\/p>\n<p><strong>Za\u0142\u0105czniki do wniosku o przyznanie pomocy:<\/strong><\/p>\n<p>Wykaz za\u0142\u0105cznik\u00f3w do wniosku o przyznanie pomocy <a href=\"https:\/\/partnerstwo-sowiogorskie.pl\/wp-content\/uploads\/2025\/12\/ZAL_2_do_regulaminu_Wykaz_zalacznikow_JSFP.pdf\" target=\"_blank\" rel=\"noopener\">&gt;&gt;&gt; pobierz<\/a><strong><br \/>\n<\/strong><\/p>\n<p>za\u0142\u0105cznik nr 1 \u2013<a class=\"newWindow\" title=\"Otwarcie w nowym oknie: Otwarcie w nowym oknie\" href=\"https:\/\/partnerstwo-sowiogorskie.pl\/wp-content\/uploads\/2025\/01\/Zalacznik_nr_1-Oswiadczenie-wlasciciela-lub-wspolposiadacza-nieruchomosci.xlsx\" target=\"_blank\" rel=\"noopener\">O\u015bwiadczenie w\u0142a\u015bciciela lub wsp\u00f3\u0142posiadacza nieruchomo\u015bci<\/a><\/p>\n<p>za\u0142\u0105cznik nr 2 \u2013&nbsp;<a class=\"newWindow\" title=\"Otwarcie w nowym oknie: Otwarcie w nowym oknie\" href=\"https:\/\/partnerstwo-sowiogorskie.pl\/wp-content\/uploads\/2025\/01\/Zalacznik_nr_2-Oswiadczenie-o-kwalifikowalnosci-VAT.xlsx\" target=\"_blank\" rel=\"noopener\">O\u015bwiadczenie o kwalifikowalno\u015bci VAT<\/a><\/p>\n<p>za\u0142\u0105cznik nr 3 \u2013&nbsp;<a class=\"newWindow\" title=\"Otwarcie w nowym oknie: Otwarcie w nowym oknie\" href=\"https:\/\/partnerstwo-sowiogorskie.pl\/wp-content\/uploads\/2025\/01\/Zalacznik_nr_3-Szczegolowy-opis-zadan-wymienionych-w-ZRF.xlsx\" target=\"_blank\" rel=\"noopener\">Szczeg\u00f3\u0142owy opis zada\u0144 wymienionych w ZRF<\/a><\/p>\n<p>za\u0142\u0105cznik nr 8 \u2013 <a href=\"https:\/\/partnerstwo-sowiogorskie.pl\/wp-content\/uploads\/2025\/12\/zalacznik_nr_8-do-WOPP-niekomercyjnosc_WoPP_13.1-002.xlsx\" target=\"_blank\" rel=\"noopener\">WOPP niekomercyjno\u015b\u0107_WoPP_13.1 (002)<\/a><\/p>\n<p>za\u0142\u0105cznik nr 13 \u2013&nbsp;<a href=\"https:\/\/partnerstwo-sowiogorskie.pl\/wp-content\/uploads\/2025\/02\/zalacznik_nr_13_Oswiadczenie_RODO_dla_LGD.pdf\" target=\"_blank\" rel=\"noopener\">O\u015bwiadczenie_RODO_dla_LGD<\/a><\/p>\n<p>za\u0142\u0105cznik 35a \u2013<span style=\"color: #ff6600;\"> <a href=\"https:\/\/partnerstwo-sowiogorskie.pl\/wp-content\/uploads\/2025\/12\/LKW_opis_projektu_JSFP_704794.docx\" target=\"_blank\" rel=\"noopener\">LKW_opis_projektu_JSFP_704794<\/a><\/span><\/p>\n<p>Za\u0142\u0105cznik 35 b &#8211; przekazywanie informacji dla LGD \u2013 <a href=\"https:\/\/partnerstwo-sowiogorskie.pl\/wp-content\/uploads\/2025\/12\/Oswiadczenie_zgoda_JSFP_6_2026_704794.doc\" target=\"_blank\" rel=\"noopener\">Oswiadczenie_zgoda_JSFP_6_2026_704794<\/a><\/p>\n<p><strong>Umowa o przyznaniu pomocy<\/strong><\/p>\n<p>Instrukcja obs\u0142ugi zawierania umowy za po\u015brednictwem Platformy Us\u0142ug Elektronicznych ARiMR w zakresie PS WPR 2023-2027&nbsp;<a href=\"https:\/\/partnerstwo-sowiogorskie.pl\/wp-content\/uploads\/2025\/02\/Instrukcja_obslugi_zawierania_umowy_za_posrednictwem_PUE_ARiMR_w_zakresie_PS_WPR_2023-2027.pdf\" target=\"_blank\" rel=\"noopener\">&gt;&gt;&gt;pobierz<\/a><\/p>\n<p>Umowa o przyznaniu pomocy&nbsp;<a class=\"newWindow\" title=\"Otwarcie w nowym oknie: Otwarcie w nowym oknie\" href=\"https:\/\/partnerstwo-sowiogorskie.pl\/wp-content\/uploads\/2025\/01\/Umowa_zal_nr_1_do_regulaminu_naboru.pdf\" target=\"_blank\" rel=\"noopener\">&gt;&gt;&gt;pobierz<\/a><\/p>\n<p>za\u0142\u0105cznik nr 1 \u2013&nbsp;<a class=\"newWindow\" title=\"Otwarcie w nowym oknie: Otwarcie w nowym oknie\" href=\"https:\/\/partnerstwo-sowiogorskie.pl\/wp-content\/uploads\/2025\/01\/Zalacznik-nr-1-Zestawienie-rzeczowo-finansowe.docx\" target=\"_blank\" rel=\"noopener\">Za\u0142\u0105cznik nr 1 Zestawienie rzeczowo \u2013 finansowe<\/a><\/p>\n<p>za\u0142\u0105cznik nr 2 \u2013&nbsp;<a class=\"newWindow\" title=\"Otwarcie w nowym oknie: Otwarcie w nowym oknie\" href=\"https:\/\/partnerstwo-sowiogorskie.pl\/wp-content\/uploads\/2025\/01\/Zalacznik-nr-2-Klauzula-informacyjna-o-przetwarzaniu-danych-osobowych.docx\" target=\"_blank\" rel=\"noopener\">Za\u0142\u0105cznik nr 2 Klauzula informacyjna o przetwarzaniu danych osobowych<\/a><\/p>\n<p>za\u0142\u0105cznik nr 3 \u2013&nbsp;<a class=\"newWindow\" title=\"Otwarcie w nowym oknie: Otwarcie w nowym oknie\" href=\"https:\/\/partnerstwo-sowiogorskie.pl\/wp-content\/uploads\/2025\/01\/Zalacznik-nr-3_-Wykaz-dzialek-na-ktorych-bedzie-realizowana-operacja-trwale-zwiazana-z-nieruchomoscia.xls\" target=\"_blank\" rel=\"noopener\">Za\u0142\u0105cznik nr 3_ Wykaz dzia\u0142ek na kt\u00f3rych b\u0119dzie realizowana operacja trwale zwi\u0105zana z nieruchomo\u015bci\u0105<\/a><\/p>\n","protected":false},"excerpt":{"rendered":"<p>POPRAWA DOST\u0118PU DO MA\u0141EJ INFRASTRUKTURY PUBLICZNEJ&nbsp; &nbsp; &nbsp; OGLOSZENIE_6_2026_JSFP_19122025_704794 &gt;&gt;&gt; pobierz OG\u0141OSZENIE O NABORZE&nbsp;Nr 6\/2026 z dnia 19.12.2025r. do naboru nr 704794 &nbsp;&nbsp;Lokalna Grupa Dzia\u0142ania \u201ePartnerstwo Sowiog\u00f3rskie\u201d dzia\u0142aj\u0105ca na terenie [&hellip;]<\/p>\n","protected":false},"author":6,"featured_media":0,"parent":10667,"menu_order":0,"comment_status":"closed","ping_status":"closed","template":"","meta":{"ngg_post_thumbnail":0,"_price":"","_stock":"","_tribe_ticket_header":"","_tribe_default_ticket_provider":"","_ticket_start_date":"","_ticket_end_date":"","_tribe_ticket_show_description":"","_tribe_ticket_show_not_going":false,"_tribe_ticket_use_global_stock":"","_tribe_ticket_global_stock_level":"","_global_stock_mode":"","_global_stock_cap":"","_tribe_rsvp_for_event":"","_tribe_ticket_going_count":"","_tribe_ticket_not_going_count":"","_tribe_tickets_list":"[]","_tribe_ticket_has_attendee_info_fields":false,"footnotes":"","_tec_slr_enabled":"","_tec_slr_layout":""},"class_list":["post-11620","page","type-page","status-publish","hentry"],"rttpg_featured_image_url":null,"rttpg_author":{"display_name":"Iweta G\u0142\u00f3d","author_link":"https:\/\/partnerstwo-sowiogorskie.pl\/index.php\/author\/iglod\/"},"rttpg_comment":0,"rttpg_category":null,"rttpg_excerpt":"POPRAWA DOST\u0118PU DO MA\u0141EJ INFRASTRUKTURY PUBLICZNEJ&nbsp; &nbsp; &nbsp; OGLOSZENIE_6_2026_JSFP_19122025_704794 &gt;&gt;&gt; pobierz OG\u0141OSZENIE O NABORZE&nbsp;Nr 6\/2026 z dnia 19.12.2025r. do naboru nr 704794 &nbsp;&nbsp;Lokalna Grupa Dzia\u0142ania \u201ePartnerstwo Sowiog\u00f3rskie\u201d dzia\u0142aj\u0105ca na terenie [&hellip;]","ticketed":false,"_links":{"self":[{"href":"https:\/\/partnerstwo-sowiogorskie.pl\/index.php\/wp-json\/wp\/v2\/pages\/11620","targetHints":{"allow":["GET"]}}],"collection":[{"href":"https:\/\/partnerstwo-sowiogorskie.pl\/index.php\/wp-json\/wp\/v2\/pages"}],"about":[{"href":"https:\/\/partnerstwo-sowiogorskie.pl\/index.php\/wp-json\/wp\/v2\/types\/page"}],"author":[{"embeddable":true,"href":"https:\/\/partnerstwo-sowiogorskie.pl\/index.php\/wp-json\/wp\/v2\/users\/6"}],"replies":[{"embeddable":true,"href":"https:\/\/partnerstwo-sowiogorskie.pl\/index.php\/wp-json\/wp\/v2\/comments?post=11620"}],"version-history":[{"count":22,"href":"https:\/\/partnerstwo-sowiogorskie.pl\/index.php\/wp-json\/wp\/v2\/pages\/11620\/revisions"}],"predecessor-version":[{"id":11881,"href":"https:\/\/partnerstwo-sowiogorskie.pl\/index.php\/wp-json\/wp\/v2\/pages\/11620\/revisions\/11881"}],"up":[{"embeddable":true,"href":"https:\/\/partnerstwo-sowiogorskie.pl\/index.php\/wp-json\/wp\/v2\/pages\/10667"}],"wp:attachment":[{"href":"https:\/\/partnerstwo-sowiogorskie.pl\/index.php\/wp-json\/wp\/v2\/media?parent=11620"}],"curies":[{"name":"wp","href":"https:\/\/api.w.org\/{rel}","templated":true}]}}