{"id":11181,"date":"2025-01-24T10:56:11","date_gmt":"2025-01-24T09:56:11","guid":{"rendered":"https:\/\/partnerstwo-sowiogorskie.pl\/?page_id=11181"},"modified":"2025-04-07T08:42:42","modified_gmt":"2025-04-07T07:42:42","slug":"konkurs-3_2025-rozwoj-dg","status":"publish","type":"page","link":"https:\/\/partnerstwo-sowiogorskie.pl\/index.php\/nabory\/ogloszenie-o-naborach-konkursy\/konkurs-3_2025-rozwoj-dg\/","title":{"rendered":"Konkurs 3_2025 Rozw\u00f3j DG"},"content":{"rendered":"<h4><strong>Rozw\u00f3j przedsi\u0119biorczo\u015bci poprzez rozwijanie pozarolniczej dzia\u0142alno\u015bci gospodarczej (Rozw\u00f3j DG)&nbsp;<\/strong><\/h4>\n<p style=\"text-align: left;\"><strong><a href=\"https:\/\/partnerstwo-sowiogorskie.pl\/wp-content\/uploads\/2025\/04\/OGLOSZENIE_3_2025_Rozwoj_DG_07042025_415968.docx\" target=\"_blank\" rel=\"noopener\">OGLOSZENIE_3_2025_Rozw\u00f3j_DG_07042025_415968 pobierz &gt;&gt;&gt;<\/a><\/strong><\/p>\n<p style=\"text-align: center;\"><strong>OG\u0141OSZENIE O NABORZE&nbsp;<br \/>\n<\/strong><strong>Nr 3\/2025 z dnia 07.04.2025r. do naboru nr 415968<\/strong><\/p>\n<p style=\"text-align: center;\"><strong>&nbsp;<\/strong><strong>&nbsp;<\/strong><strong>Lokalna Grupa Dzia\u0142ania \u201ePartnerstwo Sowiog\u00f3rskie\u201d dzia\u0142aj\u0105ca na terenie gmin:&nbsp;<br \/>\n<\/strong><strong>&nbsp;G\u0142uszyca, Jedlina Zdr\u00f3j, Gmina Nowa Ruda, Pieszyce, Walim <\/strong><\/p>\n<p style=\"text-align: center;\"><strong>og\u0142asza nab\u00f3r wniosk\u00f3w o przyznanie pomocy&nbsp;<\/strong>w ramach wdra\u017cania &nbsp;Lokalnej Strategii Rozwoju realizowanej przez LGD \u201ePartnerstwo Sowiog\u00f3rskie\u201d w ramach Planu Strategicznego dla Wsp\u00f3lnej Polityki Rolnej na lata 2023\u20132027 dla interwencji I.13.1 LEADER\/Rozw\u00f3j Lokalny Kierowany przez Spo\u0142eczno\u015b\u0107 (RLKS) \u2013 komponent wdra\u017canie LSR<\/p>\n<p>ZAKRES: <strong>Rozw\u00f3j przedsi\u0119biorczo\u015bci poprzez rozwijanie pozarolniczej dzia\u0142alno\u015bci gospodarczej (Rozw\u00f3j DG)<\/strong><strong>&nbsp;<\/strong><\/p>\n<ol>\n<li><strong> Nazwa podmiotu w\u0142a\u015bciwego dla przeprowadzenia naboru i oceny wniosk\u00f3w<\/strong><\/li>\n<\/ol>\n<p>&nbsp; &nbsp; &nbsp; &nbsp; &nbsp; &nbsp; Lokalna Grupa Dzia\u0142ania \u201ePartnerstwo Sowiog\u00f3rskie\u201d<\/p>\n<ol start=\"2\">\n<li><strong> Nazwa podmiotu w\u0142a\u015bciwego w sprawie o przyznanie pomocy i zawarcia umowy<\/strong><\/li>\n<\/ol>\n<p>&nbsp; &nbsp; &nbsp; &nbsp; &nbsp; &nbsp;Urz\u0105d Marsza\u0142kowski Wojew\u00f3dztwa Dolno\u015bl\u0105skiego<\/p>\n<ol start=\"3\">\n<li><strong> Nazwa podmiotu w\u0142a\u015bciwego w sprawie wyp\u0142aty pomocy i obs\u0142ugi systemu IT<\/strong><\/li>\n<\/ol>\n<p>&nbsp; &nbsp; &nbsp; &nbsp; &nbsp; &nbsp;Agencja Restrukturyzacji i Modernizacji Rolnictwa<\/p>\n<ol start=\"4\">\n<li><strong> Przedmiot naboru wniosk\u00f3w o przyznanie pomocy<\/strong><\/li>\n<\/ol>\n<p>&nbsp; &nbsp; &nbsp; &nbsp; &nbsp; &nbsp;Przedmiotem naboru wniosk\u00f3w s\u0105 operacje z zakresu: Rozw\u00f3j przedsi\u0119biorczo\u015bci poprzez rozwijanie pozarolniczej dzia\u0142alno\u015bci gospodarczej<br \/>\n&nbsp; &nbsp; &nbsp; &nbsp; &nbsp; &nbsp;(Rozw\u00f3j DG)<strong>&nbsp;<\/strong><\/p>\n<ol start=\"5\">\n<li><strong> Podmioty uprawnione do ubiegania si\u0119 o przyznanie pomocy<\/strong><\/li>\n<\/ol>\n<ol>\n<li>O pomoc mo\u017ce ubiega\u0107 si\u0119 wy\u0142\u0105cznie podmiot posiadaj\u0105cy numer EP<\/li>\n<li>Wnioskodawca co najmniej od roku poprzedzaj\u0105cego dzie\u0144 z\u0142o\u017cenia wniosku o przyznanie<br \/>\npomocy:<br \/>\n&#8211; posiada miejsce wykonywania dzia\u0142alno\u015bci gospodarczej oznaczone adresem wpisanym do CEIDG na obszarze wiejskim obj\u0119tym LSR\u2013 w przypadku<br \/>\n&nbsp; wnioskodawcy b\u0119d\u0105cego osob\u0105 fizyczn\u0105;<br \/>\n&#8211; posiada siedzib\u0119 lub oddzia\u0142, kt\u00f3re znajduj\u0105 si\u0119 na obszarze wiejskim obj\u0119tym LSR \u2013 w przypadku wnioskodawcy b\u0119d\u0105cego osob\u0105 prawn\u0105 lub&nbsp;<br \/>\n&nbsp; jednostk\u0105 organizacyjn\u0105 nieposiadaj\u0105c\u0105 osobowo\u015bci prawnej, kt\u00f3rej ustawa przyznaje zdolno\u015b\u0107 prawn\u0105.<\/li>\n<\/ol>\n<ol start=\"3\">\n<li>W przypadku gdy wnioskodawca wykonuje dzia\u0142alno\u015b\u0107 gospodarcz\u0105, pomoc przyznaje si\u0119:<br \/>\n1) zgodnie z art. 19a albo art. 19b rozporz\u0105dzenia GBER;<br \/>\n2) je\u017celi podmiot ten prowadzi mikroprzedsi\u0119biorstwo albo ma\u0142e przedsi\u0119biorstwo;<br \/>\n3) je\u017celi warunki przyznania pomocy s\u0105 spe\u0142nione przez wszystkich wsp\u00f3lnik\u00f3w sp\u00f3\u0142ki,<br \/>\n&nbsp; &nbsp; w przypadku gdy operacja b\u0119dzie realizowana w ramach wykonywania dzia\u0142alno\u015bci gospodarczej w formie sp\u00f3\u0142ki cywilnej&nbsp;<\/li>\n<\/ol>\n<ol start=\"4\">\n<li>Wnioskodawcy pomoc przyznaje si\u0119, je\u017celi:<br \/>\n1) w okresie 3 lat poprzedzaj\u0105cych dzie\u0144 z\u0142o\u017cenia WOPP wnioskodawca wykonywa\u0142 \u0142\u0105cznie co najmniej przez 365 dni dzia\u0142alno\u015b\u0107 gospodarcz\u0105, do<br \/>\n&nbsp; &nbsp; kt\u00f3rej stosuje si\u0119 Prawo przedsi\u0119biorc\u00f3w, oraz nadal wykonuje t\u0119 dzia\u0142alno\u015b\u0107;<br \/>\n2) wnioskodawcy nie zosta\u0142a dotychczas przyznana pomoc na operacj\u0119 w tym zakresie w ramach PS WPR;<br \/>\n3) up\u0142yn\u0119\u0142y co najmniej 2 lata od dnia wyp\u0142aty pomocy wnioskodawcy na operacj\u0119 w zakresie start DG w ramach PS WPR;<br \/>\n4) up\u0142yn\u0119\u0142y co najmniej 2 lata od dnia wyp\u0142aty wnioskodawcy p\u0142atno\u015bci ostatecznej na podejmowanie lub prowadzenie lub rozwijanie dzia\u0142alno\u015bci<br \/>\n&nbsp; &nbsp; gospodarczej w ramach poddzia\u0142a\u0144 4.2, 6.2, 6.4 lub 19.2 obj\u0119tych PROW 2014-2020<\/li>\n<\/ol>\n<ol start=\"6\">\n<li><strong> Termin, miejsce i forma sk\u0142adania wniosk\u00f3w<\/strong><\/li>\n<\/ol>\n<p>&nbsp; &nbsp; &nbsp; &nbsp; &nbsp; &nbsp;1) Wnioski o przyznanie pomocy mo\u017cna sk\u0142ada\u0107 w terminie: <strong>28.04.2025r.<\/strong> &#8211; &nbsp;<strong>16.05.2025r.<\/strong><\/p>\n<p>&nbsp; &nbsp; &nbsp; &nbsp; &nbsp; &nbsp;2) Wnioski o przyznanie pomocy mo\u017cna sk\u0142ada\u0107 <strong>wy\u0142\u0105cznie drog\u0105 elektroniczn\u0105 <\/strong>za pomoc\u0105 systemu teleinformatycznego Agencji Restrukturyzacji<br \/>\n&nbsp; &nbsp; &nbsp; &nbsp; &nbsp; &nbsp; &nbsp; &nbsp;i Modernizacji Rolnictwa (ARiMR), poprzez Platform\u0119 Us\u0142ug Elektronicznych ARiMR (PUE) link do strony: <a href=\"https:\/\/epue.arimr.gov.pl\/pl\/strona-glowna\">https:\/\/epue.arimr.gov.pl\/pl\/strona-glowna<\/a><\/p>\n<ol start=\"7\">\n<li><strong> Miejsce publikacji regulaminu naboru wniosk\u00f3w o wsparcie<\/strong><\/li>\n<\/ol>\n<p>Szczeg\u00f3\u0142owe warunki przyznania pomocy okre\u015bla <strong>\u201eREGULAMIN NABORU WNIOSK\u00d3W O PRZYZNANIE POMOCY NA ROZW\u00d3J PRZEDSI\u0118BIORCZO\u015aCI POPRZEZ ROZWIJANIE POZAROLNICZEJ DZIA\u0141ALNO\u015aCI GOSPODARCZEJ (ROZW\u00d3J DG)\u201d <\/strong>opublikowany na stronie Lokalnej Grupy Dzia\u0142ania \u201ePartnerstwo Sowiog\u00f3rskie\u201d:&nbsp;<a href=\"https:\/\/partnerstwo-sowiogorskie.pl\/index.php\/nabory\/ogloszenie-o-naborach-konkursy\/konkurs-3_2025-rozwoj-dg\/\">https:\/\/partnerstwo-sowiogorskie.pl\/index.php\/nabory\/ogloszenie-o-naborach-konkursy\/konkurs-3_2025-rozwoj-dg\/<\/a><\/p>\n<p><a href=\"https:\/\/partnerstwo-sowiogorskie.pl\/wp-content\/uploads\/2025\/04\/Regulamin_naboru_ROZWOJ_DG_415968.docx\" target=\"_blank\" rel=\"noopener\">Regulamin_naboru_ROZWOJ_DG_415968 pobierz_doc<\/a><\/p>\n<p><a href=\"https:\/\/partnerstwo-sowiogorskie.pl\/wp-content\/uploads\/2025\/04\/Regulamin_naboru_ROZWOJ_DG_415968.pdf\" target=\"_blank\" rel=\"noopener\">Regulamin_naboru_ROZWOJ_DG_415968 pobierz PDF<\/a><\/p>\n<ol start=\"8\">\n<li><strong> Dane do kontaktu<br \/>\n<\/strong>Szczeg\u00f3\u0142owe informacje dotycz\u0105ce og\u0142oszonego naboru mo\u017cna uzyska\u0107 w:<\/li>\n<\/ol>\n<ul>\n<li>siedzibie biura LGD \u201ePartnerstwo Sowiog\u00f3rskie\u201d: ul. Grunwaldzka 26,58-340 G\u0142uszyca<\/li>\n<li>strona internetowa: <a href=\"http:\/\/www.partnerstwo-sowiogorskie.pl\">www.partnerstwo-sowiogorskie.pl<\/a> , \u2022 e-mail: <a href=\"mailto:biuro@partnerstwo-sowiogorskie.pl\">biuro@partnerstwo-sowiogorskie.pl<\/a> &nbsp;<\/li>\n<li>telefon: tel.; +48 518 855 434; +48 539 972&nbsp;140<\/li>\n<\/ul>\n<h4>***********************************************************************************************************************<\/h4>\n<p><strong>Wniosek o przyznanie pomocy<\/strong>&nbsp;wraz z biznesplanem, zestawieniem rzeczowo-finansowym, informacj\u0105 o przetwarzaniu danych osobowych oraz wykazem dzia\u0142ek b\u0119d\u0105 generowane automatycznie poprzez system teleinformatyczny ARiMR w trakcie wype\u0142niania wniosku dost\u0119pnego na platformie PUE \u2013&nbsp;<a class=\"newWindow\" title=\"Otwarcie w nowym oknie\" href=\"https:\/\/www.gov.pl\/web\/arimr\/platforma-uslug-elektronicznych\" target=\"_blank\" rel=\"noopener\">Platforma Us\u0142ug Elektronicznych \u2013 Agencja Restrukturyzacji i Modernizacji Rolnictwa \u2013 Portal Gov.pl<\/a><\/p>\n<p>Instrukcja logowania do PUE&nbsp;<a href=\"https:\/\/partnerstwo-sowiogorskie.pl\/wp-content\/uploads\/2025\/02\/Instrukcja_logowania_PUE.pdf\">&gt;&gt;&gt;pobierz<\/a><\/p>\n<p>Instrukcja wype\u0142niania wniosku o przyznanie pomocy&nbsp;<a class=\"newWindow\" title=\"Otwarcie w nowym oknie: Otwarcie w nowym oknie: Otwarcie w nowym oknie\" href=\"https:\/\/partnerstwo-sowiogorskie.pl\/wp-content\/uploads\/2025\/01\/Instrukcja-WoPP.pdf\" target=\"_blank\" rel=\"noopener\">&gt;&gt;&gt;pobierz<\/a><\/p>\n<p>Pomocniczy za\u0142\u0105cznik do Instrukcji dla wniosku o przyznanie pomocy \u2013 Katalog przyk\u0142adowych pozwole\u0144, zezwole\u0144, decyzji i innych dokument\u00f3w potwierdzaj\u0105cych<br \/>\nspe\u0142nienie warunk\u00f3w przyznania pomocy wymaganych w zale\u017cno\u015bci od okre\u015blonego we wniosku zakresu wsparcia&nbsp; &nbsp;<a class=\"newWindow\" title=\"Otwarcie w nowym oknie: Otwarcie w nowym oknie: Otwarcie w nowym oknie\" href=\"https:\/\/partnerstwo-sowiogorskie.pl\/wp-content\/uploads\/2025\/01\/Pomocniczy-zalacznik-do-Instrukcji-do-WoPP.pdf\" target=\"_blank\" rel=\"noopener\">&gt;&gt;&gt;pobierz<\/a><\/p>\n<p>Instrukcja ustanawiania Pe\u0142nomocnik\u00f3w<a class=\"newWindow\" title=\"Otwarcie w nowym oknie\" href=\"https:\/\/partnerstwo-sowiogorskie.pl\/wp-content\/uploads\/2025\/02\/PUE_Instrukcja_ustanawiania_pelnomocnika-1.pdf\" target=\"_blank\" rel=\"noopener\">&gt;&gt;&gt;pobierz<\/a><\/p>\n<p>Instrukcja powiadomienia SMS&nbsp;<a class=\"newWindow\" title=\"Otwarcie w nowym oknie\" href=\"https:\/\/partnerstwo-sowiogorskie.pl\/wp-content\/uploads\/2025\/02\/instrukcja_powiadomienia-sms-1.pdf\" target=\"_blank\" rel=\"noopener\">&gt;&gt;&gt;pobierz<\/a><\/p>\n<p>Instrukcja z\u0142o\u017cenia pro\u015bby o przywr\u00f3cenie terminu za po\u015brednictwem Platformy Us\u0142ug Elektronicznych ARiMR w zakresie PS WPR 2023-2027&nbsp;<a class=\"newWindow\" title=\"Otwarcie w nowym oknie\" href=\"https:\/\/partnerstwo-sowiogorskie.pl\/wp-content\/uploads\/2025\/02\/Instrukcja_zlozenia_prosby_o_przywrocenie_terminu_za_posrednictwem_PUE_ARiMR_w_zakresie_PS_WPR_2023-2027.pdf\" target=\"_blank\" rel=\"noopener\">&gt;&gt;&gt;pobierz<\/a><\/p>\n<p><strong>Za\u0142\u0105czniki do wniosku o przyznanie pomocy:<\/strong><\/p>\n<p>Wykaz za\u0142\u0105cznik\u00f3w do wniosku o przyznanie pomocy <a href=\"https:\/\/partnerstwo-sowiogorskie.pl\/wp-content\/uploads\/2025\/03\/Wykaz-zalacznikow-do-wniosku-o-przyznanie-pomocy_v.2-18.02.2025-1.docx\" target=\"_blank\" rel=\"noopener\">&gt;&gt;&gt;pobierz<\/a><strong><br \/>\n<\/strong><\/p>\n<p>za\u0142\u0105cznik nr 1 \u2013&nbsp;<a class=\"newWindow\" title=\"Otwarcie w nowym oknie: Otwarcie w nowym oknie: Otwarcie w nowym oknie\" href=\"https:\/\/partnerstwo-sowiogorskie.pl\/wp-content\/uploads\/2025\/01\/Zalacznik_nr_1-Oswiadczenie-wlasciciela-lub-wspolposiadacza-nieruchomosci.xlsx\" target=\"_blank\" rel=\"noopener\">O\u015bwiadczenie w\u0142a\u015bciciela lub wsp\u00f3\u0142posiadacza nieruchomo\u015bci<\/a><\/p>\n<p>za\u0142\u0105cznik nr 2 \u2013&nbsp;<a class=\"newWindow\" title=\"Otwarcie w nowym oknie\" href=\"https:\/\/partnerstwo-sowiogorskie.pl\/wp-content\/uploads\/2025\/01\/Zalacznik_nr_2-Oswiadczenie-o-kwalifikowalnosci-VAT.xlsx\" target=\"_blank\" rel=\"noopener\">Za\u0142\u0105cznik_nr_2 O\u015bwiadczenie o kwalifikowalno\u015bci VAT<\/a><\/p>\n<p>za\u0142\u0105cznik nr 3 \u2013&nbsp;<a class=\"newWindow\" title=\"Otwarcie w nowym oknie: Otwarcie w nowym oknie: Otwarcie w nowym oknie\" href=\"https:\/\/partnerstwo-sowiogorskie.pl\/wp-content\/uploads\/2025\/01\/Zalacznik_nr_3-Szczegolowy-opis-zadan-wymienionych-w-ZRF.xlsx\" target=\"_blank\" rel=\"noopener\">Szczeg\u00f3\u0142owy opis zada\u0144 wymienionych w ZRF<\/a><\/p>\n<p>za\u0142\u0105cznik nr 4 &#8211; <a href=\"https:\/\/partnerstwo-sowiogorskie.pl\/wp-content\/uploads\/2025\/02\/Zalacznik_nr_4-Oswiadczenie-podmiotu-ubiegajacego-sie-o-przyznanie-pomocy-o-wielkosci-przez-MSP-1.xls\" target=\"_blank\" rel=\"noopener\">Za\u0142\u0105cznik_nr_4 O\u015bwiadczenie podmiotu ubiegaj\u0105cego si\u0119 o przyznanie pomocy o wielko\u015bci przez M\u015aP<\/a><\/p>\n<p>za\u0142\u0105cznik nr 5 \u2013&nbsp;<a class=\"newWindow\" title=\"Otwarcie w nowym oknie\" href=\"https:\/\/partnerstwo-sowiogorskie.pl\/wp-content\/uploads\/2025\/01\/Zalacznik_nr_5-Oswiadczenie-malzonka-o-wyrazeniu-zgody-na-zawarcie-umowy.xlsx\" target=\"_blank\" rel=\"noopener\">Za\u0142\u0105cznik_nr_5 O\u015bwiadczenie ma\u0142\u017conka o wyra\u017ceniu zgody na zawarcie umowy<\/a><\/p>\n<p>za\u0142\u0105cznik nr 6 \u2013 <a href=\"https:\/\/partnerstwo-sowiogorskie.pl\/wp-content\/uploads\/2025\/02\/Zalacznik_nr_6-Oswiadczenie-o-niepozostawaniu-w-zwiazku-malzenskim-lub-o-ustanowionej-malzenskiej-rozdzielnosci.docx\" target=\"_blank\" rel=\"noopener\">Za\u0142\u0105cznik_nr_6 O\u015bwiadczenie o niepozostawaniu w zwi\u0105zku ma\u0142\u017ce\u0144skim lub o ustanowionej ma\u0142\u017ce\u0144skiej rozdzielno\u015bci<\/a><\/p>\n<p>za\u0142\u0105cznik nr 13 \u2013&nbsp;<a class=\"newWindow\" title=\"Otwarcie w nowym oknie\" href=\"https:\/\/partnerstwo-sowiogorskie.pl\/wp-content\/uploads\/2025\/02\/zalacznik_nr_13_Oswiadczenie_RODO_dla_LGD.pdf\" target=\"_blank\" rel=\"noopener\">O\u015bwiadczenie_RODO_dla_LGD<\/a><\/p>\n<p>za\u0142\u0105cznik 35a \u2013 <a href=\"https:\/\/partnerstwo-sowiogorskie.pl\/wp-content\/uploads\/2025\/03\/LKW_opis_projektu_Rozwoj_DG.docx\" target=\"_blank\" rel=\"noopener\">LKW_opis_projektu_Rozwoj_DG<\/a><\/p>\n<p><strong>Za\u0142\u0105cznik nieobowi\u0105zkowy: przekazywanie informacji dla LGD \u2013<a href=\"https:\/\/partnerstwo-sowiogorskie.pl\/wp-content\/uploads\/2025\/04\/Oswiadczenie_zgoda_Rozwoj_DG_3_2025_415968.doc\">Oswiadczenie_zgoda_Rozw\u00f3j_DG_3_2025_415968<\/a><\/strong><\/p>\n<p><strong>Umowa o przyznaniu pomocy<\/strong><\/p>\n<p>Instrukcja obs\u0142ugi zawierania umowy za po\u015brednictwem Platformy Us\u0142ug Elektronicznych ARiMR w zakresie PS WPR 2023-2027&nbsp;<a class=\"newWindow\" title=\"Otwarcie w nowym oknie\" href=\"https:\/\/partnerstwo-sowiogorskie.pl\/wp-content\/uploads\/2025\/02\/Instrukcja_obslugi_zawierania_umowy_za_posrednictwem_PUE_ARiMR_w_zakresie_PS_WPR_2023-2027.pdf\" target=\"_blank\" rel=\"noopener\">&gt;&gt;&gt;pobierz<\/a><\/p>\n<p>Umowa o przyznaniu pomocy <a href=\"https:\/\/partnerstwo-sowiogorskie.pl\/wp-content\/uploads\/2025\/03\/Zakr_02_umowa_kkDG_ver.1z.pdf\" target=\"_blank\" rel=\"noopener\">&gt;&gt;&gt;pobierz<\/a><\/p>\n<p>Za\u0142\u0105cznik nr 1 \u2013&nbsp;<a class=\"newWindow\" title=\"Otwarcie w nowym oknie\" href=\"https:\/\/partnerstwo-sowiogorskie.pl\/wp-content\/uploads\/2025\/03\/Zalacznik-nr-1-Biznesplan.docx\" target=\"_blank\" rel=\"noopener\">Za\u0142\u0105cznik nr 1 Biznesplan<\/a><\/p>\n<p>Za\u0142\u0105cznik nr 1 \u2013&nbsp;<a class=\"newWindow\" title=\"Otwarcie w nowym oknie\" href=\"https:\/\/partnerstwo-sowiogorskie.pl\/wp-content\/uploads\/2025\/03\/Zalacznik-nr-1-Zestawienie-rzeczowo-finansowe.docx\" target=\"_blank\" rel=\"noopener\">Za\u0142\u0105cznik nr 1 Zestawienie rzeczowo \u2013 finansowe<\/a><\/p>\n<p>Za\u0142\u0105cznik nr 2 \u2013&nbsp;<a class=\"newWindow\" title=\"Otwarcie w nowym oknie\" href=\"https:\/\/partnerstwo-sowiogorskie.pl\/wp-content\/uploads\/2025\/03\/Zalacznik-nr-2-Klauzula-informacyjna-o-przetwarzaniu-danych-osobowych.docx\" target=\"_blank\" rel=\"noopener\">Za\u0142\u0105cznik nr 2 Klauzula informacyjna o przetwarzaniu danych osobowych<\/a><\/p>\n<p>Za\u0142\u0105cznik nr 3 \u2013&nbsp;<a class=\"newWindow\" title=\"Otwarcie w nowym oknie\" href=\"https:\/\/partnerstwo-sowiogorskie.pl\/wp-content\/uploads\/2025\/03\/Zalacznik-nr-3_-Wykaz-dzialek-na-ktorych-bedzie-realizowana-operacja-trwale-zwiazana-z-nieruchomoscia.xls\" target=\"_blank\" rel=\"noopener\">Za\u0142\u0105cznik nr 3_ Wykaz dzia\u0142ek na kt\u00f3rych b\u0119dzie realizowana operacja trwale zwi\u0105zana z nieruchomo\u015bci\u0105<\/a><\/p>\n<p>&nbsp;<\/p>\n","protected":false},"excerpt":{"rendered":"<p>Rozw\u00f3j przedsi\u0119biorczo\u015bci poprzez rozwijanie pozarolniczej dzia\u0142alno\u015bci gospodarczej (Rozw\u00f3j DG)&nbsp; OGLOSZENIE_3_2025_Rozw\u00f3j_DG_07042025_415968 pobierz &gt;&gt;&gt; OG\u0141OSZENIE O NABORZE&nbsp; Nr 3\/2025 z dnia 07.04.2025r. do naboru nr 415968 &nbsp;&nbsp;Lokalna Grupa Dzia\u0142ania \u201ePartnerstwo Sowiog\u00f3rskie\u201d dzia\u0142aj\u0105ca [&hellip;]<\/p>\n","protected":false},"author":6,"featured_media":0,"parent":10667,"menu_order":0,"comment_status":"closed","ping_status":"closed","template":"","meta":{"ngg_post_thumbnail":0,"_price":"","_stock":"","_tribe_ticket_header":"","_tribe_default_ticket_provider":"","_ticket_start_date":"","_ticket_end_date":"","_tribe_ticket_show_description":"","_tribe_ticket_show_not_going":false,"_tribe_ticket_use_global_stock":"","_tribe_ticket_global_stock_level":"","_global_stock_mode":"","_global_stock_cap":"","_tribe_rsvp_for_event":"","_tribe_ticket_going_count":"","_tribe_ticket_not_going_count":"","_tribe_tickets_list":"[]","_tribe_ticket_has_attendee_info_fields":false,"footnotes":"","_tec_slr_enabled":"","_tec_slr_layout":""},"class_list":["post-11181","page","type-page","status-publish","hentry"],"rttpg_featured_image_url":null,"rttpg_author":{"display_name":"Iweta G\u0142\u00f3d","author_link":"https:\/\/partnerstwo-sowiogorskie.pl\/index.php\/author\/iglod\/"},"rttpg_comment":0,"rttpg_category":null,"rttpg_excerpt":"Rozw\u00f3j przedsi\u0119biorczo\u015bci poprzez rozwijanie pozarolniczej dzia\u0142alno\u015bci gospodarczej (Rozw\u00f3j DG)&nbsp; OGLOSZENIE_3_2025_Rozw\u00f3j_DG_07042025_415968 pobierz &gt;&gt;&gt; OG\u0141OSZENIE O NABORZE&nbsp; Nr 3\/2025 z dnia 07.04.2025r. do naboru nr 415968 &nbsp;&nbsp;Lokalna Grupa Dzia\u0142ania \u201ePartnerstwo Sowiog\u00f3rskie\u201d dzia\u0142aj\u0105ca [&hellip;]","ticketed":false,"_links":{"self":[{"href":"https:\/\/partnerstwo-sowiogorskie.pl\/index.php\/wp-json\/wp\/v2\/pages\/11181","targetHints":{"allow":["GET"]}}],"collection":[{"href":"https:\/\/partnerstwo-sowiogorskie.pl\/index.php\/wp-json\/wp\/v2\/pages"}],"about":[{"href":"https:\/\/partnerstwo-sowiogorskie.pl\/index.php\/wp-json\/wp\/v2\/types\/page"}],"author":[{"embeddable":true,"href":"https:\/\/partnerstwo-sowiogorskie.pl\/index.php\/wp-json\/wp\/v2\/users\/6"}],"replies":[{"embeddable":true,"href":"https:\/\/partnerstwo-sowiogorskie.pl\/index.php\/wp-json\/wp\/v2\/comments?post=11181"}],"version-history":[{"count":15,"href":"https:\/\/partnerstwo-sowiogorskie.pl\/index.php\/wp-json\/wp\/v2\/pages\/11181\/revisions"}],"predecessor-version":[{"id":11416,"href":"https:\/\/partnerstwo-sowiogorskie.pl\/index.php\/wp-json\/wp\/v2\/pages\/11181\/revisions\/11416"}],"up":[{"embeddable":true,"href":"https:\/\/partnerstwo-sowiogorskie.pl\/index.php\/wp-json\/wp\/v2\/pages\/10667"}],"wp:attachment":[{"href":"https:\/\/partnerstwo-sowiogorskie.pl\/index.php\/wp-json\/wp\/v2\/media?parent=11181"}],"curies":[{"name":"wp","href":"https:\/\/api.w.org\/{rel}","templated":true}]}}