{"id":10889,"date":"2024-09-06T08:31:12","date_gmt":"2024-09-06T07:31:12","guid":{"rendered":"https:\/\/partnerstwo-sowiogorskie.pl\/?page_id=10889"},"modified":"2026-01-27T12:16:32","modified_gmt":"2026-01-27T11:16:32","slug":"zespol-do-spraw-promocji-i-animacji","status":"publish","type":"page","link":"https:\/\/partnerstwo-sowiogorskie.pl\/index.php\/ps-wpr-2023-2027\/spotkania-grup-roboczych\/zespol-do-spraw-promocji-i-animacji\/","title":{"rendered":"Zesp\u00f3\u0142 do spraw promocji i animacji"},"content":{"rendered":"<p><strong>Koordynatorzy zespo\u0142u do spraw promocji i animacji: Dorota Konieczna \u2013 En\u00f6zel, Ilona Bujalska<\/strong><\/p>\n<p>&nbsp;<\/p>\n","protected":false},"excerpt":{"rendered":"<p>Koordynatorzy zespo\u0142u do spraw promocji i animacji: Dorota Konieczna \u2013 En\u00f6zel, Ilona Bujalska &nbsp;<\/p>\n","protected":false},"author":6,"featured_media":0,"parent":10752,"menu_order":0,"comment_status":"closed","ping_status":"closed","template":"","meta":{"ngg_post_thumbnail":0,"_price":"","_stock":"","_tribe_ticket_header":"","_tribe_default_ticket_provider":"","_ticket_start_date":"","_ticket_end_date":"","_tribe_ticket_show_description":"","_tribe_ticket_show_not_going":false,"_tribe_ticket_use_global_stock":"","_tribe_ticket_global_stock_level":"","_global_stock_mode":"","_global_stock_cap":"","_tribe_rsvp_for_event":"","_tribe_ticket_going_count":"","_tribe_ticket_not_going_count":"","_tribe_tickets_list":"[]","_tribe_ticket_has_attendee_info_fields":false,"footnotes":"","_tec_slr_enabled":"","_tec_slr_layout":""},"class_list":["post-10889","page","type-page","status-publish","hentry"],"rttpg_featured_image_url":null,"rttpg_author":{"display_name":"Iweta G\u0142\u00f3d","author_link":"https:\/\/partnerstwo-sowiogorskie.pl\/index.php\/author\/iglod\/"},"rttpg_comment":0,"rttpg_category":null,"rttpg_excerpt":"Koordynatorzy zespo\u0142u do spraw promocji i animacji: Dorota Konieczna \u2013 En\u00f6zel, Ilona Bujalska &nbsp;","ticketed":false,"_links":{"self":[{"href":"https:\/\/partnerstwo-sowiogorskie.pl\/index.php\/wp-json\/wp\/v2\/pages\/10889","targetHints":{"allow":["GET"]}}],"collection":[{"href":"https:\/\/partnerstwo-sowiogorskie.pl\/index.php\/wp-json\/wp\/v2\/pages"}],"about":[{"href":"https:\/\/partnerstwo-sowiogorskie.pl\/index.php\/wp-json\/wp\/v2\/types\/page"}],"author":[{"embeddable":true,"href":"https:\/\/partnerstwo-sowiogorskie.pl\/index.php\/wp-json\/wp\/v2\/users\/6"}],"replies":[{"embeddable":true,"href":"https:\/\/partnerstwo-sowiogorskie.pl\/index.php\/wp-json\/wp\/v2\/comments?post=10889"}],"version-history":[{"count":2,"href":"https:\/\/partnerstwo-sowiogorskie.pl\/index.php\/wp-json\/wp\/v2\/pages\/10889\/revisions"}],"predecessor-version":[{"id":11944,"href":"https:\/\/partnerstwo-sowiogorskie.pl\/index.php\/wp-json\/wp\/v2\/pages\/10889\/revisions\/11944"}],"up":[{"embeddable":true,"href":"https:\/\/partnerstwo-sowiogorskie.pl\/index.php\/wp-json\/wp\/v2\/pages\/10752"}],"wp:attachment":[{"href":"https:\/\/partnerstwo-sowiogorskie.pl\/index.php\/wp-json\/wp\/v2\/media?parent=10889"}],"curies":[{"name":"wp","href":"https:\/\/api.w.org\/{rel}","templated":true}]}}