{"id":10885,"date":"2024-09-06T08:27:05","date_gmt":"2024-09-06T07:27:05","guid":{"rendered":"https:\/\/partnerstwo-sowiogorskie.pl\/?page_id=10885"},"modified":"2024-09-06T10:01:14","modified_gmt":"2024-09-06T09:01:14","slug":"zespol-ds-opracowania-procedur-lsr-i-wdrazania-lsr","status":"publish","type":"page","link":"https:\/\/partnerstwo-sowiogorskie.pl\/index.php\/ps-wpr-2023-2027\/spotkania-grup-roboczych\/zespol-ds-opracowania-procedur-lsr-i-wdrazania-lsr\/","title":{"rendered":"Zesp\u00f3\u0142 ds. opracowania procedur LSR i wdra\u017cania LSR"},"content":{"rendered":"<p><strong>Koordynatorzy Zespo\u0142u ds. opracowania procedur LSR i wdra\u017cania LSR: Grzegorz Szyma\u0144ski, Renata \u015awierszczak<\/strong><\/p>\n<p>**************************************************<\/p>\n<p>W dniu 29-04-2024r. odby\u0142o si\u0119 drugie Posiedzenie zespo\u0142u ds. opracowania procedur LSR i wdra\u017cania LSR.&nbsp;<\/p>\n<p>Na spotkaniu om om\u00f3wione zosta\u0142y zg\u0142oszone uwagi do nast\u0119puj\u0105cych dokument\u00f3w, kt\u00f3re b\u0119d\u0105 przedmiotem akceptacji na Walnym Zebraniu Cz\u0142onk\u00f3w przed z\u0142o\u017ceniem do Urz\u0119du Marsza\u0142kowskiego Wojew\u00f3dztwa Dolno\u015bl\u0105skiego:&nbsp;<\/p>\n<ol>\n<li>Regulamin Pracy Rady LGD<\/li>\n<li>Procedura wyboru i oceny operacji w ramach wdra\u017cania LSR na lata 2023-2027<\/li>\n<li>Procedura ustalania niebudz\u0105cych w\u0105tpliwo\u015bci interpretacyjnych kryteri\u00f3w wyboru operacji i ich zmiany wraz z kryteriami wyboru dla operacji realizowanych w ramach Lokalnej Strategii Rozwoju na lata 2023-2027 z wy\u0142\u0105czeniem projekt\u00f3w grantowych<\/li>\n<li>PROCEDURA WYBORU I OCENY GRANTOBIORC\u00d3W w ramach wdra\u017cania Lokalnej Strategii Rozwoju na lata 2023 \u2013 2027<\/li>\n<\/ol>\n<p>**************************************************<\/p>\n<p>W dniu 12-02-2024 roku w Centrum Kultury Miejska Biblioteka Publiczna w G\u0142uszycy odby\u0142o si\u0119 spotkanie przedstawicieli Zarz\u0105du z Cz\u0142onkami LGD \u201ePartnerstwa Sowiog\u00f3rskiego\u201d celem powo\u0142ania zespo\u0142u ds. opracowania procedur LSR i wdra\u017cania LSR w perspektywie 2023-2027.<\/p>\n<p>Po powo\u0142aniu cz\u0142onk\u00f3w zespo\u0142u licz\u0105cego finalnie 8 cz\u0142onk\u00f3w przyst\u0105piono do Prezentacji zapis\u00f3w LSR oraz projekt\u00f3w regulamin\u00f3w i procedur celem wypracowania ich tre\u015bci oraz z\u0142o\u017cenia ich zgodnie z umow\u0105 ramow\u0105 do akceptacji przez UMWD.<\/p>\n<p>Wszystkie wypracowane projekty zosta\u0142y zamieszczone na stronie www LGD do konsultacji i dalszego procedowania.&nbsp;<\/p>\n<p>LINK do projekt\u00f3w :&nbsp; <a href=\"http:\/\/archiwum.partnerstwo-sowiogorskie.pl\/192-konsultacje-spoleczne-procedury-i-lkw\/\">&gt;&gt;&gt;<\/a><\/p>\n<p><img loading=\"lazy\" decoding=\"async\" class=\"size-full wp-image-10913 aligncenter\" src=\"https:\/\/partnerstwo-sowiogorskie.pl\/wp-content\/uploads\/2024\/09\/fot1.jpg\" alt=\"\" width=\"575\" height=\"431\"><\/p>\n<p>&nbsp;<\/p>\n","protected":false},"excerpt":{"rendered":"<p>Koordynatorzy Zespo\u0142u ds. opracowania procedur LSR i wdra\u017cania LSR: Grzegorz Szyma\u0144ski, Renata \u015awierszczak ************************************************** W dniu 29-04-2024r. odby\u0142o si\u0119 drugie Posiedzenie zespo\u0142u ds. opracowania procedur LSR i wdra\u017cania LSR.&nbsp; Na [&hellip;]<\/p>\n","protected":false},"author":6,"featured_media":0,"parent":10752,"menu_order":0,"comment_status":"closed","ping_status":"closed","template":"","meta":{"ngg_post_thumbnail":0,"_price":"","_stock":"","_tribe_ticket_header":"","_tribe_default_ticket_provider":"","_ticket_start_date":"","_ticket_end_date":"","_tribe_ticket_show_description":"","_tribe_ticket_show_not_going":false,"_tribe_ticket_use_global_stock":"","_tribe_ticket_global_stock_level":"","_global_stock_mode":"","_global_stock_cap":"","_tribe_rsvp_for_event":"","_tribe_ticket_going_count":"","_tribe_ticket_not_going_count":"","_tribe_tickets_list":"[]","_tribe_ticket_has_attendee_info_fields":false,"footnotes":"","_tec_slr_enabled":"","_tec_slr_layout":""},"class_list":["post-10885","page","type-page","status-publish","hentry"],"rttpg_featured_image_url":null,"rttpg_author":{"display_name":"Iweta G\u0142\u00f3d","author_link":"https:\/\/partnerstwo-sowiogorskie.pl\/index.php\/author\/iglod\/"},"rttpg_comment":0,"rttpg_category":null,"rttpg_excerpt":"Koordynatorzy Zespo\u0142u ds. opracowania procedur LSR i wdra\u017cania LSR: Grzegorz Szyma\u0144ski, Renata \u015awierszczak ************************************************** W dniu 29-04-2024r. odby\u0142o si\u0119 drugie Posiedzenie zespo\u0142u ds. opracowania procedur LSR i wdra\u017cania LSR.&nbsp; Na [&hellip;]","ticketed":false,"_links":{"self":[{"href":"https:\/\/partnerstwo-sowiogorskie.pl\/index.php\/wp-json\/wp\/v2\/pages\/10885","targetHints":{"allow":["GET"]}}],"collection":[{"href":"https:\/\/partnerstwo-sowiogorskie.pl\/index.php\/wp-json\/wp\/v2\/pages"}],"about":[{"href":"https:\/\/partnerstwo-sowiogorskie.pl\/index.php\/wp-json\/wp\/v2\/types\/page"}],"author":[{"embeddable":true,"href":"https:\/\/partnerstwo-sowiogorskie.pl\/index.php\/wp-json\/wp\/v2\/users\/6"}],"replies":[{"embeddable":true,"href":"https:\/\/partnerstwo-sowiogorskie.pl\/index.php\/wp-json\/wp\/v2\/comments?post=10885"}],"version-history":[{"count":15,"href":"https:\/\/partnerstwo-sowiogorskie.pl\/index.php\/wp-json\/wp\/v2\/pages\/10885\/revisions"}],"predecessor-version":[{"id":10914,"href":"https:\/\/partnerstwo-sowiogorskie.pl\/index.php\/wp-json\/wp\/v2\/pages\/10885\/revisions\/10914"}],"up":[{"embeddable":true,"href":"https:\/\/partnerstwo-sowiogorskie.pl\/index.php\/wp-json\/wp\/v2\/pages\/10752"}],"wp:attachment":[{"href":"https:\/\/partnerstwo-sowiogorskie.pl\/index.php\/wp-json\/wp\/v2\/media?parent=10885"}],"curies":[{"name":"wp","href":"https:\/\/api.w.org\/{rel}","templated":true}]}}