{"id":10782,"date":"2024-08-16T10:29:27","date_gmt":"2024-08-16T09:29:27","guid":{"rendered":"https:\/\/partnerstwo-sowiogorskie.pl\/?page_id=10782"},"modified":"2025-11-13T13:10:08","modified_gmt":"2025-11-13T12:10:08","slug":"materialy-pomocnicze","status":"publish","type":"page","link":"https:\/\/partnerstwo-sowiogorskie.pl\/index.php\/nabory\/informacje-dla-wnioskodawcow\/doradztwo\/materialy-pomocnicze\/","title":{"rendered":"Materia\u0142y pomocnicze"},"content":{"rendered":"<p>Poni\u017cej przedstawiamy <strong>materia\u0142y informacyjne<\/strong> dla poszczeg\u00f3lnych typ\u00f3w operacji przygotowane specjalnie dla Pa\u0144stwa przez naszego doradc\u0119. Prosimy o zapoznanie si\u0119 z podstawowymi informacjami w ramach interesuj\u0105cych Pa\u0144stwa zakres\u00f3w wsparcia &#8211; wszystkie kwestie zostan\u0105 om\u00f3wione na szkoleniach, kt\u00f3re odb\u0119d\u0105 si\u0119 przed naborami wniosk\u00f3w.<\/p>\n<p>W zak\u0142adce po\u015bwi\u0119conej informacjom o programie: <strong>PS WPR 2023-2027<\/strong> znajd\u0105 Pa\u0144stwo podstron\u0119 z <strong>Regulaminami i procedurami<\/strong>, a tam w pkt. III &#8211;<strong> KRYTERIA WYBORU<\/strong> na podstawie kt\u00f3rych nasza Rada b\u0119dzie przyznawa\u0142a punkty oceniaj\u0105c wnioski w ramach og\u0142oszonych konkurs\u00f3w. Prosimy o zapoznanie si\u0119 z nimi &#8211; b\u0119d\u0105 one przedmiotem wa\u017cnych dyskusji na szkoleniach i podczas doradztwa.<\/p>\n<p><span style=\"color: #ff6600;\"><strong>Materia\u0142y pomocnicze obowi\u0105zuj\u0105ce dla nabor\u00f3w, kt\u00f3re odby\u0142y si\u0119 w roku 2025:&nbsp;<\/strong><\/span><\/p>\n<p>1. Materia\u0142 informacyjny dla <strong>Jednostek sektora finans\u00f3w publicznych <a href=\"https:\/\/partnerstwo-sowiogorskie.pl\/wp-content\/uploads\/2024\/12\/JST_mat_inf_m.pdf\" target=\"_blank\" rel=\"noopener\">&gt;&gt;&gt;<\/a><\/strong><\/p>\n<p>2. Materia\u0142 informacyjny <strong>GRANTY<\/strong> <a href=\"https:\/\/partnerstwo-sowiogorskie.pl\/wp-content\/uploads\/2024\/12\/GRANT_compressed.pdf\" target=\"_blank\" rel=\"noopener\">&gt;&gt;&gt;<\/a><\/p>\n<p>3. Materia\u0142 informacyjny <strong>na START<\/strong> dzia\u0142alno\u015bci<\/p>\n<ul>\n<li>START DG &#8211; podejmowanie dzia\u0142alno\u015bci gospodarczej <a href=\"https:\/\/partnerstwo-sowiogorskie.pl\/wp-content\/uploads\/2024\/12\/START-DG-mat-inf_compressed.pdf\" target=\"_blank\" rel=\"noopener\">&gt;&gt;&gt;<\/a><\/li>\n<li>START ZE &#8211; tworzenie zagr\u00f3d edukacyjnych <a href=\"https:\/\/partnerstwo-sowiogorskie.pl\/wp-content\/uploads\/2024\/12\/START-ZE-mat-inf_compressed-1.pdf\" target=\"_blank\" rel=\"noopener\">&gt;&gt;&gt;<\/a><br \/>\nLink do&nbsp; strony www Og\u00f3lnopolskiej Sieci Zagr\u00f3d Edukacyjnych <a href=\"https:\/\/zagrodaedukacyjna.pl\" target=\"_blank\" rel=\"noopener\">&gt;&gt;&gt; przejd\u017a do strony<\/a><\/li>\n<li>START GA &#8211; tworzenie gospodarstw agroturystycznych <a href=\"https:\/\/partnerstwo-sowiogorskie.pl\/wp-content\/uploads\/2024\/12\/START-GA-mat-inf_compressed.pdf\" target=\"_blank\" rel=\"noopener\">&gt;&gt;&gt;<\/a><\/li>\n<\/ul>\n<p>4. Materia\u0142 informacyjny <strong>na ROZW\u00d3J<\/strong> dzia\u0142alno\u015bci<\/p>\n<ul>\n<li>ROZW\u00d3J DG &#8211; rozwijanie dzia\u0142alno\u015bci gospodarczej<a href=\"https:\/\/partnerstwo-sowiogorskie.pl\/wp-content\/uploads\/2024\/12\/ROZWOJ-DG-mat-inf_compressed.pdf\" target=\"_blank\" rel=\"noopener\">&gt;&gt;&gt;<\/a><\/li>\n<li>ROZW\u00d3J ZE &#8211; rozwijanie zagr\u00f3d edukacyjnych<a href=\"https:\/\/partnerstwo-sowiogorskie.pl\/wp-content\/uploads\/2024\/12\/ROZWOJ-ZE-mat-inf_compressed.pdf\" target=\"_blank\" rel=\"noopener\">&gt;&gt;&gt;<\/a><\/li>\n<li>ROZW\u00d3J GA &#8211; rozwijanie gospodarstw agroturystycznych <a href=\"https:\/\/partnerstwo-sowiogorskie.pl\/wp-content\/uploads\/2024\/12\/ROZWOJ-GA-mat-inf_compressed.pdf\" target=\"_blank\" rel=\"noopener\">&gt;&gt;&gt;<\/a><\/li>\n<\/ul>\n<p>**************************************************************************<\/p>\n<p>W miesi\u0105cu czerwcu 2024r. rozpocz\u0119li\u015bmy Kampani\u0119 informacyjn\u0105 na terenie gmin obj\u0119tych LSR, kt\u00f3ra mia\u0142a na celu rozpowszechnianie informacji dotycz\u0105cych nowego okresu programowania PS WPR na lata 2023-2027 oraz nowej Lokalnej Strategii Rozwoju.<\/p>\n<p>Poni\u017cej przedstawimy Pa\u0144stwu cz\u0119\u015b\u0107 informacji przekazywanych na spotkaniach w formie prezentacji <a href=\"https:\/\/partnerstwo-sowiogorskie.pl\/wp-content\/uploads\/2024\/08\/Prezentacja_062024_spotkania.pdf\">&gt;&gt;&gt;<\/a><\/p>\n<p>&nbsp;<\/p>\n<p>&nbsp;<\/p>\n","protected":false},"excerpt":{"rendered":"<p>Poni\u017cej przedstawiamy materia\u0142y informacyjne dla poszczeg\u00f3lnych typ\u00f3w operacji przygotowane specjalnie dla Pa\u0144stwa przez naszego doradc\u0119. Prosimy o zapoznanie si\u0119 z podstawowymi informacjami w ramach interesuj\u0105cych Pa\u0144stwa zakres\u00f3w wsparcia &#8211; wszystkie [&hellip;]<\/p>\n","protected":false},"author":6,"featured_media":0,"parent":10700,"menu_order":0,"comment_status":"closed","ping_status":"closed","template":"","meta":{"ngg_post_thumbnail":0,"_price":"","_stock":"","_tribe_ticket_header":"","_tribe_default_ticket_provider":"","_ticket_start_date":"","_ticket_end_date":"","_tribe_ticket_show_description":"","_tribe_ticket_show_not_going":false,"_tribe_ticket_use_global_stock":"","_tribe_ticket_global_stock_level":"","_global_stock_mode":"","_global_stock_cap":"","_tribe_rsvp_for_event":"","_tribe_ticket_going_count":"","_tribe_ticket_not_going_count":"","_tribe_tickets_list":"[]","_tribe_ticket_has_attendee_info_fields":false,"footnotes":"","_tec_slr_enabled":"","_tec_slr_layout":""},"class_list":["post-10782","page","type-page","status-publish","hentry"],"rttpg_featured_image_url":null,"rttpg_author":{"display_name":"Iweta G\u0142\u00f3d","author_link":"https:\/\/partnerstwo-sowiogorskie.pl\/index.php\/author\/iglod\/"},"rttpg_comment":0,"rttpg_category":null,"rttpg_excerpt":"Poni\u017cej przedstawiamy materia\u0142y informacyjne dla poszczeg\u00f3lnych typ\u00f3w operacji przygotowane specjalnie dla Pa\u0144stwa przez naszego doradc\u0119. Prosimy o zapoznanie si\u0119 z podstawowymi informacjami w ramach interesuj\u0105cych Pa\u0144stwa zakres\u00f3w wsparcia &#8211; wszystkie [&hellip;]","ticketed":false,"_links":{"self":[{"href":"https:\/\/partnerstwo-sowiogorskie.pl\/index.php\/wp-json\/wp\/v2\/pages\/10782","targetHints":{"allow":["GET"]}}],"collection":[{"href":"https:\/\/partnerstwo-sowiogorskie.pl\/index.php\/wp-json\/wp\/v2\/pages"}],"about":[{"href":"https:\/\/partnerstwo-sowiogorskie.pl\/index.php\/wp-json\/wp\/v2\/types\/page"}],"author":[{"embeddable":true,"href":"https:\/\/partnerstwo-sowiogorskie.pl\/index.php\/wp-json\/wp\/v2\/users\/6"}],"replies":[{"embeddable":true,"href":"https:\/\/partnerstwo-sowiogorskie.pl\/index.php\/wp-json\/wp\/v2\/comments?post=10782"}],"version-history":[{"count":32,"href":"https:\/\/partnerstwo-sowiogorskie.pl\/index.php\/wp-json\/wp\/v2\/pages\/10782\/revisions"}],"predecessor-version":[{"id":11758,"href":"https:\/\/partnerstwo-sowiogorskie.pl\/index.php\/wp-json\/wp\/v2\/pages\/10782\/revisions\/11758"}],"up":[{"embeddable":true,"href":"https:\/\/partnerstwo-sowiogorskie.pl\/index.php\/wp-json\/wp\/v2\/pages\/10700"}],"wp:attachment":[{"href":"https:\/\/partnerstwo-sowiogorskie.pl\/index.php\/wp-json\/wp\/v2\/media?parent=10782"}],"curies":[{"name":"wp","href":"https:\/\/api.w.org\/{rel}","templated":true}]}}