{"id":10769,"date":"2024-08-16T10:20:42","date_gmt":"2024-08-16T09:20:42","guid":{"rendered":"https:\/\/partnerstwo-sowiogorskie.pl\/?page_id=10769"},"modified":"2024-08-16T12:15:44","modified_gmt":"2024-08-16T11:15:44","slug":"publikacje-prow-2014-2020","status":"publish","type":"page","link":"https:\/\/partnerstwo-sowiogorskie.pl\/index.php\/publikacje-prow-2014-2020\/","title":{"rendered":"Publikacje i filmy promocyjne LGD &#8220;Partnerstwo Sowiog\u00f3rskie&#8221;"},"content":{"rendered":"<p>Szanowni Pa\u0144stwo&nbsp;<\/p>\n<p>W poprzednim okresie programowania PROW 2014-2020 powsta\u0142o wiele ciekawych publikacji, kt\u00f3re zawiera\u0142y zar\u00f3wno informacje o zrealizowanych przez nas jak i przez naszych Beneficjent\u00f3w projektach.&nbsp;<\/p>\n<p>Wielk\u0105 szkod\u0105 by\u0142oby pozostawienie ich wy\u0142\u0105cznie na archiwalnej ju\u017c stronie. Nasz obszar nie traci uroku wraz z up\u0142ywem lat, a zawsze mi\u0142o jest powspomina\u0107 dotychczasowe realizacje.&nbsp;<\/p>\n<p>W\u015br\u00f3d nich mog\u0105 Pa\u0144stwo odnale\u017a\u0107 r\u00f3wnie\u017c informacje o miejscach noclegowych i gastronomicznych jak r\u00f3wnie\u017c najciekawszych atrakcjach turystycznych.&nbsp;<\/p>\n<p>Wszystkie publikacje oraz kolorowanki dla najm\u0142odszych zrealizowane przez nas od 2016 roku znajd\u0105 Pa\u0144stwo w poni\u017cszym linku:&nbsp;<\/p>\n<p><a href=\"http:\/\/archiwum.partnerstwo-sowiogorskie.pl\/88-nasze-publikacje\/\">PUBLIKACJE _ ARCHIWUM 2016-2023<\/a><\/p>\n<p><a href=\"http:\/\/archiwum.partnerstwo-sowiogorskie.pl\/files\/2023\/OW\/Wyrywanka.jpg\" target=\"_blank\" rel=\"noopener noreferrer\">Kolorowanka<\/a><\/p>\n<p><a href=\"http:\/\/archiwum.partnerstwo-sowiogorskie.pl\/files\/2023\/OW\/Wyrywanka2.jpg\" target=\"_blank\" rel=\"noopener noreferrer\">Ma\u0142a mapa&nbsp;<\/a><\/p>\n<h4 style=\"text-align: center;\"><strong>FILMY PROMOCYJNE i WARSZTATOWE<\/strong><\/h4>\n<h6><span style=\"color: #800000;\"><strong><em>&#8220;Festiwal Kulinarny: tradycje wsi polskiej i czeskiej&#8221;&nbsp; KUL-FEST&#8221;<\/em><\/strong><\/span><\/h6>\n<p>Festiwal kulinarny to projekt, kt\u00f3ry prezentowa\u0142 tradycje, czasem zapomniane potrawy: &#8220;smaki&nbsp;z przesz\u0142o\u015bci&#8221;, ale wzbogaci\u0142 r\u00f3wnie\u017c kultur\u0119 polsk\u0105 i czesk\u0105 o nowoczesne elementy. Widzowie i uczestnicy zostali zapoznani z lokalnymi recepturami regionalnej kuchni, kt\u00f3ra&nbsp;zjednoczy\u0142a&nbsp;zar\u00f3wno pokolenia jak i pozwoli\u0142a po\u0142\u0105czy\u0107 nowe umiej\u0119tno\u015bci z nowatorskim podej\u015bciem w celu opracowania nowych potraw, kt\u00f3re zosta\u0142y zaprezentowane na zako\u0144czeniu festiwalu kulinarnego.<\/p>\n<p>W ramach projektu zrealizowano zar\u00f3wno filmy promocyjne obszaru jak i sfilmowano realizowane warsztaty kulinarne.&nbsp;<\/p>\n<h6><strong>Film promocyjny &#8220;Smaki G\u00f3r Sowich&#8221;<\/strong>&nbsp;&#8211;&nbsp;<a href=\"https:\/\/www.youtube.com\/watch?v=vGGp_mkKVoU\" target=\"_blank\" rel=\"noopener noreferrer\">ca\u0142o\u015b\u0107&nbsp;<\/a><\/h6>\n<p>&#8220;Smaki G\u00f3r Sowich&#8221; &#8211;&nbsp;<a href=\"https:\/\/www.youtube.com\/watch?v=GX7-A7h4P7w\" target=\"_blank\" rel=\"noopener noreferrer\">Gmina G\u0142uszyca<\/a><\/p>\n<p>&#8220;Smaki G\u00f3r Sowich&#8221; &#8211;&nbsp;<a href=\"https:\/\/www.youtube.com\/watch?v=PU99M5BRbS0\" target=\"_blank\" rel=\"noopener noreferrer\">Gmina Walim<\/a><\/p>\n<p>&#8220;Smaki G\u00f3r Sowich&#8221; &#8211;&nbsp;<a href=\"https:\/\/www.youtube.com\/watch?v=qjQUCijD4ag\" target=\"_blank\" rel=\"noopener noreferrer\">Gmina Pieszyce&nbsp;<\/a><\/p>\n<p>&#8220;Smaki G\u00f3r Sowich&#8221; &#8211;&nbsp;<a href=\"https:\/\/www.youtube.com\/watch?v=sbTgmqJ_IMM\" target=\"_blank\" rel=\"noopener noreferrer\">Gmina Jedlina &#8211; Zdr\u00f3j&nbsp;<\/a><\/p>\n<p>&#8220;Smaki G\u00f3r Sowich&#8221; &#8211;&nbsp;<a href=\"https:\/\/www.youtube.com\/watch?v=NmVhUi-P2BU\" target=\"_blank\" rel=\"noopener noreferrer\">Gmina Nowa Ruda<\/a>&nbsp;<\/p>\n<h6 id=\"mcetoc_1fijfcl8r1\"><em><strong>Warsztaty &#8220;Smaki z przesz\u0142o\u015bci&#8221;<\/strong><\/em><\/h6>\n<p>W ramach projektu za\u0142o\u017cono realizacj\u0119 warsztat\u00f3w kulinarnych w formie online. Celem tej cz\u0119\u015bci projektu by\u0142o przekazanie zasad zdrowego \u017cywienia opartego na tradycjach kulinarnych z&nbsp;wykorzystaniem&nbsp;lokalnych produkt\u00f3w.&nbsp;<\/p>\n<p>Zapraszamy do obejrzenia efekt\u00f3w naszej pracy:<\/p>\n<p><strong>Odcinek&nbsp;1 Pstr\u0105g w zio\u0142ach&nbsp;<\/strong><\/p>\n<p><strong><a href=\"https:\/\/www.youtube.com\/watch?v=grOoHRK7PO8\">https:\/\/www.youtube.com\/watch?v=grOoHRK7PO8<\/a><\/strong><\/p>\n<p><strong>Odcinek 2&nbsp;Golonka w piwie&nbsp;<\/strong><\/p>\n<p><strong><a href=\"https:\/\/www.youtube.com\/watch?v=2xb_iHhuQNs\">https:\/\/www.youtube.com\/watch?v=2xb_iHhuQNs<\/a><\/strong><\/p>\n<p><strong>Odcinek 3 Sa\u0142atka z kozim serem<\/strong><\/p>\n<p><strong><a href=\"https:\/\/www.youtube.com\/watch?v=b5K29X6DxBo\">https:\/\/www.youtube.com\/watch?v=b5K29X6DxBo<\/a><\/strong><\/p>\n<p><strong>Odcinek 4 Sa\u0142atka w desingu lawendowym<\/strong><\/p>\n<p><strong><a href=\"https:\/\/www.youtube.com\/watch?v=NsrRH6OsjQ4\">https:\/\/www.youtube.com\/watch?v=NsrRH6OsjQ4<\/a><\/strong><\/p>\n<p><strong>Odcinek 5 Duszona baranina z warzywami<\/strong><\/p>\n<p><strong><a href=\"https:\/\/www.youtube.com\/watch?v=27rwJRv9t84\">https:\/\/www.youtube.com\/watch?v=27rwJRv9t84<\/a><\/strong><\/p>\n<p><strong>Odcinek 6&nbsp;Pavli\u0161ov -sma\u017cony kotlet wieprzowy podawany z kiszon\u0105 kapust\u0105<\/strong><\/p>\n<p><strong><a href=\"https:\/\/www.youtube.com\/watch?v=iDzAz9_rQRQ\">https:\/\/www.youtube.com\/watch?v=iDzAz9_rQRQ<\/a><\/strong><\/p>\n<p>&nbsp;<\/p>\n<p><span style=\"color: #800000;\"><strong>Sowiog\u00f3rskie warsztaty filmowe<\/strong><\/span> &#8211; po\u015bwi\u0119cone podniesieniu wiedzy spo\u0142eczno\u015bci lokalnej w zakresie ochrony przyrody i zmian klimatycznych.<br \/>\nW ramach zadania zosta\u0142o zlecone napisanie scenariusza filmu uwzgl\u0119dniaj\u0105cego tematyk\u0119 ochrony przyrody i zmian klimatycznych.&nbsp;<br \/>\n<a href=\"https:\/\/www.youtube.com\/watch?v=-y7bNhn0A7Y\">Obejrzyj film &gt;&gt;&gt;<\/a><\/p>\n<p><span style=\"color: #800000;\"><em><strong>Ro\u015blinariusz G\u00f3r Sowich &#8211; film zrealizowany przy okazji warsztat\u00f3w po\u015bwi\u0119conych upowszechnianiu wiedzy o w\u0142a\u015bciwo\u015bciach zi\u00f3\u0142 i dzikich ro\u015blin<\/strong><\/em><\/span><br \/>\n<a href=\"https:\/\/youtu.be\/UIZpsc2J1Ok\" target=\"_blank\" rel=\"noopener noreferrer\">Obejrzyj film &gt;&gt;&gt;<\/a>&nbsp;<\/p>\n<p><span style=\"color: #800000;\"><strong><em>Filmy instrukta\u017cowe odnosz\u0105ce si\u0119 do tematyki Mikro\u015bwiata Gnejs\u00f3w Sowiog\u00f3rskich:<\/em><\/strong><\/span><\/p>\n<ol>\n<li>Mikro\u015bwiat gnejs\u00f3w<a href=\"http:\/\/archiwum.partnerstwo-sowiogorskie.pl\/files\/2022\/grant_5\/Mikroswiat_gnejsow.pdf\" target=\"_blank\" rel=\"noopener noreferrer\">&nbsp;PL &gt;&gt;&gt;&gt;&gt;<\/a>&nbsp; &nbsp; &nbsp; &nbsp; &nbsp; &nbsp; &nbsp; &nbsp; &nbsp; &nbsp; &nbsp; &nbsp; &nbsp; &nbsp; &nbsp; &nbsp; &nbsp; &nbsp; &nbsp; &nbsp; &nbsp;Zapora wodna&nbsp;<a href=\"https:\/\/youtu.be\/UISdho2dip8\" target=\"_blank\" rel=\"noopener noreferrer\">&gt;&gt;&gt;&gt; obejrzyj&nbsp;<\/a><\/li>\n<li>Mikro\u015bwiat gnejs\u00f3w&nbsp;<a href=\"http:\/\/archiwum.partnerstwo-sowiogorskie.pl\/files\/2022\/grant_5\/publikacja_cz.pdf\" target=\"_blank\" rel=\"noopener noreferrer\">CZ &gt;&gt;&gt;&gt;&gt;<\/a>&nbsp; &nbsp; &nbsp; &nbsp; &nbsp; &nbsp; &nbsp; &nbsp; &nbsp; &nbsp; &nbsp; &nbsp; &nbsp; &nbsp; &nbsp; &nbsp; &nbsp; &nbsp; &nbsp; &nbsp; &nbsp;Polaryzacja&nbsp; &nbsp; &nbsp;<a href=\"https:\/\/youtu.be\/AP9i0iFDj98\" target=\"_blank\" rel=\"noopener noreferrer\">&gt;&gt;&gt;&gt; obejrzyj<\/a>&nbsp;<\/li>\n<li>Mikro\u015bwiat gnejs\u00f3w&nbsp;<a href=\"http:\/\/archiwum.partnerstwo-sowiogorskie.pl\/files\/2022\/grant_5\/publikacja_de.pdf\" target=\"_blank\" rel=\"noopener noreferrer\">DE &gt;&gt;&gt;&gt;&gt;<\/a>&nbsp; &nbsp; &nbsp; &nbsp; &nbsp; &nbsp; &nbsp; &nbsp; &nbsp; &nbsp; &nbsp; &nbsp; &nbsp; &nbsp; &nbsp; &nbsp; &nbsp; &nbsp; &nbsp; &nbsp; &nbsp;Antropocen&nbsp; &nbsp; &nbsp;<a href=\"https:\/\/youtu.be\/yQ1FzHEIb1o\" target=\"_blank\" rel=\"noopener noreferrer\">&gt;&gt;&gt;&gt; obejrzyj<\/a><\/li>\n<li>Mikro\u015bwiat gnejs\u00f3w&nbsp;<a href=\"http:\/\/archiwum.partnerstwo-sowiogorskie.pl\/files\/2022\/grant_5\/publikacja_en.pdf\" target=\"_blank\" rel=\"noopener noreferrer\">EN &gt;&gt;&gt;&gt;&gt;<\/a>&nbsp; &nbsp; &nbsp; &nbsp; &nbsp; &nbsp; &nbsp; &nbsp; &nbsp; &nbsp; &nbsp; &nbsp; &nbsp; &nbsp; &nbsp; &nbsp; &nbsp; &nbsp; &nbsp; &nbsp; &nbsp;Mikroskop&nbsp; &nbsp; &nbsp; &nbsp;<a href=\"https:\/\/youtu.be\/IFlPFmrPEbY\" target=\"_blank\" rel=\"noopener noreferrer\">&gt;&gt;&gt;&gt; obejrzyj&nbsp;<\/a><\/li>\n<\/ol>\n<p>&nbsp;<\/p>\n<p><span style=\"color: #800000;\"><em><strong>Warsztaty ekologiczne on-line \u201eSowiog\u00f3rskie skarby &#8211; w obiektywie i w sieci\u201d:&nbsp;<\/strong><\/em><\/span><\/p>\n<p>1.&nbsp;<strong>Jak chroni\u0107 przyrod\u0119?<\/strong>&#8211; Grzegorz Borensztajn, le\u015bnik z zami\u0142owania i z wykszta\u0142cenia<\/p>\n<p><a href=\"https:\/\/www.youtube.com\/watch?v=ljlL1_t3Ek8&amp;feature=share&amp;fbclid=IwAR12ioD09ZWPTD0kFn7IjmihRGR5M94E10KUqJdPcolSowm_52VRT6pKuo4\">https:\/\/www.youtube.com\/watch?v=ljlL1_t3Ek8&amp;feature=share&amp;fbclid=IwAR12ioD09ZWPTD0kFn7IjmihRGR5M94E10KUqJdPcolSowm_52VRT6pKuo4<\/a><\/p>\n<p>2. &#8220;PASIEKA\u201d Jedlina-Zdr\u00f3j.&nbsp;<strong>O niezwykle wa\u017cnej roli pszcz\u00f3\u0142 w ekosystemie<\/strong>&nbsp;opowiada Andrzej Zapotoczny,<br \/>\n&nbsp; &nbsp; w\u0142a\u015bciciel pasieki<\/p>\n<p><a href=\"https:\/\/www.youtube.com\/watch?v=vso27aVdKnE&amp;feature=emb_title\">https:\/\/www.youtube.com\/watch?v=vso27aVdKnE&amp;feature=emb_title<\/a><\/p>\n<p>3.&nbsp;<strong>Odnawialne \u017ar\u00f3d\u0142a energii<\/strong>&nbsp;&#8211; Roman G\u0142\u00f3d&nbsp;<\/p>\n<p><a href=\"https:\/\/www.youtube.com\/watch?v=_u88CGSqA94\">https:\/\/www.youtube.com\/watch?v=_u88CGSqA94<\/a><\/p>\n<p>4.&nbsp;<strong>Dzia\u0142ania na rzecz ochrony \u015brodowiska<\/strong>&nbsp;&#8211; Katarzyna \u0141azanowska&nbsp;<\/p>\n<p><a href=\"https:\/\/www.youtube.com\/watch?v=frqT0fOTjIk\">https:\/\/www.youtube.com\/watch?v=frqT0fOTjIk<\/a><\/p>\n<p>5.&nbsp;<strong>Ochrona przyrody dla najm\u0142odszych i nie tylko<\/strong>&nbsp;&#8211; Joanna Hulewicz&nbsp;<\/p>\n<p><a href=\"https:\/\/www.youtube.com\/watch?v=pudUmJ_LZ-s\">https:\/\/www.youtube.com\/watch?v=pudUmJ_LZ-s<\/a><\/p>\n<p>6.&nbsp;<strong>Ochrona las\u00f3w&nbsp;<\/strong>&#8211; \u0141ukasz Meljon<\/p>\n<p><a href=\"https:\/\/www.youtube.com\/watch?v=wrcwhBIMTeY\">https:\/\/www.youtube.com\/watch?v=wrcwhBIMTeY<\/a><\/p>\n<p>7.&nbsp;<strong>Zanieczyszczenia powietrza w skali lokalnej &#8211; charakterystyka, zagro\u017cenia, skutki \u015brodowiskowe<\/strong>&nbsp;&#8211; oprac. Aleksandra Kustra, czyta Robert Delegiewicz<\/p>\n<p><a href=\"https:\/\/www.youtube.com\/watch?v=erMyliHrQug\">https:\/\/www.youtube.com\/watch?v=erMyliHrQug<\/a><\/p>\n<p>8.<strong>&nbsp;Zmiany klimatyczne i ich konsekwencje \u015brodowiskowe<\/strong>&nbsp;&#8211; opracowanie: Aleksandra Kustra, czyta: Robert Delegiewicz<\/p>\n<p><a href=\"https:\/\/www.youtube.com\/watch?v=J9Ptm-Z9CS0\">https:\/\/www.youtube.com\/watch?v=J9Ptm-Z9CS0<\/a><\/p>\n<p>9.&nbsp;<strong>Jak oszcz\u0119dza\u0107 wod\u0119<\/strong>&nbsp;&#8211; Tomasz Senyk<\/p>\n<p><a href=\"https:\/\/www.youtube.com\/watch?v=EbATgwavC6E\">https:\/\/www.youtube.com\/watch?v=EbATgwavC6E<\/a><\/p>\n<p>10.&nbsp;<strong>Gospodarka odpadami<\/strong>&nbsp;&#8211; Marta Wr\u00f3blewska<\/p>\n<p><a href=\"https:\/\/www.youtube.com\/watch?v=iyp_hcy8Sik\">https:\/\/www.youtube.com\/watch?v=iyp_hcy8Sik<\/a><\/p>\n<h4 style=\"text-align: center;\"><strong>PUBLIKACJE ZREALIZOWANE PRZEZ GARNTOBIORC\u00d3W:<\/strong><\/h4>\n<ol>\n<li class=\"Title\">G\u00f3ry Sowie \u2013 pi\u0119kno do odkrycia &#8211; publikacja przedstawia tw\u00f3rczo\u015b\u0107 autor\u00f3w promuj\u0105cych Gmin\u0119 G\u0142uszyca. Wzbogaceniem tekst\u00f3w poetyckich znajduj\u0105cych si\u0119 w publikacji s\u0105 zdj\u0119cia wykonane przez miejscowych pasjonat\u00f3w fotografii. <a href=\"https:\/\/issuu.com\/fiodesign997\/docs\/sk_ad\" target=\"_blank\" rel=\"noopener noreferrer\">Tu jest m\u00f3j dom &gt;&gt;&gt;&gt;<\/a><\/li>\n<\/ol>\n","protected":false},"excerpt":{"rendered":"<p>Szanowni Pa\u0144stwo&nbsp; W poprzednim okresie programowania PROW 2014-2020 powsta\u0142o wiele ciekawych publikacji, kt\u00f3re zawiera\u0142y zar\u00f3wno informacje o zrealizowanych przez nas jak i przez naszych Beneficjent\u00f3w projektach.&nbsp; Wielk\u0105 szkod\u0105 by\u0142oby pozostawienie [&hellip;]<\/p>\n","protected":false},"author":6,"featured_media":0,"parent":0,"menu_order":0,"comment_status":"closed","ping_status":"closed","template":"","meta":{"ngg_post_thumbnail":0,"_price":"","_stock":"","_tribe_ticket_header":"","_tribe_default_ticket_provider":"","_ticket_start_date":"","_ticket_end_date":"","_tribe_ticket_show_description":"","_tribe_ticket_show_not_going":false,"_tribe_ticket_use_global_stock":"","_tribe_ticket_global_stock_level":"","_global_stock_mode":"","_global_stock_cap":"","_tribe_rsvp_for_event":"","_tribe_ticket_going_count":"","_tribe_ticket_not_going_count":"","_tribe_tickets_list":"[]","_tribe_ticket_has_attendee_info_fields":false,"footnotes":"","_tec_slr_enabled":"","_tec_slr_layout":""},"class_list":["post-10769","page","type-page","status-publish","hentry"],"rttpg_featured_image_url":null,"rttpg_author":{"display_name":"Iweta G\u0142\u00f3d","author_link":"https:\/\/partnerstwo-sowiogorskie.pl\/index.php\/author\/iglod\/"},"rttpg_comment":0,"rttpg_category":null,"rttpg_excerpt":"Szanowni Pa\u0144stwo&nbsp; W poprzednim okresie programowania PROW 2014-2020 powsta\u0142o wiele ciekawych publikacji, kt\u00f3re zawiera\u0142y zar\u00f3wno informacje o zrealizowanych przez nas jak i przez naszych Beneficjent\u00f3w projektach.&nbsp; Wielk\u0105 szkod\u0105 by\u0142oby pozostawienie [&hellip;]","ticketed":false,"_links":{"self":[{"href":"https:\/\/partnerstwo-sowiogorskie.pl\/index.php\/wp-json\/wp\/v2\/pages\/10769","targetHints":{"allow":["GET"]}}],"collection":[{"href":"https:\/\/partnerstwo-sowiogorskie.pl\/index.php\/wp-json\/wp\/v2\/pages"}],"about":[{"href":"https:\/\/partnerstwo-sowiogorskie.pl\/index.php\/wp-json\/wp\/v2\/types\/page"}],"author":[{"embeddable":true,"href":"https:\/\/partnerstwo-sowiogorskie.pl\/index.php\/wp-json\/wp\/v2\/users\/6"}],"replies":[{"embeddable":true,"href":"https:\/\/partnerstwo-sowiogorskie.pl\/index.php\/wp-json\/wp\/v2\/comments?post=10769"}],"version-history":[{"count":14,"href":"https:\/\/partnerstwo-sowiogorskie.pl\/index.php\/wp-json\/wp\/v2\/pages\/10769\/revisions"}],"predecessor-version":[{"id":10824,"href":"https:\/\/partnerstwo-sowiogorskie.pl\/index.php\/wp-json\/wp\/v2\/pages\/10769\/revisions\/10824"}],"wp:attachment":[{"href":"https:\/\/partnerstwo-sowiogorskie.pl\/index.php\/wp-json\/wp\/v2\/media?parent=10769"}],"curies":[{"name":"wp","href":"https:\/\/api.w.org\/{rel}","templated":true}]}}