{"id":10754,"date":"2024-08-16T10:09:22","date_gmt":"2024-08-16T09:09:22","guid":{"rendered":"https:\/\/partnerstwo-sowiogorskie.pl\/?page_id=10754"},"modified":"2025-03-06T07:54:17","modified_gmt":"2025-03-06T06:54:17","slug":"zapytania-ofertowe","status":"publish","type":"page","link":"https:\/\/partnerstwo-sowiogorskie.pl\/index.php\/ps-wpr-2023-2027\/zapytania-ofertowe\/","title":{"rendered":"Zapytania ofertowe"},"content":{"rendered":"<p>Lokalna Grupa Dzia\u0142ania &#8220;Partnerstwo Sowiog\u00f3rskie&#8221; (LGD) zaprasza zainteresowanych do sk\u0142adania ofert cenowych w ramach zada\u0144 realizowanych w ramach interwencji I.13.1 LEADER \/ Rozw\u00f3j Lokalny Kierowany przez Spo\u0142eczno\u015b\u0107 (RLKS) \u2013 Plan Strategiczny dla Wsp\u00f3lnej Polityki Rolnej na lata 2023-2027<\/p>\n<p>Ka\u017cdy z aktualnych formularzy ofert dost\u0119pny jest do pobrania na czas trwania zapytania ofertowego wskazanego w formularzu.<\/p>\n<p><u>Informacje dodatkowe:<\/u><\/p>\n<ol>\n<li>Wykonawca sk\u0142ada ofert\u0119 w formie pisemnej w terminie oraz na zasadach wskazanych w Formularzu Oferty b\u0105d\u017a w\u0142asnym zawieraj\u0105cym wszystkie wskazane dane przedmiotu zam\u00f3wienia.<\/li>\n<li>Oferta jest wa\u017cna je\u017celi zosta\u0142a podpisana przez Oferenta.<\/li>\n<li><u>O terminowo\u015bci\u00a0<\/u>z\u0142o\u017cenia oferty decyduje\u00a0<u>data wp\u0142ywu\u00a0<\/u>do biura\u00a0LGD.<\/li>\n<li>Oferta najkorzystniejsza zostanie wybrana do realizacji pod warunkiem mo\u017cliwo\u015bci jej realizacji w ramach za\u0142o\u017conego w bud\u017cecie limitu \u015brodk\u00f3w na realizowane zadanie w ramach wskazanego w ofercie poddzia\u0142ania.<\/li>\n<li>LGD zastrzega mo\u017cliwo\u015b\u0107 odst\u0105pienia od realizacji przedmiotu zapytania bez podania przyczyny.<\/li>\n<\/ol>\n<p><u>Osoba uprawniona do kontaktu:<\/u><br \/>\nDyrektor Biura &#8211; Iweta G\u0142\u00f3d lub osoba wskazana w formularzu oferty.<\/p>\n<p><a href=\"https:\/\/partnerstwo-sowiogorskie.pl\/index.php\/kontakt\/\">DANE KONTAKTOWE &gt;&gt;&gt;<\/a><\/p>\n<p><strong>ZAPYTANIA OFERTOWE 2025<\/strong><\/p>\n<p><strong>AKTUALNE<\/strong><\/p>\n<ol>\n<li>Catering szkolenie dla Rady <a href=\"https:\/\/partnerstwo-sowiogorskie.pl\/wp-content\/uploads\/2025\/03\/ZAP_1_LGD_catering.doc\">&gt;&gt;&gt;pobierz<\/a><\/li>\n<\/ol>\n<p>&nbsp;<\/p>\n<p><strong>****************************************************************************<\/strong><\/p>\n<p><strong>ZAPYTANIA OFERTOWE\u00a02024\u00a0<\/strong><\/p>\n<p><strong>AKTUALNE<\/strong><\/p>\n<p>&#8211;<\/p>\n<p><a href=\"http:\/\/archiwum.partnerstwo-sowiogorskie.pl\/74-zapytania-ofertowe\/\"><strong>ZAKO\u0143CZONE (I P\u00d3\u0141ROCZE 2024) <\/strong>&gt;&gt;&gt;<\/a><\/p>\n","protected":false},"excerpt":{"rendered":"<p>Lokalna Grupa Dzia\u0142ania &#8220;Partnerstwo Sowiog\u00f3rskie&#8221; (LGD) zaprasza zainteresowanych do sk\u0142adania ofert cenowych w ramach zada\u0144 realizowanych w ramach interwencji I.13.1 LEADER \/ Rozw\u00f3j Lokalny Kierowany przez Spo\u0142eczno\u015b\u0107 (RLKS) \u2013 Plan [&hellip;]<\/p>\n","protected":false},"author":6,"featured_media":0,"parent":10230,"menu_order":0,"comment_status":"closed","ping_status":"closed","template":"","meta":{"ngg_post_thumbnail":0,"_price":"","_stock":"","_tribe_ticket_header":"","_tribe_default_ticket_provider":"","_ticket_start_date":"","_ticket_end_date":"","_tribe_ticket_show_description":"","_tribe_ticket_show_not_going":false,"_tribe_ticket_use_global_stock":"","_tribe_ticket_global_stock_level":"","_global_stock_mode":"","_global_stock_cap":"","_tribe_rsvp_for_event":"","_tribe_ticket_going_count":"","_tribe_ticket_not_going_count":"","_tribe_tickets_list":"[]","_tribe_ticket_has_attendee_info_fields":false,"footnotes":"","_tec_slr_enabled":"","_tec_slr_layout":""},"class_list":["post-10754","page","type-page","status-publish","hentry"],"rttpg_featured_image_url":null,"rttpg_author":{"display_name":"Iweta G\u0142\u00f3d","author_link":"https:\/\/partnerstwo-sowiogorskie.pl\/index.php\/author\/iglod\/"},"rttpg_comment":0,"rttpg_category":null,"rttpg_excerpt":"Lokalna Grupa Dzia\u0142ania &#8220;Partnerstwo Sowiog\u00f3rskie&#8221; (LGD) zaprasza zainteresowanych do sk\u0142adania ofert cenowych w ramach zada\u0144 realizowanych w ramach interwencji I.13.1 LEADER \/ Rozw\u00f3j Lokalny Kierowany przez Spo\u0142eczno\u015b\u0107 (RLKS) \u2013 Plan [&hellip;]","ticketed":false,"_links":{"self":[{"href":"https:\/\/partnerstwo-sowiogorskie.pl\/index.php\/wp-json\/wp\/v2\/pages\/10754","targetHints":{"allow":["GET"]}}],"collection":[{"href":"https:\/\/partnerstwo-sowiogorskie.pl\/index.php\/wp-json\/wp\/v2\/pages"}],"about":[{"href":"https:\/\/partnerstwo-sowiogorskie.pl\/index.php\/wp-json\/wp\/v2\/types\/page"}],"author":[{"embeddable":true,"href":"https:\/\/partnerstwo-sowiogorskie.pl\/index.php\/wp-json\/wp\/v2\/users\/6"}],"replies":[{"embeddable":true,"href":"https:\/\/partnerstwo-sowiogorskie.pl\/index.php\/wp-json\/wp\/v2\/comments?post=10754"}],"version-history":[{"count":6,"href":"https:\/\/partnerstwo-sowiogorskie.pl\/index.php\/wp-json\/wp\/v2\/pages\/10754\/revisions"}],"predecessor-version":[{"id":11312,"href":"https:\/\/partnerstwo-sowiogorskie.pl\/index.php\/wp-json\/wp\/v2\/pages\/10754\/revisions\/11312"}],"up":[{"embeddable":true,"href":"https:\/\/partnerstwo-sowiogorskie.pl\/index.php\/wp-json\/wp\/v2\/pages\/10230"}],"wp:attachment":[{"href":"https:\/\/partnerstwo-sowiogorskie.pl\/index.php\/wp-json\/wp\/v2\/media?parent=10754"}],"curies":[{"name":"wp","href":"https:\/\/api.w.org\/{rel}","templated":true}]}}