{"id":10750,"date":"2024-08-16T10:06:32","date_gmt":"2024-08-16T09:06:32","guid":{"rendered":"https:\/\/partnerstwo-sowiogorskie.pl\/?page_id=10750"},"modified":"2025-10-17T13:10:57","modified_gmt":"2025-10-17T12:10:57","slug":"ankiety-monitorujace","status":"publish","type":"page","link":"https:\/\/partnerstwo-sowiogorskie.pl\/index.php\/ps-wpr-2023-2027\/ankiety-monitorujace\/","title":{"rendered":"Ankiety monitoruj\u0105ce LGD"},"content":{"rendered":"<h6>I. <strong>FORMULARZ ANKIETY MONITORUJ\u0104CEJ NA POTRZEBY MONITOROWANIA REALIZACJI LSR&nbsp;<\/strong><br \/>\nAnkiet\u0119 sk\u0142adaj\u0105 Beneficjenci, kt\u00f3rzy otrzymali p\u0142atno\u015b\u0107 ostateczn\u0105 po realizacji operacji.<br \/>\nformularz ankiety &gt;&gt;&gt;<a href=\"https:\/\/partnerstwo-sowiogorskie.pl\/wp-content\/uploads\/2025\/10\/Ankieta_monitorujaca_LGD_Beneficjenci_PSWPR.doc\">&gt;&gt;&gt; pobierz<\/a><\/h6>\n<p>&nbsp;<\/p>\n<ol>\n<li>Ankieta Monitoruj\u0105ca&nbsp;<strong>Poziom Doradztwa<\/strong> \u015bwiadczonego Przez&nbsp; Lokaln\u0105 Grup\u0119 Dzia\u0142ania \u201ePartnerstwo Sowiog\u00f3rskie\u201d <a href=\"https:\/\/partnerstwo-sowiogorskie.pl\/wp-content\/uploads\/2024\/08\/Ankieta_doradztwo_LGD.docx\">&gt;&gt;&gt;<\/a><\/li>\n<li>Ankieta Monitoruj\u0105ca&nbsp;<strong>Poziom Szkolenia<\/strong> przeprowadzonego Przez&nbsp; Lokaln\u0105 Grup\u0119 Dzia\u0142ania \u201ePartnerstwo Sowiog\u00f3rskie\u201d <a href=\"https:\/\/partnerstwo-sowiogorskie.pl\/wp-content\/uploads\/2024\/08\/Ankieta_szkolenia_LGD.docx\">&gt;&gt;&gt;<\/a><\/li>\n<li>Ankieta badaj\u0105ca&nbsp;<strong>efekty animacji lokalnej i wsp\u00f3\u0142pracy<\/strong> (organizacja spotka\u0144, warsztat\u00f3w, szkole\u0144, konsultacji ze spo\u0142eczno\u015bci\u0105 lokaln\u0105 w sprawie planowanych nabor\u00f3w) <a href=\"https:\/\/partnerstwo-sowiogorskie.pl\/wp-content\/uploads\/2024\/08\/Ankieta_animacja_LGD.docx\">&gt;&gt;&gt;<\/a><\/li>\n<\/ol>\n<p>Ankiety 1-3&nbsp; mo\u017cna sk\u0142ada\u0107 bezpo\u015brednio w biurze LGD, przesy\u0142a\u0107 poczt\u0105 elektroniczn\u0105 lub tradycyjn\u0105.&nbsp;<\/p>\n","protected":false},"excerpt":{"rendered":"<p>I. FORMULARZ ANKIETY MONITORUJ\u0104CEJ NA POTRZEBY MONITOROWANIA REALIZACJI LSR&nbsp; Ankiet\u0119 sk\u0142adaj\u0105 Beneficjenci, kt\u00f3rzy otrzymali p\u0142atno\u015b\u0107 ostateczn\u0105 po realizacji operacji. formularz ankiety &gt;&gt;&gt;&gt;&gt;&gt; pobierz &nbsp; Ankieta Monitoruj\u0105ca&nbsp;Poziom Doradztwa \u015bwiadczonego Przez&nbsp; Lokaln\u0105 [&hellip;]<\/p>\n","protected":false},"author":6,"featured_media":0,"parent":10230,"menu_order":0,"comment_status":"closed","ping_status":"closed","template":"","meta":{"ngg_post_thumbnail":0,"_price":"","_stock":"","_tribe_ticket_header":"","_tribe_default_ticket_provider":"","_ticket_start_date":"","_ticket_end_date":"","_tribe_ticket_show_description":"","_tribe_ticket_show_not_going":false,"_tribe_ticket_use_global_stock":"","_tribe_ticket_global_stock_level":"","_global_stock_mode":"","_global_stock_cap":"","_tribe_rsvp_for_event":"","_tribe_ticket_going_count":"","_tribe_ticket_not_going_count":"","_tribe_tickets_list":"[]","_tribe_ticket_has_attendee_info_fields":false,"footnotes":"","_tec_slr_enabled":"","_tec_slr_layout":""},"class_list":["post-10750","page","type-page","status-publish","hentry"],"rttpg_featured_image_url":null,"rttpg_author":{"display_name":"Iweta G\u0142\u00f3d","author_link":"https:\/\/partnerstwo-sowiogorskie.pl\/index.php\/author\/iglod\/"},"rttpg_comment":0,"rttpg_category":null,"rttpg_excerpt":"I. FORMULARZ ANKIETY MONITORUJ\u0104CEJ NA POTRZEBY MONITOROWANIA REALIZACJI LSR&nbsp; Ankiet\u0119 sk\u0142adaj\u0105 Beneficjenci, kt\u00f3rzy otrzymali p\u0142atno\u015b\u0107 ostateczn\u0105 po realizacji operacji. formularz ankiety &gt;&gt;&gt;&gt;&gt;&gt; pobierz &nbsp; Ankieta Monitoruj\u0105ca&nbsp;Poziom Doradztwa \u015bwiadczonego Przez&nbsp; Lokaln\u0105 [&hellip;]","ticketed":false,"_links":{"self":[{"href":"https:\/\/partnerstwo-sowiogorskie.pl\/index.php\/wp-json\/wp\/v2\/pages\/10750","targetHints":{"allow":["GET"]}}],"collection":[{"href":"https:\/\/partnerstwo-sowiogorskie.pl\/index.php\/wp-json\/wp\/v2\/pages"}],"about":[{"href":"https:\/\/partnerstwo-sowiogorskie.pl\/index.php\/wp-json\/wp\/v2\/types\/page"}],"author":[{"embeddable":true,"href":"https:\/\/partnerstwo-sowiogorskie.pl\/index.php\/wp-json\/wp\/v2\/users\/6"}],"replies":[{"embeddable":true,"href":"https:\/\/partnerstwo-sowiogorskie.pl\/index.php\/wp-json\/wp\/v2\/comments?post=10750"}],"version-history":[{"count":7,"href":"https:\/\/partnerstwo-sowiogorskie.pl\/index.php\/wp-json\/wp\/v2\/pages\/10750\/revisions"}],"predecessor-version":[{"id":11706,"href":"https:\/\/partnerstwo-sowiogorskie.pl\/index.php\/wp-json\/wp\/v2\/pages\/10750\/revisions\/11706"}],"up":[{"embeddable":true,"href":"https:\/\/partnerstwo-sowiogorskie.pl\/index.php\/wp-json\/wp\/v2\/pages\/10230"}],"wp:attachment":[{"href":"https:\/\/partnerstwo-sowiogorskie.pl\/index.php\/wp-json\/wp\/v2\/media?parent=10750"}],"curies":[{"name":"wp","href":"https:\/\/api.w.org\/{rel}","templated":true}]}}