{"id":10748,"date":"2024-08-16T10:05:03","date_gmt":"2024-08-16T09:05:03","guid":{"rendered":"https:\/\/partnerstwo-sowiogorskie.pl\/?page_id=10748"},"modified":"2025-12-08T13:31:57","modified_gmt":"2025-12-08T12:31:57","slug":"regulaminy-i-procedury","status":"publish","type":"page","link":"https:\/\/partnerstwo-sowiogorskie.pl\/index.php\/ps-wpr-2023-2027\/regulaminy-i-procedury\/","title":{"rendered":"Regulaminy i procedury"},"content":{"rendered":"<p><strong>I. Regulamin Pracy Rady Lokalnej Grupy Dzia\u0142ania \u201ePartnerstwo Sowiog\u00f3rskie\u201d w ramach wdra\u017cania Lokalnej Strategii Rozwoju na lata 2023 -2027&nbsp;<\/strong><\/p>\n<p>Aktualne:<\/p>\n<p><a href=\"https:\/\/partnerstwo-sowiogorskie.pl\/wp-content\/uploads\/2025\/09\/I_v5_Regulamin_Pracy_Rady_22092025.pdf\" target=\"_blank\" rel=\"noopener\">I_v5_Regulamin_Pracy_Rady_22092025<\/a><\/p>\n<p>Archiwum:<\/p>\n<p><a href=\"https:\/\/partnerstwo-sowiogorskie.pl\/wp-content\/uploads\/2025\/03\/I_v4_Regulamin_Pracy_Rady_26032025.pdf\" target=\"_blank\" rel=\"noopener\">I_v4_Regulamin_Pracy_Rady_26032025<\/a><\/p>\n<p><a href=\"https:\/\/partnerstwo-sowiogorskie.pl\/wp-content\/uploads\/2025\/02\/I_v3_Regulamin_Pracy_Rady_30122024.pdf\" target=\"_blank\" rel=\"noopener\">I_v3_Regulamin_Pracy_Rady_30122024<\/a><\/p>\n<p><a href=\"https:\/\/partnerstwo-sowiogorskie.pl\/wp-content\/uploads\/2024\/09\/I_v2_Regulamin_Pracy_Rady_25072024.pdf\" target=\"_blank\" rel=\"noopener\">I_v2_Regulamin_Pracy_Rady_25072024<\/a><\/p>\n<p>&nbsp;<\/p>\n<p><strong>II. PROCEDURA OCENY I WYBORU OPERACJI w ramach wdra\u017cania Lokalnej Strategii Rozwoju na lata 2023 &#8211; 2027:<\/strong><\/p>\n<p>Aktualne:<\/p>\n<p><a href=\"https:\/\/partnerstwo-sowiogorskie.pl\/wp-content\/uploads\/2025\/12\/II_Procedura_oceny_i_wyboru_operacji_v6_04122025.pdf\" target=\"_blank\" rel=\"noopener\">II_Procedura_oceny_i_wyboru_operacji_v6_04122025<\/a><\/p>\n<p><a href=\"https:\/\/partnerstwo-sowiogorskie.pl\/wp-content\/uploads\/2025\/12\/II_zal_1_Karta_weryfikacji_wniosku_konkursowa_v5_04122025.pdf\" target=\"_blank\" rel=\"noopener\">II_zal_1_Karta_weryfikacji_wniosku_konkursowa_v5_04122025<\/a><\/p>\n<p>Archiwum:<\/p>\n<p><a href=\"https:\/\/partnerstwo-sowiogorskie.pl\/wp-content\/uploads\/2025\/09\/II_Procedura_oceny_i_wyboru_operacji_v5_22092025.pdf\" target=\"_blank\" rel=\"noopener\">II_Procedura_oceny_i_wyboru_operacji_v5_22092025<\/a><\/p>\n<p><a href=\"https:\/\/partnerstwo-sowiogorskie.pl\/wp-content\/uploads\/2025\/09\/II_zal_1_Karta_weryfikacji_wniosku_konkursowa_v5_22092025.pdf\" target=\"_blank\" rel=\"noopener\">II_zal_1_Karta_weryfikacji_wniosku_konkursowa_v5_22092025<\/a><\/p>\n<p><a href=\"https:\/\/partnerstwo-sowiogorskie.pl\/wp-content\/uploads\/2025\/03\/II_v4_Procedura_oceny_i_wyboru_operacji_26032025.pdf\" target=\"_blank\" rel=\"noopener\">II_v4_Procedura_oceny_i_wyboru_operacji_26032025<\/a><\/p>\n<p><a href=\"https:\/\/partnerstwo-sowiogorskie.pl\/wp-content\/uploads\/2025\/03\/II_zal_1_POiWO_Karta_weryfikacji_wniosku_26032025.pdf\">II_zal_1_POiWO_Karta_weryfikacji_wniosku_26032025<\/a><\/p>\n<p><a href=\"https:\/\/partnerstwo-sowiogorskie.pl\/wp-content\/uploads\/2025\/02\/II_v_3_Procedura_oceny_i_wyboru_operacji_30122024.pdf\" target=\"_blank\" rel=\"noopener\">II_v_3_Procedura_oceny_i_wyboru_operacji_30122024<\/a><\/p>\n<p><a href=\"https:\/\/partnerstwo-sowiogorskie.pl\/wp-content\/uploads\/2024\/09\/II_v1_v2_zal_1_POiWO_Karta_weryfikacji_wniosku.pdf\" target=\"_blank\" rel=\"noopener\">II_v1_v2_zal_1_POiWO_Karta_weryfikacji_wniosku<\/a><\/p>\n<p><a href=\"https:\/\/partnerstwo-sowiogorskie.pl\/wp-content\/uploads\/2024\/09\/II_v2_Procedura_oceny_i_wyboru_operacji_25072024.pdf\" target=\"_blank\" rel=\"noopener\">II_v2_Procedura_oceny_i_wyboru_operacji_25072024<\/a><\/p>\n<p>&nbsp;<\/p>\n<p><strong>III. Procedura ustalania niebudz\u0105cych w\u0105tpliwo\u015bci interpretacyjnych kryteri\u00f3w wyboru operacji i ich zmiany wraz z kryteriami wyboru dla operacji realizowanych w ramach Lokalnej Strategii Rozwoju na lata 2023-2027 z wy\u0142\u0105czeniem projekt\u00f3w grantowych:<\/strong><\/p>\n<p>Aktualne:<\/p>\n<p><a href=\"https:\/\/partnerstwo-sowiogorskie.pl\/wp-content\/uploads\/2025\/12\/III_v3_LKW_Procedura_ustalania_kryteriow_04122025.pdf\" target=\"_blank\" rel=\"noopener\">III_v3_LKW_Procedura_ustalania_kryteriow_04122025<\/a><\/p>\n<p>Archiwum:<\/p>\n<p><a href=\"https:\/\/partnerstwo-sowiogorskie.pl\/wp-content\/uploads\/2025\/09\/III_v2_LKW_Procedura_ustalania_kryteriow_22092025.pdf\" target=\"_blank\" rel=\"noopener\">III_v2_LKW_Procedura_ustalania_kryteriow_22092025<\/a><\/p>\n<p><a href=\"https:\/\/partnerstwo-sowiogorskie.pl\/wp-content\/uploads\/2024\/09\/III_v1_LKW_Procedura_ustalania_kryteriow_06052024.pdf\" target=\"_blank\" rel=\"noopener\">III_v1_LKW_Procedura_ustalania_kryteriow_06052024<\/a><\/p>\n<p>&nbsp;<\/p>\n<p><strong>IV. PROCEDURA WYBORU I OCENY GRANTOBIORC\u00d3W w ramach wdra\u017cania Lokalnej Strategii Rozwoju na lata 2023 &#8211; 2027<\/strong><\/p>\n<p>Aktualne:<\/p>\n<p><a href=\"https:\/\/partnerstwo-sowiogorskie.pl\/wp-content\/uploads\/2025\/12\/IV_v4_Procedura_wyboru_grantobiorcow_04122025.pdf\" target=\"_blank\" rel=\"noopener\">IV_v4_Procedura_wyboru_grantobiorcow_04122025<\/a><\/p>\n<p><a href=\"https:\/\/partnerstwo-sowiogorskie.pl\/wp-content\/uploads\/2025\/12\/IV_zal_1_wniosek_o_powierzenie_grantu_04122025.pdf\" target=\"_blank\" rel=\"noopener\">IV_zal_1_wniosek_o_powierzenie_grantu_04122025<\/a><\/p>\n<p><a href=\"https:\/\/partnerstwo-sowiogorskie.pl\/wp-content\/uploads\/2025\/12\/IV_zal_10_Umowa_udzielenia_refundacja_04122025.pdf\" target=\"_blank\" rel=\"noopener\">IV_zal_10_Umowa_udzielenia_refundacja_04122025<\/a><\/p>\n<p><a href=\"https:\/\/partnerstwo-sowiogorskie.pl\/wp-content\/uploads\/2025\/12\/IV_zal_11_Wniosek_o_platnosc_spraw_koncowe_z_realizacji_04122025.pdf\" target=\"_blank\" rel=\"noopener\">IV_zal_11_Wniosek_o_platnosc_spraw_koncowe_z_realizacji_04122025<\/a><\/p>\n<p>Archiwum:<\/p>\n<p><a href=\"https:\/\/partnerstwo-sowiogorskie.pl\/wp-content\/uploads\/2025\/09\/IV_v3_Procedura_wyboru_grantobiorcow_22092025.pdf\" target=\"_blank\" rel=\"noopener\">IV_v3_Procedura_wyboru_grantobiorcow_22092025<\/a><\/p>\n<p><a href=\"https:\/\/partnerstwo-sowiogorskie.pl\/wp-content\/uploads\/2025\/09\/IV_zal_1_wniosek_o_powierzenie_grantu_22092025.pdf\" target=\"_blank\" rel=\"noopener\">IV_zal_1_wniosek_o_powierzenie_grantu_22092025<\/a><\/p>\n<p><a href=\"https:\/\/partnerstwo-sowiogorskie.pl\/wp-content\/uploads\/2025\/09\/IV_zal_10_Umowa_udzielenia_refundacja_22092025.pdf\" target=\"_blank\" rel=\"noopener\">IV_zal_10_Umowa_udzielenia_refundacja_22092025<\/a><\/p>\n<p><a href=\"https:\/\/partnerstwo-sowiogorskie.pl\/wp-content\/uploads\/2025\/09\/IV_zal_11_Wniosek_o_platnosc_spraw_koncowe_z_realizacji_22092025.pdf\" target=\"_blank\" rel=\"noopener\">IV_zal_11_Wniosek_o_platnosc_spraw_koncowe_z_realizacji_22092025<\/a><\/p>\n<p>******<\/p>\n<p><a href=\"https:\/\/partnerstwo-sowiogorskie.pl\/wp-content\/uploads\/2024\/09\/IV_v2_Procedura_wyboru_grantobiorcow_25072024.pdf\" target=\"_blank\" rel=\"noopener\">IV_v2_Procedura_wyboru_grantobiorcow_25072024<\/a><\/p>\n<p><a href=\"https:\/\/partnerstwo-sowiogorskie.pl\/wp-content\/uploads\/2024\/09\/IV_v1_v2_zal_1_wniosek_o_powierzenie_grantu.pdf\" target=\"_blank\" rel=\"noopener\">IV_v1_v2_zal_1_wniosek_o_powierzenie_grantu<\/a><\/p>\n<p><a href=\"https:\/\/partnerstwo-sowiogorskie.pl\/wp-content\/uploads\/2024\/09\/IV_v1_v2_zal_10_Umowa_udzielenia_refundacja_25072024.pdf\" target=\"_blank\" rel=\"noopener\">IV_v1_v2_zal_10_Umowa_udzielenia_refundacja_25072024<\/a><\/p>\n<p><a href=\"https:\/\/partnerstwo-sowiogorskie.pl\/wp-content\/uploads\/2024\/09\/IV_v1_v2_zal_11Wniosek_o_platnosc_sprawozdanie_koncowe_z_realizacji_25072024.pdf\" target=\"_blank\" rel=\"noopener\">IV_v1_v2_zal_11Wniosek_o_platnosc_sprawozdanie_koncowe_z_realizacji_25072024<\/a><\/p>\n<p>&nbsp;<\/p>\n","protected":false},"excerpt":{"rendered":"<p>I. Regulamin Pracy Rady Lokalnej Grupy Dzia\u0142ania \u201ePartnerstwo Sowiog\u00f3rskie\u201d w ramach wdra\u017cania Lokalnej Strategii Rozwoju na lata 2023 -2027&nbsp; Aktualne: I_v5_Regulamin_Pracy_Rady_22092025 Archiwum: I_v4_Regulamin_Pracy_Rady_26032025 I_v3_Regulamin_Pracy_Rady_30122024 I_v2_Regulamin_Pracy_Rady_25072024 &nbsp; II. PROCEDURA OCENY I [&hellip;]<\/p>\n","protected":false},"author":6,"featured_media":0,"parent":10230,"menu_order":0,"comment_status":"closed","ping_status":"closed","template":"","meta":{"ngg_post_thumbnail":0,"_price":"","_stock":"","_tribe_ticket_header":"","_tribe_default_ticket_provider":"","_ticket_start_date":"","_ticket_end_date":"","_tribe_ticket_show_description":"","_tribe_ticket_show_not_going":false,"_tribe_ticket_use_global_stock":"","_tribe_ticket_global_stock_level":"","_global_stock_mode":"","_global_stock_cap":"","_tribe_rsvp_for_event":"","_tribe_ticket_going_count":"","_tribe_ticket_not_going_count":"","_tribe_tickets_list":"[]","_tribe_ticket_has_attendee_info_fields":false,"footnotes":"","_tec_slr_enabled":"","_tec_slr_layout":""},"class_list":["post-10748","page","type-page","status-publish","hentry"],"rttpg_featured_image_url":null,"rttpg_author":{"display_name":"Iweta G\u0142\u00f3d","author_link":"https:\/\/partnerstwo-sowiogorskie.pl\/index.php\/author\/iglod\/"},"rttpg_comment":0,"rttpg_category":null,"rttpg_excerpt":"I. Regulamin Pracy Rady Lokalnej Grupy Dzia\u0142ania \u201ePartnerstwo Sowiog\u00f3rskie\u201d w ramach wdra\u017cania Lokalnej Strategii Rozwoju na lata 2023 -2027&nbsp; Aktualne: I_v5_Regulamin_Pracy_Rady_22092025 Archiwum: I_v4_Regulamin_Pracy_Rady_26032025 I_v3_Regulamin_Pracy_Rady_30122024 I_v2_Regulamin_Pracy_Rady_25072024 &nbsp; II. PROCEDURA OCENY I [&hellip;]","ticketed":false,"_links":{"self":[{"href":"https:\/\/partnerstwo-sowiogorskie.pl\/index.php\/wp-json\/wp\/v2\/pages\/10748","targetHints":{"allow":["GET"]}}],"collection":[{"href":"https:\/\/partnerstwo-sowiogorskie.pl\/index.php\/wp-json\/wp\/v2\/pages"}],"about":[{"href":"https:\/\/partnerstwo-sowiogorskie.pl\/index.php\/wp-json\/wp\/v2\/types\/page"}],"author":[{"embeddable":true,"href":"https:\/\/partnerstwo-sowiogorskie.pl\/index.php\/wp-json\/wp\/v2\/users\/6"}],"replies":[{"embeddable":true,"href":"https:\/\/partnerstwo-sowiogorskie.pl\/index.php\/wp-json\/wp\/v2\/comments?post=10748"}],"version-history":[{"count":47,"href":"https:\/\/partnerstwo-sowiogorskie.pl\/index.php\/wp-json\/wp\/v2\/pages\/10748\/revisions"}],"predecessor-version":[{"id":11836,"href":"https:\/\/partnerstwo-sowiogorskie.pl\/index.php\/wp-json\/wp\/v2\/pages\/10748\/revisions\/11836"}],"up":[{"embeddable":true,"href":"https:\/\/partnerstwo-sowiogorskie.pl\/index.php\/wp-json\/wp\/v2\/pages\/10230"}],"wp:attachment":[{"href":"https:\/\/partnerstwo-sowiogorskie.pl\/index.php\/wp-json\/wp\/v2\/media?parent=10748"}],"curies":[{"name":"wp","href":"https:\/\/api.w.org\/{rel}","templated":true}]}}