{"id":10700,"date":"2024-08-14T13:18:03","date_gmt":"2024-08-14T12:18:03","guid":{"rendered":"https:\/\/partnerstwo-sowiogorskie.pl\/?page_id=10700"},"modified":"2025-11-06T10:31:10","modified_gmt":"2025-11-06T09:31:10","slug":"doradztwo","status":"publish","type":"page","link":"https:\/\/partnerstwo-sowiogorskie.pl\/index.php\/nabory\/informacje-dla-wnioskodawcow\/doradztwo\/","title":{"rendered":"Doradztwo"},"content":{"rendered":"<p>Szanowni Pa\u0144stwo<\/p>\n<p>Biuro LGD &#8220;Partnerstwo Sowiog\u00f3rskie&#8221; informuje, i\u017c bezpo\u015brednie doradztwo dla potencjalnych Wnioskodawc\u00f3w oraz Beneficjent\u00f3w odbywa si\u0119 <strong>po wcze\u015bniejszym kontakcie telefonicznym<\/strong> (+48 518 855 434). Prowadzenie harmonogramu spotka\u0144 ma na celu zapewnienie sprawnej i niekoliduj\u0105cej z innymi spotkaniami us\u0142ugi doradczej.<\/p>\n<p>Z uwagi na du\u017ce zainteresowanie prowadzonymi dzia\u0142aniami, zw\u0142aszcza w okresie nabor\u00f3w&nbsp;&#8211;<strong> uprzejmie prosimy o przestrzeganie ustalonych zasad:<\/strong><\/p>\n<p><strong><u>Doradztwo bezpo\u015brednie &#8211; \u015bwiadczone wy\u0142\u0105cznie celem weryfikacji dokumentacji.&nbsp;<\/u><\/strong><\/p>\n<ol>\n<li>Dokumentacj\u0119 przeznaczon\u0105 do weryfikacji merytorycznej nale\u017cy przes\u0142a\u0107 do Biura LGD w terminie wskazanym przez doradc\u0119, umo\u017cliwiaj\u0105c mu tym samym zapoznanie si\u0119 z jej tre\u015bci\u0105 przed bezpo\u015brednim spotkaniem.<\/li>\n<li>Podczas doradztwa punktowanego nale\u017cy posiada\u0107\/udost\u0119pni\u0107 do wgl\u0105du wszystkie mo\u017cliwe dokumenty zwi\u0105zane z projektem celem weryfikacji ich poprawno\u015bci i kompletno\u015bci. Wniosek o przyznanie pomocy oraz ewentualny biznesplan, jak r\u00f3wnie\u017c opis kryteri\u00f3w musi by\u0107 wype\u0142niony w zakresie umo\u017cliwiaj\u0105cym jego weryfikacj\u0119 pod k\u0105tem sp\u00f3jno\u015bci, poprawno\u015bci formalnej i merytorycznej.<\/li>\n<li>Doradztwo bezpo\u015brednie w okresie trwania nabor\u00f3w \/od momentu ich og\u0142oszenia\/ \u015bwiadczone jest w pierwszej kolejno\u015bci Wnioskodawcom ubiegaj\u0105cym si\u0119 o dofinansowania w aktualnym naborze.<\/li>\n<li>&nbsp;W przypadku braku mo\u017cliwo\u015bci przybycia na um\u00f3wione spotkanie Wnioskodawca obowi\u0105zany jest zg\u0142osi\u0107 ten fakt doradcy.<\/li>\n<li>W przypadku sp\u00f3\u017anienia Wnioskodawcy doradztwo mo\u017ce zosta\u0107 skr\u00f3cone b\u0105d\u017a odwo\u0142ane z uwagi na kolejne zaplanowane spotkania doradcy.&nbsp;<\/li>\n<\/ol>\n<p><strong><u>Doradztwo po\u015brednie (konsultacje telefoniczne i e-mailowe; telekonferencje):<\/u><\/strong><\/p>\n<p>W celu uzyskania podstawowych informacji dotycz\u0105cych:<\/p>\n<ol>\n<li>Termin\u00f3w nabor\u00f3w<\/li>\n<li>Zakresu wsparcia<\/li>\n<li>Mo\u017cliwo\u015bci aplikowania o \u015brodki<br \/>\noraz innych og\u00f3lnych wiadomo\u015bci czy weryfikacji pojedynczych przygotowywanych dokument\u00f3w&nbsp;<br \/>\n<u><br \/>\n<\/u><strong>Termin<\/strong> spotkania wraz z godzin\u0105 mo\u017cna ustali\u0107 r\u00f3wnie\u017c drog\u0105 e-mail pisz\u0105c bezpo\u015brednio na adres: <a href=\"mailto:biuro@partnerstwo-sowiogorskie.pl\" target=\"_blank\" rel=\"noopener\">biuro@partnerstwo-sowiogorskie.pl<\/a><br \/>\n<strong>Zostanie on potwierdzony pisemnie przez pracownika Biura.<\/strong><\/li>\n<\/ol>\n<p>Informujemy r\u00f3wnie\u017c, i\u017c prowadzone przez pracownik\u00f3w Biura LGD doradztwo w zakresie przygotowywania wniosk\u00f3w o przyznanie pomocy i wniosk\u00f3w o p\u0142atno\u015b\u0107 na operacje realizuj\u0105ce cele LSR jest <strong>BEZP\u0141ATNE. <\/strong><\/p>\n<p>Przed naborami wniosk\u00f3w b\u0119dziemy organizowali dla Pa\u0144stwa r\u00f3wnie\u017c <strong>bezp\u0142atne<\/strong> szkolenia oraz spotkania animacyjne w odniesieniu do poszczeg\u00f3lnych dzia\u0142a\u0144.<\/p>\n<p>Informacje o terminach szkole\u0144 i spotka\u0144 zamieszczane b\u0119d\u0105 w Aktualno\u015bciach oraz zak\u0142adce: <a href=\"http:\/\/archiwum.partnerstwo-sowiogorskie.pl\/70-szkolenia-dla-beneficjentow\/\">SZKOLENIA <\/a><\/p>\n<p>Zapraszamy do korzystania z pomocy.<\/p>\n<p>Biuro LGD czynne: pn. \u2013 pt. 7:30-15:30<\/p>\n","protected":false},"excerpt":{"rendered":"<p>Szanowni Pa\u0144stwo Biuro LGD &#8220;Partnerstwo Sowiog\u00f3rskie&#8221; informuje, i\u017c bezpo\u015brednie doradztwo dla potencjalnych Wnioskodawc\u00f3w oraz Beneficjent\u00f3w odbywa si\u0119 po wcze\u015bniejszym kontakcie telefonicznym (+48 518 855 434). Prowadzenie harmonogramu spotka\u0144 ma na [&hellip;]<\/p>\n","protected":false},"author":6,"featured_media":0,"parent":10680,"menu_order":0,"comment_status":"closed","ping_status":"closed","template":"","meta":{"ngg_post_thumbnail":0,"_price":"","_stock":"","_tribe_ticket_header":"","_tribe_default_ticket_provider":"","_ticket_start_date":"","_ticket_end_date":"","_tribe_ticket_show_description":"","_tribe_ticket_show_not_going":false,"_tribe_ticket_use_global_stock":"","_tribe_ticket_global_stock_level":"","_global_stock_mode":"","_global_stock_cap":"","_tribe_rsvp_for_event":"","_tribe_ticket_going_count":"","_tribe_ticket_not_going_count":"","_tribe_tickets_list":"[]","_tribe_ticket_has_attendee_info_fields":false,"footnotes":"","_tec_slr_enabled":"","_tec_slr_layout":""},"class_list":["post-10700","page","type-page","status-publish","hentry"],"rttpg_featured_image_url":null,"rttpg_author":{"display_name":"Iweta G\u0142\u00f3d","author_link":"https:\/\/partnerstwo-sowiogorskie.pl\/index.php\/author\/iglod\/"},"rttpg_comment":0,"rttpg_category":null,"rttpg_excerpt":"Szanowni Pa\u0144stwo Biuro LGD &#8220;Partnerstwo Sowiog\u00f3rskie&#8221; informuje, i\u017c bezpo\u015brednie doradztwo dla potencjalnych Wnioskodawc\u00f3w oraz Beneficjent\u00f3w odbywa si\u0119 po wcze\u015bniejszym kontakcie telefonicznym (+48 518 855 434). Prowadzenie harmonogramu spotka\u0144 ma na [&hellip;]","ticketed":false,"_links":{"self":[{"href":"https:\/\/partnerstwo-sowiogorskie.pl\/index.php\/wp-json\/wp\/v2\/pages\/10700","targetHints":{"allow":["GET"]}}],"collection":[{"href":"https:\/\/partnerstwo-sowiogorskie.pl\/index.php\/wp-json\/wp\/v2\/pages"}],"about":[{"href":"https:\/\/partnerstwo-sowiogorskie.pl\/index.php\/wp-json\/wp\/v2\/types\/page"}],"author":[{"embeddable":true,"href":"https:\/\/partnerstwo-sowiogorskie.pl\/index.php\/wp-json\/wp\/v2\/users\/6"}],"replies":[{"embeddable":true,"href":"https:\/\/partnerstwo-sowiogorskie.pl\/index.php\/wp-json\/wp\/v2\/comments?post=10700"}],"version-history":[{"count":5,"href":"https:\/\/partnerstwo-sowiogorskie.pl\/index.php\/wp-json\/wp\/v2\/pages\/10700\/revisions"}],"predecessor-version":[{"id":11755,"href":"https:\/\/partnerstwo-sowiogorskie.pl\/index.php\/wp-json\/wp\/v2\/pages\/10700\/revisions\/11755"}],"up":[{"embeddable":true,"href":"https:\/\/partnerstwo-sowiogorskie.pl\/index.php\/wp-json\/wp\/v2\/pages\/10680"}],"wp:attachment":[{"href":"https:\/\/partnerstwo-sowiogorskie.pl\/index.php\/wp-json\/wp\/v2\/media?parent=10700"}],"curies":[{"name":"wp","href":"https:\/\/api.w.org\/{rel}","templated":true}]}}