{"id":10698,"date":"2024-08-14T13:17:19","date_gmt":"2024-08-14T12:17:19","guid":{"rendered":"https:\/\/partnerstwo-sowiogorskie.pl\/?page_id=10698"},"modified":"2026-04-21T08:15:15","modified_gmt":"2026-04-21T07:15:15","slug":"podstawy-prawne","status":"publish","type":"page","link":"https:\/\/partnerstwo-sowiogorskie.pl\/index.php\/nabory\/informacje-dla-wnioskodawcow\/podstawy-prawne\/","title":{"rendered":"Podstawy prawne"},"content":{"rendered":"<h3>Poni\u017cej przedstawiamy zakres dokument\u00f3w stanowi\u0105cych podstawy prawne do realizowanych zada\u0144 w ramach Planu Strategicznego dla Wsp\u00f3lnej Polityki Rolnej na lata 2023-2027r.&nbsp;<\/h3>\n<h4>LINK do <strong>Aktualnych Wytycznych<\/strong> na stronie internetowej Ministerstwa Rolnictwa i Rozwoju Wsi:&nbsp;<\/h4>\n<p><strong>Wytyczne podstawowe w zakresie pomocy finansowej w ramach Planu Strategicznego dla Wsp\u00f3lnej Polityki Rolnej na lata 2023-2027<\/strong><\/p>\n<p><a href=\"https:\/\/www.gov.pl\/web\/rolnictwo\/wytyczne-podstawowe-w-zakresie-pomocy-finansowej-w-ramach-planu-strategicznego-dla-wspolnej-polityki-rolnej-na-lata-20232027\" target=\"_blank\" rel=\"noopener\">&gt;&gt;&gt;&gt;&gt;&gt; przejd\u017a&nbsp;<\/a><\/p>\n<p><strong>Wytyczne szczeg\u00f3\u0142owe w zakresie I.13.1 LEADER\/Rozw\u00f3j Lokalny Kierowany przez Spo\u0142eczno\u015b\u0107 (RLKS)<\/strong><\/p>\n<ol>\n<li><strong>Wytyczne szczeg\u00f3\u0142owe w zakresie przyznawania i wyp\u0142aty pomocy finansowej w ramach Planu Strategicznego dla Wsp\u00f3lnej Polityki Rolnej na lata 2023-2027 dla interwencji I.13.1 LEADER\/Rozw\u00f3j Lokalny Kierowany przez Spo\u0142eczno\u015b\u0107 (RLKS) &#8211; komponent Wdra\u017canie LSR<br \/>\n<\/strong><a href=\"https:\/\/www.gov.pl\/web\/rolnictwo\/wytyczne-szczegolowe-w-zakresie-przyznawania-i-wyplaty-pomocy-finansowej-w-ramach-planu-strategicznego-dla-wspolnej-polityki-rolnej-na-lata-20232027-dla-interwencji-i131-leaderrozwoj-lokalny-kierowany-przez-spolecznosc-rlks--komponent-wdrazanie-lsr\" target=\"_blank\" rel=\"noopener\">&gt;&gt;&gt;&gt;&gt; przejd\u017a&nbsp;<\/a><\/li>\n<li><strong>Wytyczne szczeg\u00f3\u0142owe w zakresie przygotowania i realizacji projekt\u00f3w grantowych w ramach Planu Strategicznego dla Wsp\u00f3lnej Polityki Rolnej na lata 2023\u20132027 dla interwencji I.13.1 LEADER\/Rozw\u00f3j Lokalny Kierowany przez Spo\u0142eczno\u015b\u0107 (RLKS) \u2013 komponent Wdra\u017canie LSR\u201d<br \/>\n<\/strong><a href=\"https:\/\/www.gov.pl\/web\/rolnictwo\/wytyczne-szczegolowe-w-zakresie-przygotowania-i-realizacji-projektow-grantowych-w-ramach-planu-strategicznego-dla-wspolnej-polityki-rolnej-na-lata-20232027-dla-interwencji-i131-leaderrozwoj-lokalny-kierowany-przez-spolecznosc-rlks--komponent-wdrazanie-lsr\" target=\"_blank\" rel=\"noopener\">&gt;&gt;&gt; przejd\u017a&nbsp;<\/a><\/li>\n<li><strong>Wytyczne w zakresie niekt\u00f3rych zasad dokonywania wyboru operacji lub grantobiorc\u00f3w przez lokalne grupy dzia\u0142ania<br \/>\n<\/strong><a href=\"https:\/\/www.gov.pl\/web\/rolnictwo\/wytyczne-w-zakresie-niektorych-zasad-dokonywania-wyboru-operacji-lub-grantobiorcow-przez-lokalne-grupy-dzialania\" target=\"_blank\" rel=\"noopener\">&gt;&gt;&gt; przejd\u017a&nbsp;<\/a><\/li>\n<\/ol>\n<p>*********<\/p>\n<p><strong>Wytyczne szczeg\u00f3\u0142owe w zakresie przyznawania wyp\u0142aty i zwrotu pomocy finansowej w ramach Planu Strategicznego dla Wsp\u00f3lnej Polityki Rolnej na lata 2023-2027 dla interwencji I.13.1 LEADER\/Rozw\u00f3j Lokalny Kierowany przez Spo\u0142eczno\u015b\u0107 (RLKS) &#8211; komponent Zarz\u0105dzanie LSR<\/strong><\/p>\n<p><a href=\"https:\/\/partnerstwo-sowiogorskie.pl\/wp-content\/uploads\/2026\/04\/I_Wytyczne_szczegolowe_komponent_Zarzadzanie_LSR_09102025_r_od_15102025.pdf\" target=\"_blank\" rel=\"noopener\">&gt;&gt;&gt; pobierz<\/a><\/p>\n<p>*********<\/p>\n<p>Wytyczne szczeg\u00f3\u0142owe w zakresie przyznawania i wyp\u0142aty pomocy finansowej w ramach Planu Strategicznego dla Wsp\u00f3lnej Polityki Rolnej na lata 2023\u20132027 dla interwencji I.13.1 LEADER\/Rozw\u00f3j Lokalny Kierowany przez Spo\u0142eczno\u015b\u0107 (RLKS) \u2013 komponent Wdra\u017canie LSR<br \/>\n(wytyczne maj\u0105 zastosowanie do nabor\u00f3w wniosk\u00f3w o wsparcie, dla kt\u00f3rych regulamin naboru tych wniosk\u00f3w zosta\u0142 uzgodniony przez LGD z zarz\u0105dem wojew\u00f3dztwa nie wcze\u015bniej ni\u017c w dniu 15 pa\u017adziernika 2025 r.) <a href=\"https:\/\/partnerstwo-sowiogorskie.pl\/wp-content\/uploads\/2026\/04\/2_ZMIENIONE_Wytyczne_szczegolowe_LEADER_Wdrazanie_LSR_18_12_2025_oczywisyta_omylka.pdf\" target=\"_blank\" rel=\"noopener\">&gt;&gt;&gt; pobierz<\/a><br \/>\n<strong>18-12-2025<\/strong><\/p>\n<p>*********<\/p>\n<p><strong>Dokumenty aktualne na dzie\u0144 14-11-2025 roku:&nbsp;<\/strong><\/p>\n<ol>\n<li>USTAWA &nbsp;z dnia 20 lutego 2015 r. o rozwoju lokalnym z udzia\u0142em lokalnej spo\u0142eczno\u015bci (USTAWA RLKS)&nbsp; <a id=\"view:_id1:_id2:_id59:_id61:callback1:_id84:_id777:_id779:table:rRefs:0:_id811\" class=\"doc-details-link\" href=\"https:\/\/isap.sejm.gov.pl\/isap.nsf\/DocDetails.xsp?id=WDU20250000182\">Dz.U. 2025 poz. 182<\/a>&nbsp;<\/li>\n<li>Wytyczne podstawowe w zakresie pomocy finansowej w ramach Planu Strategicznego dla Wsp\u00f3lnej Polityki Rolnej na lata 2023\u20132027 &#8211; obowi\u0105zuj\u0105ce<br \/>\nod 20-10-2025 <a href=\"https:\/\/partnerstwo-sowiogorskie.pl\/wp-content\/uploads\/2025\/11\/1_Zmienione_wytyczne_podstawowe_w_zakresie_pomocy_finansowej_wersja_obowiazujaca_od_20102025_r.pdf\" target=\"_blank\" rel=\"noopener\">&gt;&gt;&gt; pobierz<\/a><\/li>\n<li>Wytyczne szczeg\u00f3\u0142owe w zakresie przyznawania i wyp\u0142aty pomocy finansowej w ramach Planu Strategicznego dla Wsp\u00f3lnej Polityki Rolnej na lata 2023\u20132027 dla interwencji I.13.1 LEADER\/Rozw\u00f3j Lokalny Kierowany przez Spo\u0142eczno\u015b\u0107 (RLKS) \u2013 komponent Wdra\u017canie LSR &#8211; obowi\u0105zuj\u0105ce od 14-10-2025 <a href=\"https:\/\/partnerstwo-sowiogorskie.pl\/wp-content\/uploads\/2025\/11\/2_ZMIENIONE_Wytyczne_szczegolowe_LEADER_Wdrazanie_LSR_13102025_obowiazuja_14102025.pdf\" target=\"_blank\" rel=\"noopener\">&gt;&gt;&gt; pobierz&nbsp;<\/a><\/li>\n<li>Wytyczne szczeg\u00f3\u0142owe w zakresie przygotowania i realizacji projekt\u00f3w grantowych w ramach Planu Strategicznego dla Wsp\u00f3lnej Polityki Rolnej na<br \/>\nlata 2023\u20132027 dla interwencji I.13.1 LEADER\/Rozw\u00f3j Lokalny Kierowany przez Spo\u0142eczno\u015b\u0107 (RLKS) \u2013 komponent Wdra\u017canie LSR&nbsp;z dnia 12-04-2024r.<br \/>\n(15-04-2024r) <a href=\"https:\/\/partnerstwo-sowiogorskie.pl\/wp-content\/uploads\/2024\/08\/3_Wytyczne_MRiRW_w_zakresie_realizacji_PS_WPR_na_lata_2023_2027_WLSR_PGrant12042024.pdf\" target=\"_blank\" rel=\"noopener\">&gt;&gt;&gt;<\/a><\/li>\n<li>Wytyczne w zakresie niekt\u00f3rych zasad dokonywania wyboru operacji lub grantobiorc\u00f3w przez lokalne grupy dzia\u0142ania z dnia 14-08-2024 obowi\u0105zuj\u0105ce od&nbsp;16-08-2024 <a style=\"font-size: 0.813em;\" href=\"https:\/\/partnerstwo-sowiogorskie.pl\/wp-content\/uploads\/2024\/08\/Wytyczne_w_zakresie_niektorych_zasad_dokonywania_wyboru_operacji_lub_grantobiorcow_przez_lokalne_grupy_dzialania.pdf\" target=\"_blank\" rel=\"noopener\">&gt;&gt;&gt;&gt;<\/a><\/li>\n<\/ol>\n<p><strong>Dokumenty aktualne na dzie\u0144 16 sierpnia 2024 roku:&nbsp;<\/strong><\/p>\n<ol>\n<li>USTAWA &nbsp;z dnia 20 lutego 2015 r. o rozwoju lokalnym z udzia\u0142em lokalnej spo\u0142eczno\u015bci (USTAWA RLKS) <a href=\"https:\/\/partnerstwo-sowiogorskie.pl\/wp-content\/uploads\/2024\/08\/D20150378Lj_Ustawa_RLKS.pdf\" target=\"_blank\" rel=\"noopener\">&gt;&gt;&gt;<\/a><\/li>\n<li>Wytyczne podstawowe w zakresie pomocy finansowej w ramach Planu Strategicznego dla Wsp\u00f3lnej Polityki Rolnej na lata 2023\u20132027 z dnia 12-08-2023r. (16-08-2023r.) <a href=\"https:\/\/partnerstwo-sowiogorskie.pl\/wp-content\/uploads\/2024\/08\/1_Wytyczne_podstawowe_w_zakresie_pomocy_finansowej_w_ramach_PS_WPR.pdf\">&gt;&gt;&gt;<\/a><\/li>\n<li>Wytyczne szczeg\u00f3\u0142owe w zakresie przyznawania i wyp\u0142aty pomocy finansowej w ramach Planu Strategicznego dla Wsp\u00f3lnej Polityki Rolnej na lata 2023\u20132027 dla interwencji I.13.1 LEADER\/Rozw\u00f3j Lokalny Kierowany przez Spo\u0142eczno\u015b\u0107 (RLKS) \u2013 komponent Wdra\u017canie LSR z dnia 28-03-2024 (29-03-2024) <a href=\"https:\/\/partnerstwo-sowiogorskie.pl\/wp-content\/uploads\/2024\/08\/2_Wytyczne_szczegolowe_LEADER_Wdrazanie_LSR_28_03_2024.pdf\">&gt;&gt;&gt;<\/a><\/li>\n<li>Wytyczne szczeg\u00f3\u0142owe w zakresie przygotowania i realizacji projekt\u00f3w grantowych w ramach Planu Strategicznego dla Wsp\u00f3lnej Polityki Rolnej na<br \/>\nlata 2023\u20132027 dla interwencji I.13.1 LEADER\/Rozw\u00f3j Lokalny Kierowany przez Spo\u0142eczno\u015b\u0107 (RLKS) \u2013 komponent Wdra\u017canie LSR z dnia 12-04-2024r.<br \/>\n(15-04-2024r) <a href=\"https:\/\/partnerstwo-sowiogorskie.pl\/wp-content\/uploads\/2024\/08\/3_Wytyczne_MRiRW_w_zakresie_realizacji_PS_WPR_na_lata_2023_2027_WLSR_PGrant12042024.pdf\">&gt;&gt;&gt;<\/a><\/li>\n<li>Wytyczne w zakresie niekt\u00f3rych zasad dokonywania wyboru operacji lub grantobiorc\u00f3w przez lokalne grupy dzia\u0142ania 16-08-2024 <a style=\"font-size: 0.813em;\" href=\"https:\/\/partnerstwo-sowiogorskie.pl\/wp-content\/uploads\/2024\/08\/Wytyczne_w_zakresie_niektorych_zasad_dokonywania_wyboru_operacji_lub_grantobiorcow_przez_lokalne_grupy_dzialania.pdf\">&gt;&gt;&gt;&gt;<\/a><\/li>\n<\/ol>\n<h5>&nbsp;<\/h5>\n<p>&nbsp;<\/p>\n","protected":false},"excerpt":{"rendered":"<p>Poni\u017cej przedstawiamy zakres dokument\u00f3w stanowi\u0105cych podstawy prawne do realizowanych zada\u0144 w ramach Planu Strategicznego dla Wsp\u00f3lnej Polityki Rolnej na lata 2023-2027r.&nbsp; LINK do Aktualnych Wytycznych na stronie internetowej Ministerstwa Rolnictwa [&hellip;]<\/p>\n","protected":false},"author":6,"featured_media":0,"parent":10680,"menu_order":0,"comment_status":"closed","ping_status":"closed","template":"","meta":{"ngg_post_thumbnail":0,"_price":"","_stock":"","_tribe_ticket_header":"","_tribe_default_ticket_provider":"","_ticket_start_date":"","_ticket_end_date":"","_tribe_ticket_show_description":"","_tribe_ticket_show_not_going":false,"_tribe_ticket_use_global_stock":"","_tribe_ticket_global_stock_level":"","_global_stock_mode":"","_global_stock_cap":"","_tribe_rsvp_for_event":"","_tribe_ticket_going_count":"","_tribe_ticket_not_going_count":"","_tribe_tickets_list":"[]","_tribe_ticket_has_attendee_info_fields":false,"footnotes":"","_tec_slr_enabled":"","_tec_slr_layout":""},"class_list":["post-10698","page","type-page","status-publish","hentry"],"rttpg_featured_image_url":null,"rttpg_author":{"display_name":"Iweta G\u0142\u00f3d","author_link":"https:\/\/partnerstwo-sowiogorskie.pl\/index.php\/author\/iglod\/"},"rttpg_comment":0,"rttpg_category":null,"rttpg_excerpt":"Poni\u017cej przedstawiamy zakres dokument\u00f3w stanowi\u0105cych podstawy prawne do realizowanych zada\u0144 w ramach Planu Strategicznego dla Wsp\u00f3lnej Polityki Rolnej na lata 2023-2027r.&nbsp; LINK do Aktualnych Wytycznych na stronie internetowej Ministerstwa Rolnictwa [&hellip;]","ticketed":false,"_links":{"self":[{"href":"https:\/\/partnerstwo-sowiogorskie.pl\/index.php\/wp-json\/wp\/v2\/pages\/10698","targetHints":{"allow":["GET"]}}],"collection":[{"href":"https:\/\/partnerstwo-sowiogorskie.pl\/index.php\/wp-json\/wp\/v2\/pages"}],"about":[{"href":"https:\/\/partnerstwo-sowiogorskie.pl\/index.php\/wp-json\/wp\/v2\/types\/page"}],"author":[{"embeddable":true,"href":"https:\/\/partnerstwo-sowiogorskie.pl\/index.php\/wp-json\/wp\/v2\/users\/6"}],"replies":[{"embeddable":true,"href":"https:\/\/partnerstwo-sowiogorskie.pl\/index.php\/wp-json\/wp\/v2\/comments?post=10698"}],"version-history":[{"count":32,"href":"https:\/\/partnerstwo-sowiogorskie.pl\/index.php\/wp-json\/wp\/v2\/pages\/10698\/revisions"}],"predecessor-version":[{"id":12071,"href":"https:\/\/partnerstwo-sowiogorskie.pl\/index.php\/wp-json\/wp\/v2\/pages\/10698\/revisions\/12071"}],"up":[{"embeddable":true,"href":"https:\/\/partnerstwo-sowiogorskie.pl\/index.php\/wp-json\/wp\/v2\/pages\/10680"}],"wp:attachment":[{"href":"https:\/\/partnerstwo-sowiogorskie.pl\/index.php\/wp-json\/wp\/v2\/media?parent=10698"}],"curies":[{"name":"wp","href":"https:\/\/api.w.org\/{rel}","templated":true}]}}