{"id":10696,"date":"2024-08-14T13:15:53","date_gmt":"2024-08-14T12:15:53","guid":{"rendered":"https:\/\/partnerstwo-sowiogorskie.pl\/?page_id=10696"},"modified":"2024-08-16T12:23:52","modified_gmt":"2024-08-16T11:23:52","slug":"logowanie-do-pue-arimr","status":"publish","type":"page","link":"https:\/\/partnerstwo-sowiogorskie.pl\/index.php\/nabory\/informacje-dla-wnioskodawcow\/logowanie-do-pue-arimr\/","title":{"rendered":"Logowanie do PUE ARiMR"},"content":{"rendered":"<p>Szanowni Wnioskodawcy.&nbsp;<\/p>\n<p>Po uzyskaniu numeru identyfikacyjnego zwanego numerem ewidencji producenta <strong>(EP) <\/strong>nale\u017cy zarejestrowa\u0107 si\u0119 na stronie Agencji Restrukturyzacji i Modernizacji Rolnictwa celem dalszej mo\u017cliwo\u015bci korzystania z systemu oraz generatora wniosk\u00f3w.&nbsp;<\/p>\n<p>Instrukcja logowania do <strong>P<\/strong>latformy <strong>U<\/strong>s\u0142ug<strong> E<\/strong>lektronicznych <strong>(PUE)<\/strong> <a href=\"https:\/\/partnerstwo-sowiogorskie.pl\/wp-content\/uploads\/2024\/08\/Instrukcja_logowania_PUE_2023.pdf\">&gt;&gt;&gt;<\/a><\/p>\n<p>Strona internetowa PUE ARiMR <a href=\"https:\/\/www.gov.pl\/web\/arimr\/platforma-uslug-elektronicznych\">&gt;&gt;&gt;&gt;&nbsp;<\/a><\/p>\n<p>&nbsp;<\/p>\n<p>&nbsp;<\/p>\n<p>&nbsp;<\/p>\n","protected":false},"excerpt":{"rendered":"<p>Szanowni Wnioskodawcy.&nbsp; Po uzyskaniu numeru identyfikacyjnego zwanego numerem ewidencji producenta (EP) nale\u017cy zarejestrowa\u0107 si\u0119 na stronie Agencji Restrukturyzacji i Modernizacji Rolnictwa celem dalszej mo\u017cliwo\u015bci korzystania z systemu oraz generatora wniosk\u00f3w.&nbsp; [&hellip;]<\/p>\n","protected":false},"author":6,"featured_media":0,"parent":10680,"menu_order":0,"comment_status":"closed","ping_status":"closed","template":"","meta":{"ngg_post_thumbnail":0,"_price":"","_stock":"","_tribe_ticket_header":"","_tribe_default_ticket_provider":"","_ticket_start_date":"","_ticket_end_date":"","_tribe_ticket_show_description":"","_tribe_ticket_show_not_going":false,"_tribe_ticket_use_global_stock":"","_tribe_ticket_global_stock_level":"","_global_stock_mode":"","_global_stock_cap":"","_tribe_rsvp_for_event":"","_tribe_ticket_going_count":"","_tribe_ticket_not_going_count":"","_tribe_tickets_list":"[]","_tribe_ticket_has_attendee_info_fields":false,"footnotes":"","_tec_slr_enabled":"","_tec_slr_layout":""},"class_list":["post-10696","page","type-page","status-publish","hentry"],"rttpg_featured_image_url":null,"rttpg_author":{"display_name":"Iweta G\u0142\u00f3d","author_link":"https:\/\/partnerstwo-sowiogorskie.pl\/index.php\/author\/iglod\/"},"rttpg_comment":0,"rttpg_category":null,"rttpg_excerpt":"Szanowni Wnioskodawcy.&nbsp; Po uzyskaniu numeru identyfikacyjnego zwanego numerem ewidencji producenta (EP) nale\u017cy zarejestrowa\u0107 si\u0119 na stronie Agencji Restrukturyzacji i Modernizacji Rolnictwa celem dalszej mo\u017cliwo\u015bci korzystania z systemu oraz generatora wniosk\u00f3w.&nbsp; [&hellip;]","ticketed":false,"_links":{"self":[{"href":"https:\/\/partnerstwo-sowiogorskie.pl\/index.php\/wp-json\/wp\/v2\/pages\/10696","targetHints":{"allow":["GET"]}}],"collection":[{"href":"https:\/\/partnerstwo-sowiogorskie.pl\/index.php\/wp-json\/wp\/v2\/pages"}],"about":[{"href":"https:\/\/partnerstwo-sowiogorskie.pl\/index.php\/wp-json\/wp\/v2\/types\/page"}],"author":[{"embeddable":true,"href":"https:\/\/partnerstwo-sowiogorskie.pl\/index.php\/wp-json\/wp\/v2\/users\/6"}],"replies":[{"embeddable":true,"href":"https:\/\/partnerstwo-sowiogorskie.pl\/index.php\/wp-json\/wp\/v2\/comments?post=10696"}],"version-history":[{"count":5,"href":"https:\/\/partnerstwo-sowiogorskie.pl\/index.php\/wp-json\/wp\/v2\/pages\/10696\/revisions"}],"predecessor-version":[{"id":10830,"href":"https:\/\/partnerstwo-sowiogorskie.pl\/index.php\/wp-json\/wp\/v2\/pages\/10696\/revisions\/10830"}],"up":[{"embeddable":true,"href":"https:\/\/partnerstwo-sowiogorskie.pl\/index.php\/wp-json\/wp\/v2\/pages\/10680"}],"wp:attachment":[{"href":"https:\/\/partnerstwo-sowiogorskie.pl\/index.php\/wp-json\/wp\/v2\/media?parent=10696"}],"curies":[{"name":"wp","href":"https:\/\/api.w.org\/{rel}","templated":true}]}}