{"id":10682,"date":"2024-08-14T12:44:17","date_gmt":"2024-08-14T11:44:17","guid":{"rendered":"https:\/\/partnerstwo-sowiogorskie.pl\/?page_id=10682"},"modified":"2024-11-21T09:42:48","modified_gmt":"2024-11-21T08:42:48","slug":"obowiazek-informacyjny","status":"publish","type":"page","link":"https:\/\/partnerstwo-sowiogorskie.pl\/index.php\/nabory\/informacje-dla-wnioskodawcow\/obowiazek-informacyjny\/","title":{"rendered":"NADANIE NUMERU EP (nr identyfikacyjny ARiMR)"},"content":{"rendered":"<p><strong>UWAGA!<\/strong><\/p>\n<p>Informujemy przysz\u0142ych Wnioskodawc\u00f3w, kt\u00f3rzy b\u0119d\u0105 zainteresowani sk\u0142adaniem wniosk\u00f3w&nbsp;o przyznanie pomocy w ramach dzia\u0142a\u0144 PS WPR 2023-2027, i\u017c jednym z niezb\u0119dnych dokument\u00f3w jest posiadanie numeru ewidencji producenta <strong>(EP)<\/strong> nadawanego zgodnie z ustaw\u0105 z 23 pa\u017adziernika 2014r. o zmianie ustawy o krajowym systemie ewidencji producent\u00f3w, ewidencji gospodarstw rolnych oraz ewidencji wniosk\u00f3w o przyznanie p\u0142atno\u015bci (Dz.U. z 2014 r. poz. 1872 z p\u00f3\u017an. zm.).<\/p>\n<p>Pomoc jest przyznawana podmiotowi, kt\u00f3ry spe\u0142nia warunki okre\u015blone w wytycznych <strong>i kt\u00f3remu zosta\u0142 nadany numer identyfikacyjny<\/strong> w trybie przepis\u00f3w o krajowym systemie ewidencji producent\u00f3w, ewidencji gospodarstw rolnych oraz ewidencji wniosk\u00f3w o przyznanie p\u0142atno\u015bci, zwany \u201enumerem identyfikacyjnym).<\/p>\n<p>Je\u015bli podmiot ubiegaj\u0105cy si\u0119 o przyznanie pomocy nie posiada nadanego numeru identyfikacyjnego, nale\u017cy wype\u0142ni\u0107 i z\u0142o\u017cy\u0107 odpowiedni wniosek&nbsp;<strong>we w\u0142a\u015bciwym terytorialnie Biurze Powiatowym Agencji Restrukturyzacji i Modernizacji Rolnictwa:<\/strong><\/p>\n<p>Biuro Powiatowe w Wa\u0142brzychu<br \/>\nul.&nbsp;Mickiewicza 42<br \/>\n58-300 Wa\u0142brzych<\/p>\n<p>Biuro Powiatowe w K\u0142odzku:<br \/>\nul. Grunwaldzka 2<br \/>\n57-300 K\u0142odzko<\/p>\n<p>Biuro Powiatowe w Dzier\u017coniowie:<br \/>\nul. Batalion\u00f3w Ch\u0142opskich 19<br \/>\n58-200 Dzier\u017coni\u00f3w<\/p>\n<p>*****************************************************************************<\/p>\n<p><strong>Formularze wniosk\u00f3w o nadanie numeru mo\u017cna pobra\u0107 ze strony&nbsp;ARiMR <\/strong><\/p>\n<p><a href=\"https:\/\/www.gov.pl\/web\/arimr\/wniosek-o-wpis-do-ewidencji-producentow2\">https:\/\/www.gov.pl\/web\/arimr\/wniosek-o-wpis-do-ewidencji-producentow2<\/a><\/p>\n","protected":false},"excerpt":{"rendered":"<p>UWAGA! Informujemy przysz\u0142ych Wnioskodawc\u00f3w, kt\u00f3rzy b\u0119d\u0105 zainteresowani sk\u0142adaniem wniosk\u00f3w&nbsp;o przyznanie pomocy w ramach dzia\u0142a\u0144 PS WPR 2023-2027, i\u017c jednym z niezb\u0119dnych dokument\u00f3w jest posiadanie numeru ewidencji producenta (EP) nadawanego zgodnie [&hellip;]<\/p>\n","protected":false},"author":6,"featured_media":0,"parent":10680,"menu_order":0,"comment_status":"closed","ping_status":"closed","template":"","meta":{"ngg_post_thumbnail":0,"_price":"","_stock":"","_tribe_ticket_header":"","_tribe_default_ticket_provider":"","_ticket_start_date":"","_ticket_end_date":"","_tribe_ticket_show_description":"","_tribe_ticket_show_not_going":false,"_tribe_ticket_use_global_stock":"","_tribe_ticket_global_stock_level":"","_global_stock_mode":"","_global_stock_cap":"","_tribe_rsvp_for_event":"","_tribe_ticket_going_count":"","_tribe_ticket_not_going_count":"","_tribe_tickets_list":"[]","_tribe_ticket_has_attendee_info_fields":false,"footnotes":"","_tec_slr_enabled":"","_tec_slr_layout":""},"class_list":["post-10682","page","type-page","status-publish","hentry"],"rttpg_featured_image_url":null,"rttpg_author":{"display_name":"Iweta G\u0142\u00f3d","author_link":"https:\/\/partnerstwo-sowiogorskie.pl\/index.php\/author\/iglod\/"},"rttpg_comment":0,"rttpg_category":null,"rttpg_excerpt":"UWAGA! Informujemy przysz\u0142ych Wnioskodawc\u00f3w, kt\u00f3rzy b\u0119d\u0105 zainteresowani sk\u0142adaniem wniosk\u00f3w&nbsp;o przyznanie pomocy w ramach dzia\u0142a\u0144 PS WPR 2023-2027, i\u017c jednym z niezb\u0119dnych dokument\u00f3w jest posiadanie numeru ewidencji producenta (EP) nadawanego zgodnie [&hellip;]","ticketed":false,"_links":{"self":[{"href":"https:\/\/partnerstwo-sowiogorskie.pl\/index.php\/wp-json\/wp\/v2\/pages\/10682","targetHints":{"allow":["GET"]}}],"collection":[{"href":"https:\/\/partnerstwo-sowiogorskie.pl\/index.php\/wp-json\/wp\/v2\/pages"}],"about":[{"href":"https:\/\/partnerstwo-sowiogorskie.pl\/index.php\/wp-json\/wp\/v2\/types\/page"}],"author":[{"embeddable":true,"href":"https:\/\/partnerstwo-sowiogorskie.pl\/index.php\/wp-json\/wp\/v2\/users\/6"}],"replies":[{"embeddable":true,"href":"https:\/\/partnerstwo-sowiogorskie.pl\/index.php\/wp-json\/wp\/v2\/comments?post=10682"}],"version-history":[{"count":5,"href":"https:\/\/partnerstwo-sowiogorskie.pl\/index.php\/wp-json\/wp\/v2\/pages\/10682\/revisions"}],"predecessor-version":[{"id":11001,"href":"https:\/\/partnerstwo-sowiogorskie.pl\/index.php\/wp-json\/wp\/v2\/pages\/10682\/revisions\/11001"}],"up":[{"embeddable":true,"href":"https:\/\/partnerstwo-sowiogorskie.pl\/index.php\/wp-json\/wp\/v2\/pages\/10680"}],"wp:attachment":[{"href":"https:\/\/partnerstwo-sowiogorskie.pl\/index.php\/wp-json\/wp\/v2\/media?parent=10682"}],"curies":[{"name":"wp","href":"https:\/\/api.w.org\/{rel}","templated":true}]}}