{"id":10674,"date":"2024-08-14T12:36:59","date_gmt":"2024-08-14T11:36:59","guid":{"rendered":"https:\/\/partnerstwo-sowiogorskie.pl\/?page_id=10674"},"modified":"2024-12-11T10:04:10","modified_gmt":"2024-12-11T09:04:10","slug":"ogloszenia-o-naborach-operacje-wlasne-lgd","status":"publish","type":"page","link":"https:\/\/partnerstwo-sowiogorskie.pl\/index.php\/nabory\/ogloszenia-o-naborach-operacje-wlasne-lgd\/","title":{"rendered":"OPERACJE W\u0141ASNE LGD"},"content":{"rendered":"<h2>Realizacja projekt\u00f3w: Operacji w\u0142asnych LGD<\/h2>\n<p>W ramach realizacji LSR planuje si\u0119 realizacj\u0119 <strong>dw\u00f3ch operacji w\u0142asnych zgodnie z harmonogramem nabor\u00f3w.&nbsp;<\/strong><\/p>\n<p>Obydwie <strong>operacje w\u0142asne<\/strong> realizowane b\u0119d\u0105 w z zakresu po\u015bwi\u0119conemu kszta\u0142towaniu \u015bwiadomo\u015bci obywatelskiej i wsparciu rozwoju wiedzy i umiej\u0119tno\u015bci w zakresie innowacyjno\u015bci, cyfryzacji i przedsi\u0119biorczo\u015bci, a tak\u017ce wzmacnianie program\u00f3w edukacji lider\u00f3w \u017cycia publicznego i spo\u0142ecznego, z wy\u0142\u0105czeniem inwestycji infrastrukturalnych.<\/p>\n<p>W swoich za\u0142o\u017ceniach b\u0119d\u0105 mia\u0142y charakter zar\u00f3wno szkoleniowo\/warsztatowy ukierunkowany na innowacyjno\u015b\u0107, promocj\u0119 oraz wydanie materia\u0142\u00f3w edukacyjno-promocyjnych. Obie operacje zosta\u0142y zaplanowane do realizacji w pierwszej kolejno\u015bci i b\u0119d\u0105 doskona\u0142ym przygotowaniem do kolejnych projekt\u00f3w przygotowuj\u0105cych lokalnych lider\u00f3w do si\u0119gni\u0119cia o zadania grantowe. <strong>Promocja wsp\u00f3\u0142pracy<\/strong> i dog\u0142\u0119bnej edukacji pozwoli osi\u0105gn\u0105\u0107 cele r\u00f3wnie\u017c pozosta\u0142ych dzia\u0142a\u0144, w tym rozwini\u0119cie gospodarki oraz infrastruktury turystyczno-rekreacyjnej z uwzgl\u0119dnieniem ochrony przyrody. W operacjach w\u0142asnych nie zabraknie <strong>aspektu wy\u0142\u0105czenia<\/strong> <strong>spo\u0142ecznego w tym aktywizacja ludzi m\u0142odych, senior\u00f3w oraz os\u00f3b z grupy w niekorzystnej sytuacji,<\/strong> <em>co r\u00f3wnie\u017c b\u0119dzie premiowane w swoim zakresie.<\/em><\/p>\n<p>Operacje ukierunkowane zostan\u0105 dzia\u0142aniami animacyjnymi zgodnie z Planem komunikacji aby pog\u0142\u0119bi\u0107 wsp\u00f3\u0142prac\u0119 wewn\u0119trzn\u0105, zwi\u0119kszy\u0107 zaanga\u017cowanie mieszka\u0144c\u00f3w w ich realizacj\u0119, a przede wszystkim odpowiedzie\u0107 na zdiagnozowane potrzeby i przyczyni\u0107 si\u0119 do rozwi\u0105zania b\u0105d\u017a z\u0142agodzenia wyst\u0119puj\u0105cych na obszarze problem\u00f3w.<\/p>\n","protected":false},"excerpt":{"rendered":"<p>Realizacja projekt\u00f3w: Operacji w\u0142asnych LGD W ramach realizacji LSR planuje si\u0119 realizacj\u0119 dw\u00f3ch operacji w\u0142asnych zgodnie z harmonogramem nabor\u00f3w.&nbsp; Obydwie operacje w\u0142asne realizowane b\u0119d\u0105 w z zakresu po\u015bwi\u0119conemu kszta\u0142towaniu \u015bwiadomo\u015bci [&hellip;]<\/p>\n","protected":false},"author":6,"featured_media":0,"parent":10234,"menu_order":0,"comment_status":"closed","ping_status":"closed","template":"","meta":{"ngg_post_thumbnail":0,"_price":"","_stock":"","_tribe_ticket_header":"","_tribe_default_ticket_provider":"","_ticket_start_date":"","_ticket_end_date":"","_tribe_ticket_show_description":"","_tribe_ticket_show_not_going":false,"_tribe_ticket_use_global_stock":"","_tribe_ticket_global_stock_level":"","_global_stock_mode":"","_global_stock_cap":"","_tribe_rsvp_for_event":"","_tribe_ticket_going_count":"","_tribe_ticket_not_going_count":"","_tribe_tickets_list":"[]","_tribe_ticket_has_attendee_info_fields":false,"footnotes":"","_tec_slr_enabled":"","_tec_slr_layout":""},"class_list":["post-10674","page","type-page","status-publish","hentry"],"rttpg_featured_image_url":null,"rttpg_author":{"display_name":"Iweta G\u0142\u00f3d","author_link":"https:\/\/partnerstwo-sowiogorskie.pl\/index.php\/author\/iglod\/"},"rttpg_comment":0,"rttpg_category":null,"rttpg_excerpt":"Realizacja projekt\u00f3w: Operacji w\u0142asnych LGD W ramach realizacji LSR planuje si\u0119 realizacj\u0119 dw\u00f3ch operacji w\u0142asnych zgodnie z harmonogramem nabor\u00f3w.&nbsp; Obydwie operacje w\u0142asne realizowane b\u0119d\u0105 w z zakresu po\u015bwi\u0119conemu kszta\u0142towaniu \u015bwiadomo\u015bci [&hellip;]","ticketed":false,"_links":{"self":[{"href":"https:\/\/partnerstwo-sowiogorskie.pl\/index.php\/wp-json\/wp\/v2\/pages\/10674","targetHints":{"allow":["GET"]}}],"collection":[{"href":"https:\/\/partnerstwo-sowiogorskie.pl\/index.php\/wp-json\/wp\/v2\/pages"}],"about":[{"href":"https:\/\/partnerstwo-sowiogorskie.pl\/index.php\/wp-json\/wp\/v2\/types\/page"}],"author":[{"embeddable":true,"href":"https:\/\/partnerstwo-sowiogorskie.pl\/index.php\/wp-json\/wp\/v2\/users\/6"}],"replies":[{"embeddable":true,"href":"https:\/\/partnerstwo-sowiogorskie.pl\/index.php\/wp-json\/wp\/v2\/comments?post=10674"}],"version-history":[{"count":5,"href":"https:\/\/partnerstwo-sowiogorskie.pl\/index.php\/wp-json\/wp\/v2\/pages\/10674\/revisions"}],"predecessor-version":[{"id":11037,"href":"https:\/\/partnerstwo-sowiogorskie.pl\/index.php\/wp-json\/wp\/v2\/pages\/10674\/revisions\/11037"}],"up":[{"embeddable":true,"href":"https:\/\/partnerstwo-sowiogorskie.pl\/index.php\/wp-json\/wp\/v2\/pages\/10234"}],"wp:attachment":[{"href":"https:\/\/partnerstwo-sowiogorskie.pl\/index.php\/wp-json\/wp\/v2\/media?parent=10674"}],"curies":[{"name":"wp","href":"https:\/\/api.w.org\/{rel}","templated":true}]}}