{"id":10665,"date":"2024-08-14T12:29:42","date_gmt":"2024-08-14T11:29:42","guid":{"rendered":"https:\/\/partnerstwo-sowiogorskie.pl\/?page_id=10665"},"modified":"2024-08-14T12:32:48","modified_gmt":"2024-08-14T11:32:48","slug":"ogloszenia-o-naborach-granty","status":"publish","type":"page","link":"https:\/\/partnerstwo-sowiogorskie.pl\/index.php\/nabory\/ogloszenia-o-naborach-granty\/","title":{"rendered":"Og\u0142oszenia o naborach &#8211; GRANTY"},"content":{"rendered":"<p>brak aktualnych og\u0142osze\u0144<\/p>\n","protected":false},"excerpt":{"rendered":"<p>brak aktualnych og\u0142osze\u0144<\/p>\n","protected":false},"author":6,"featured_media":0,"parent":10234,"menu_order":3,"comment_status":"closed","ping_status":"closed","template":"","meta":{"ngg_post_thumbnail":0,"_price":"","_stock":"","_tribe_ticket_header":"","_tribe_default_ticket_provider":"","_ticket_start_date":"","_ticket_end_date":"","_tribe_ticket_show_description":"","_tribe_ticket_show_not_going":false,"_tribe_ticket_use_global_stock":"","_tribe_ticket_global_stock_level":"","_global_stock_mode":"","_global_stock_cap":"","_tribe_rsvp_for_event":"","_tribe_ticket_going_count":"","_tribe_ticket_not_going_count":"","_tribe_tickets_list":"[]","_tribe_ticket_has_attendee_info_fields":false,"footnotes":"","_tec_slr_enabled":"","_tec_slr_layout":""},"class_list":["post-10665","page","type-page","status-publish","hentry"],"rttpg_featured_image_url":null,"rttpg_author":{"display_name":"Iweta G\u0142\u00f3d","author_link":"https:\/\/partnerstwo-sowiogorskie.pl\/index.php\/author\/iglod\/"},"rttpg_comment":0,"rttpg_category":null,"rttpg_excerpt":"brak aktualnych og\u0142osze\u0144","ticketed":false,"_links":{"self":[{"href":"https:\/\/partnerstwo-sowiogorskie.pl\/index.php\/wp-json\/wp\/v2\/pages\/10665","targetHints":{"allow":["GET"]}}],"collection":[{"href":"https:\/\/partnerstwo-sowiogorskie.pl\/index.php\/wp-json\/wp\/v2\/pages"}],"about":[{"href":"https:\/\/partnerstwo-sowiogorskie.pl\/index.php\/wp-json\/wp\/v2\/types\/page"}],"author":[{"embeddable":true,"href":"https:\/\/partnerstwo-sowiogorskie.pl\/index.php\/wp-json\/wp\/v2\/users\/6"}],"replies":[{"embeddable":true,"href":"https:\/\/partnerstwo-sowiogorskie.pl\/index.php\/wp-json\/wp\/v2\/comments?post=10665"}],"version-history":[{"count":2,"href":"https:\/\/partnerstwo-sowiogorskie.pl\/index.php\/wp-json\/wp\/v2\/pages\/10665\/revisions"}],"predecessor-version":[{"id":10669,"href":"https:\/\/partnerstwo-sowiogorskie.pl\/index.php\/wp-json\/wp\/v2\/pages\/10665\/revisions\/10669"}],"up":[{"embeddable":true,"href":"https:\/\/partnerstwo-sowiogorskie.pl\/index.php\/wp-json\/wp\/v2\/pages\/10234"}],"wp:attachment":[{"href":"https:\/\/partnerstwo-sowiogorskie.pl\/index.php\/wp-json\/wp\/v2\/media?parent=10665"}],"curies":[{"name":"wp","href":"https:\/\/api.w.org\/{rel}","templated":true}]}}