{"id":10645,"date":"2024-08-13T13:09:14","date_gmt":"2024-08-13T12:09:14","guid":{"rendered":"https:\/\/partnerstwo-sowiogorskie.pl\/?page_id=10645"},"modified":"2026-02-17T08:15:37","modified_gmt":"2026-02-17T07:15:37","slug":"biuro-lgd","status":"publish","type":"page","link":"https:\/\/partnerstwo-sowiogorskie.pl\/index.php\/biuro-lgd\/","title":{"rendered":"Biuro LGD"},"content":{"rendered":"<p><strong>Lokalna Grupa Dzia\u0142ania \u201cPartnerstwo Sowiog\u00f3rskie\u201d&nbsp;<\/strong><\/p>\n<p><strong>Siedziba\/Biuro LGD:<\/strong><\/p>\n<p>ul. Grunwaldzka 26,&nbsp; &nbsp; &nbsp;58-340 G\u0142uszyca<\/p>\n<p>G\u0142\u00f3wny adres e-mail: do DORADZTWA, faktur oraz dzia\u0142a\u0144 promocyjnych:&nbsp;<\/p>\n<p><strong><a href=\"mailto:biuro@partnerstwo-sowiogorskie.pl\">biuro@partnerstwo-sowiogorskie.pl<\/a><\/strong><\/p>\n<p>&nbsp;<\/p>\n<p><strong>Pracownicy Biura:<\/strong>&nbsp;<\/p>\n<p><strong>G\u0142\u00f3d Iweta \u2013&nbsp;Dyrektor Biura<\/strong><\/p>\n<p>iweta.glod@partnerstwo-sowiogorskie.pl<\/p>\n<p>tel. kom.: 539 972 140&nbsp;<\/p>\n<p><strong>Roksana \u015awite\u0144ka &#8211; Specjalista ds. wdra\u017cania<\/strong><\/p>\n<p>r.switenka@partnerstwo-sowiogorskie.pl&nbsp;<\/p>\n<p>tel. kom. 518 855 434<\/p>\n<p>&nbsp;<\/p>\n<p><strong>MEDIA:<br \/>\n<\/strong>www.partnerstwo-sowiogorskie.pl<\/p>\n<p>https:\/\/www.facebook.com\/lgdsowiogorskie<\/p>\n<p>Wi\u0119cej szczeg\u00f3\u0142owych informacji w zak\u0142adce KONTAKT.<\/p>\n","protected":false},"excerpt":{"rendered":"<p>Lokalna Grupa Dzia\u0142ania \u201cPartnerstwo Sowiog\u00f3rskie\u201d&nbsp; Siedziba\/Biuro LGD: ul. Grunwaldzka 26,&nbsp; &nbsp; &nbsp;58-340 G\u0142uszyca G\u0142\u00f3wny adres e-mail: do DORADZTWA, faktur oraz dzia\u0142a\u0144 promocyjnych:&nbsp; biuro@partnerstwo-sowiogorskie.pl &nbsp; Pracownicy Biura:&nbsp; G\u0142\u00f3d Iweta \u2013&nbsp;Dyrektor Biura [&hellip;]<\/p>\n","protected":false},"author":6,"featured_media":0,"parent":0,"menu_order":0,"comment_status":"closed","ping_status":"closed","template":"","meta":{"ngg_post_thumbnail":0,"_price":"","_stock":"","_tribe_ticket_header":"","_tribe_default_ticket_provider":"","_ticket_start_date":"","_ticket_end_date":"","_tribe_ticket_show_description":"","_tribe_ticket_show_not_going":false,"_tribe_ticket_use_global_stock":"","_tribe_ticket_global_stock_level":"","_global_stock_mode":"","_global_stock_cap":"","_tribe_rsvp_for_event":"","_tribe_ticket_going_count":"","_tribe_ticket_not_going_count":"","_tribe_tickets_list":"[]","_tribe_ticket_has_attendee_info_fields":false,"footnotes":"","_tec_slr_enabled":"","_tec_slr_layout":""},"class_list":["post-10645","page","type-page","status-publish","hentry"],"rttpg_featured_image_url":null,"rttpg_author":{"display_name":"Iweta G\u0142\u00f3d","author_link":"https:\/\/partnerstwo-sowiogorskie.pl\/index.php\/author\/iglod\/"},"rttpg_comment":0,"rttpg_category":null,"rttpg_excerpt":"Lokalna Grupa Dzia\u0142ania \u201cPartnerstwo Sowiog\u00f3rskie\u201d&nbsp; Siedziba\/Biuro LGD: ul. Grunwaldzka 26,&nbsp; &nbsp; &nbsp;58-340 G\u0142uszyca G\u0142\u00f3wny adres e-mail: do DORADZTWA, faktur oraz dzia\u0142a\u0144 promocyjnych:&nbsp; biuro@partnerstwo-sowiogorskie.pl &nbsp; Pracownicy Biura:&nbsp; G\u0142\u00f3d Iweta \u2013&nbsp;Dyrektor Biura [&hellip;]","ticketed":false,"_links":{"self":[{"href":"https:\/\/partnerstwo-sowiogorskie.pl\/index.php\/wp-json\/wp\/v2\/pages\/10645","targetHints":{"allow":["GET"]}}],"collection":[{"href":"https:\/\/partnerstwo-sowiogorskie.pl\/index.php\/wp-json\/wp\/v2\/pages"}],"about":[{"href":"https:\/\/partnerstwo-sowiogorskie.pl\/index.php\/wp-json\/wp\/v2\/types\/page"}],"author":[{"embeddable":true,"href":"https:\/\/partnerstwo-sowiogorskie.pl\/index.php\/wp-json\/wp\/v2\/users\/6"}],"replies":[{"embeddable":true,"href":"https:\/\/partnerstwo-sowiogorskie.pl\/index.php\/wp-json\/wp\/v2\/comments?post=10645"}],"version-history":[{"count":7,"href":"https:\/\/partnerstwo-sowiogorskie.pl\/index.php\/wp-json\/wp\/v2\/pages\/10645\/revisions"}],"predecessor-version":[{"id":11987,"href":"https:\/\/partnerstwo-sowiogorskie.pl\/index.php\/wp-json\/wp\/v2\/pages\/10645\/revisions\/11987"}],"wp:attachment":[{"href":"https:\/\/partnerstwo-sowiogorskie.pl\/index.php\/wp-json\/wp\/v2\/media?parent=10645"}],"curies":[{"name":"wp","href":"https:\/\/api.w.org\/{rel}","templated":true}]}}