{"id":10523,"date":"2024-06-17T12:00:17","date_gmt":"2024-06-17T12:00:17","guid":{"rendered":"https:\/\/partnerstwo-sowiogorskie.pl\/?page_id=10523"},"modified":"2024-06-17T12:00:17","modified_gmt":"2024-06-17T12:00:17","slug":"mapa-witryny","status":"publish","type":"page","link":"https:\/\/partnerstwo-sowiogorskie.pl\/index.php\/mapa-witryny\/","title":{"rendered":"Mapa witryny"},"content":{"rendered":"<div id=\"simple-sitemap-container-69e36495cd36e\" class=\"simple-sitemap-container simple-sitemap-container-69e36495cd36e tab-disabled\"><div class=\"simple-sitemap-wrap\"><h3 class=\"post-type\">Strony<\/h3><ul class=\"simple-sitemap-page main\"><li class=\"sitemap-item page_item page-item-10347\"><a href=\"https:\/\/partnerstwo-sowiogorskie.pl\/index.php\/aktualnosci\/\">Aktualno\u015bci<\/a><\/li>\n<li class=\"sitemap-item page_item page-item-10335\"><a href=\"https:\/\/partnerstwo-sowiogorskie.pl\/index.php\/atrakcje-turystyczne\/\">Atrakcje turystyczne<\/a><\/li>\n<li class=\"sitemap-item page_item page-item-10645\"><a href=\"https:\/\/partnerstwo-sowiogorskie.pl\/index.php\/biuro-lgd\/\">Biuro LGD<\/a><\/li>\n<li class=\"sitemap-item page_item page-item-10345\"><a href=\"https:\/\/partnerstwo-sowiogorskie.pl\/index.php\/deklaracja-dostepnosci\/\">Deklaracja dost\u0119pno\u015bci<\/a><\/li>\n<li class=\"sitemap-item page_item page-item-10333\"><a href=\"https:\/\/partnerstwo-sowiogorskie.pl\/index.php\/gastronomia\/\">Gastronomia<\/a><\/li>\n<li class=\"sitemap-item page_item page-item-10547\"><a href=\"https:\/\/partnerstwo-sowiogorskie.pl\/index.php\/kalendarium\/\">Kalendarium<\/a><\/li>\n<li class=\"sitemap-item page_item page-item-10238\"><a href=\"https:\/\/partnerstwo-sowiogorskie.pl\/index.php\/kontakt\/\">Kontakt<\/a><\/li>\n<li class=\"sitemap-item page_item page-item-10523\"><a href=\"https:\/\/partnerstwo-sowiogorskie.pl\/index.php\/mapa-witryny\/\">Mapa witryny<\/a><\/li>\n<li class=\"sitemap-item page_item page-item-11761\"><a href=\"https:\/\/partnerstwo-sowiogorskie.pl\/index.php\/materialy-pomocnicze-rolnicy\/\">Materia\u0142y pomocnicze - rolnicy<\/a><\/li>\n<li class=\"sitemap-item page_item page-item-10331\"><a href=\"https:\/\/partnerstwo-sowiogorskie.pl\/index.php\/miejsca-noclegowe\/\">Miejsca noclegowe<\/a><\/li>\n<li class=\"sitemap-item page_item page-item-10234 page_item_has_children\"><a href=\"https:\/\/partnerstwo-sowiogorskie.pl\/index.php\/nabory\/\">Nabory<\/a>\n<ul class='children'>\n\t<li class=\"sitemap-item page_item page-item-11698\"><a href=\"https:\/\/partnerstwo-sowiogorskie.pl\/index.php\/nabory\/harmonogram-naborow-arimr\/\">Harmonogram nabor\u00f3w ARiMR<\/a><\/li>\n\t<li class=\"sitemap-item page_item page-item-10383\"><a href=\"https:\/\/partnerstwo-sowiogorskie.pl\/index.php\/nabory\/harmonogram-naborow\/\">Harmonogram nabor\u00f3w LGD<\/a><\/li>\n\t<li class=\"sitemap-item page_item page-item-11694\"><a href=\"https:\/\/partnerstwo-sowiogorskie.pl\/index.php\/nabory\/harmonogram-naborow-umwd-i-arimr\/\">Harmonogram nabor\u00f3w UMWD<\/a><\/li>\n\t<li class=\"sitemap-item page_item page-item-10680 page_item_has_children\"><a href=\"https:\/\/partnerstwo-sowiogorskie.pl\/index.php\/nabory\/informacje-dla-wnioskodawcow\/\">INFORMACJE DLA WNIOSKODAWC\u00d3W<\/a>\n\t<ul class='children'>\n\t\t<li class=\"sitemap-item page_item page-item-10700 page_item_has_children\"><a href=\"https:\/\/partnerstwo-sowiogorskie.pl\/index.php\/nabory\/informacje-dla-wnioskodawcow\/doradztwo\/\">Doradztwo<\/a>\n\t\t<ul class='children'>\n\t\t\t<li class=\"sitemap-item page_item page-item-10782\"><a href=\"https:\/\/partnerstwo-sowiogorskie.pl\/index.php\/nabory\/informacje-dla-wnioskodawcow\/doradztwo\/materialy-pomocnicze\/\">Materia\u0142y pomocnicze<\/a><\/li>\n\t\t\t<li class=\"sitemap-item page_item page-item-10786\"><a href=\"https:\/\/partnerstwo-sowiogorskie.pl\/index.php\/nabory\/informacje-dla-wnioskodawcow\/doradztwo\/spotkania-animacyjne-do-naborow\/\">Spotkania animacyjne do nabor\u00f3w<\/a><\/li>\n\t\t\t<li class=\"sitemap-item page_item page-item-10784\"><a href=\"https:\/\/partnerstwo-sowiogorskie.pl\/index.php\/nabory\/informacje-dla-wnioskodawcow\/doradztwo\/szkolenia\/\">Szkolenia<\/a><\/li>\n\t\t<\/ul>\n<\/li>\n\t\t<li class=\"sitemap-item page_item page-item-10696\"><a href=\"https:\/\/partnerstwo-sowiogorskie.pl\/index.php\/nabory\/informacje-dla-wnioskodawcow\/logowanie-do-pue-arimr\/\">Logowanie do PUE ARiMR<\/a><\/li>\n\t\t<li class=\"sitemap-item page_item page-item-10682\"><a href=\"https:\/\/partnerstwo-sowiogorskie.pl\/index.php\/nabory\/informacje-dla-wnioskodawcow\/obowiazek-informacyjny\/\">NADANIE NUMERU EP (nr identyfikacyjny ARiMR)<\/a><\/li>\n\t\t<li class=\"sitemap-item page_item page-item-10690\"><a href=\"https:\/\/partnerstwo-sowiogorskie.pl\/index.php\/nabory\/informacje-dla-wnioskodawcow\/obowiazek-informacyjny-2\/\">Obowi\u0105zek informacyjny<\/a><\/li>\n\t\t<li class=\"sitemap-item page_item page-item-10698\"><a href=\"https:\/\/partnerstwo-sowiogorskie.pl\/index.php\/nabory\/informacje-dla-wnioskodawcow\/podstawy-prawne\/\">Podstawy prawne<\/a><\/li>\n\t<\/ul>\n<\/li>\n\t<li class=\"sitemap-item page_item page-item-10665\"><a href=\"https:\/\/partnerstwo-sowiogorskie.pl\/index.php\/nabory\/ogloszenia-o-naborach-granty\/\">Og\u0142oszenia o naborach - GRANTY<\/a><\/li>\n\t<li class=\"sitemap-item page_item page-item-10667 page_item_has_children\"><a href=\"https:\/\/partnerstwo-sowiogorskie.pl\/index.php\/nabory\/ogloszenie-o-naborach-konkursy\/\">Og\u0142oszenie o naborach - KONKURSY 1-7<\/a>\n\t<ul class='children'>\n\t\t<li class=\"sitemap-item page_item page-item-11171\"><a href=\"https:\/\/partnerstwo-sowiogorskie.pl\/index.php\/nabory\/ogloszenie-o-naborach-konkursy\/konkurs_1-jsfp\/\">Konkurs 1_2025 JSFP<\/a><\/li>\n\t\t<li class=\"sitemap-item page_item page-item-11178\"><a href=\"https:\/\/partnerstwo-sowiogorskie.pl\/index.php\/nabory\/ogloszenie-o-naborach-konkursy\/konkurs-2_2025-start-dg\/\">Konkurs 2_2025 START DG<\/a><\/li>\n\t\t<li class=\"sitemap-item page_item page-item-11181\"><a href=\"https:\/\/partnerstwo-sowiogorskie.pl\/index.php\/nabory\/ogloszenie-o-naborach-konkursy\/konkurs-3_2025-rozwoj-dg\/\">Konkurs 3_2025 Rozw\u00f3j DG<\/a><\/li>\n\t\t<li class=\"sitemap-item page_item page-item-11183\"><a href=\"https:\/\/partnerstwo-sowiogorskie.pl\/index.php\/nabory\/ogloszenie-o-naborach-konkursy\/start_ze\/\">Konkurs 4_2025 Start ZE<\/a><\/li>\n\t\t<li class=\"sitemap-item page_item page-item-11185\"><a href=\"https:\/\/partnerstwo-sowiogorskie.pl\/index.php\/nabory\/ogloszenie-o-naborach-konkursy\/rozwoj_ga\/\">Konkurs 5_2025 Rozw\u00f3j GA<\/a><\/li>\n\t\t<li class=\"sitemap-item page_item page-item-11620\"><a href=\"https:\/\/partnerstwo-sowiogorskie.pl\/index.php\/nabory\/ogloszenie-o-naborach-konkursy\/6_jsfp\/\">Konkurs 6_2026 JSFP<\/a><\/li>\n\t\t<li class=\"sitemap-item page_item page-item-11707\"><a href=\"https:\/\/partnerstwo-sowiogorskie.pl\/index.php\/nabory\/ogloszenie-o-naborach-konkursy\/start-ze2\/\">Konkurs 7_2026 Start ZE<\/a><\/li>\n\t<\/ul>\n<\/li>\n\t<li class=\"sitemap-item page_item page-item-11713 page_item_has_children\"><a href=\"https:\/\/partnerstwo-sowiogorskie.pl\/index.php\/nabory\/ogloszenie-o-naborach-konkursy-2\/\">Og\u0142oszenie o naborach - KONKURSY 8 -<\/a>\n\t<ul class='children'>\n\t\t<li class=\"sitemap-item page_item page-item-11709\"><a href=\"https:\/\/partnerstwo-sowiogorskie.pl\/index.php\/nabory\/ogloszenie-o-naborach-konkursy-2\/rozwoj-dg2\/\">Konkurs 8_2026 Rozw\u00f3j DG<\/a><\/li>\n\t<\/ul>\n<\/li>\n\t<li class=\"sitemap-item page_item page-item-10674\"><a href=\"https:\/\/partnerstwo-sowiogorskie.pl\/index.php\/nabory\/ogloszenia-o-naborach-operacje-wlasne-lgd\/\">OPERACJE W\u0141ASNE LGD<\/a><\/li>\n<\/ul>\n<\/li>\n<li class=\"sitemap-item page_item page-item-11587\"><a href=\"https:\/\/partnerstwo-sowiogorskie.pl\/index.php\/nabory-na-pracownikow-ogloszenia\/\">Nabory na pracownik\u00f3w - og\u0142oszenia<\/a><\/li>\n<li class=\"sitemap-item page_item page-item-10218 page_item_has_children\"><a href=\"https:\/\/partnerstwo-sowiogorskie.pl\/index.php\/o-nas\/\">O nas<\/a>\n<ul class='children'>\n\t<li class=\"sitemap-item page_item page-item-10224\"><a href=\"https:\/\/partnerstwo-sowiogorskie.pl\/index.php\/o-nas\/czlonkowie\/\">Cz\u0142onkowie<\/a><\/li>\n\t<li class=\"sitemap-item page_item page-item-10220\"><a href=\"https:\/\/partnerstwo-sowiogorskie.pl\/index.php\/o-nas\/informacje-o-lgd\/\">Informacje o LGD<\/a><\/li>\n\t<li class=\"sitemap-item page_item page-item-10597\"><a href=\"https:\/\/partnerstwo-sowiogorskie.pl\/index.php\/o-nas\/regulaminy\/\">Regulaminy<\/a><\/li>\n\t<li class=\"sitemap-item page_item page-item-10227\"><a href=\"https:\/\/partnerstwo-sowiogorskie.pl\/index.php\/o-nas\/statut\/\">Statut i Regulaminy LGD<\/a><\/li>\n\t<li class=\"sitemap-item page_item page-item-10222 page_item_has_children\"><a href=\"https:\/\/partnerstwo-sowiogorskie.pl\/index.php\/o-nas\/wladze-lgd\/\">W\u0142adze LGD<\/a>\n\t<ul class='children'>\n\t\t<li class=\"sitemap-item page_item page-item-10361\"><a href=\"https:\/\/partnerstwo-sowiogorskie.pl\/index.php\/o-nas\/wladze-lgd\/dokumentacja-dla-kandydatow\/\">Dokumentacja dla kandydat\u00f3w<\/a><\/li>\n\t\t<li class=\"sitemap-item page_item page-item-10351\"><a href=\"https:\/\/partnerstwo-sowiogorskie.pl\/index.php\/o-nas\/wladze-lgd\/komisja-rewizyjna\/\">Komisja Rewizyjna<\/a><\/li>\n\t\t<li class=\"sitemap-item page_item page-item-10357\"><a href=\"https:\/\/partnerstwo-sowiogorskie.pl\/index.php\/o-nas\/wladze-lgd\/rada\/\">Rada<\/a><\/li>\n\t\t<li class=\"sitemap-item page_item page-item-10353\"><a href=\"https:\/\/partnerstwo-sowiogorskie.pl\/index.php\/o-nas\/wladze-lgd\/walne-zebranie-czlonkow\/\">Walne Zebranie Cz\u0142onk\u00f3w<\/a><\/li>\n\t\t<li class=\"sitemap-item page_item page-item-10355\"><a href=\"https:\/\/partnerstwo-sowiogorskie.pl\/index.php\/o-nas\/wladze-lgd\/zarzad\/\">Zarz\u0105d<\/a><\/li>\n\t<\/ul>\n<\/li>\n<\/ul>\n<\/li>\n<li class=\"sitemap-item page_item page-item-10765\"><a href=\"https:\/\/partnerstwo-sowiogorskie.pl\/index.php\/operacje-wlasne\/\">Operacje w\u0142asne<\/a><\/li>\n<li class=\"sitemap-item page_item page-item-10343\"><a href=\"https:\/\/partnerstwo-sowiogorskie.pl\/index.php\/polityka-nieletni\/\">Polityka - nieletni<\/a><\/li>\n<li class=\"sitemap-item page_item page-item-10337\"><a href=\"https:\/\/partnerstwo-sowiogorskie.pl\/index.php\/polityka-prywatnosci\/\">Polityka prywatno\u015bci<\/a><\/li>\n<li class=\"sitemap-item page_item page-item-10778\"><a href=\"https:\/\/partnerstwo-sowiogorskie.pl\/index.php\/posiedzenia-rady-lgd\/\">Posiedzenia Rady LGD<\/a><\/li>\n<li class=\"sitemap-item page_item page-item-10767\"><a href=\"https:\/\/partnerstwo-sowiogorskie.pl\/index.php\/projekty-grantowe\/\">Projekty grantowe<\/a><\/li>\n<li class=\"sitemap-item page_item page-item-10230 page_item_has_children\"><a href=\"https:\/\/partnerstwo-sowiogorskie.pl\/index.php\/ps-wpr-2023-2027\/\">PS WPR 2023-2027<\/a>\n<ul class='children'>\n\t<li class=\"sitemap-item page_item page-item-10750\"><a href=\"https:\/\/partnerstwo-sowiogorskie.pl\/index.php\/ps-wpr-2023-2027\/ankiety-monitorujace\/\">Ankiety monitoruj\u0105ce LGD<\/a><\/li>\n\t<li class=\"sitemap-item page_item page-item-10232 page_item_has_children\"><a href=\"https:\/\/partnerstwo-sowiogorskie.pl\/index.php\/ps-wpr-2023-2027\/realizacja-lokalnej-strategii-rozwoju-lsr\/\">Realizacja Lokalnej Strategii Rozwoju (LSR)<\/a>\n\t<ul class='children'>\n\t\t<li class=\"sitemap-item page_item page-item-10371\"><a href=\"https:\/\/partnerstwo-sowiogorskie.pl\/index.php\/ps-wpr-2023-2027\/realizacja-lokalnej-strategii-rozwoju-lsr\/lsr-2021-2027\/\">LSR 2021-2027<\/a><\/li>\n\t\t<li class=\"sitemap-item page_item page-item-10379\"><a href=\"https:\/\/partnerstwo-sowiogorskie.pl\/index.php\/ps-wpr-2023-2027\/realizacja-lokalnej-strategii-rozwoju-lsr\/plan-komunikacji\/\">Plan komunikacji<\/a><\/li>\n\t\t<li class=\"sitemap-item page_item page-item-10373\"><a href=\"https:\/\/partnerstwo-sowiogorskie.pl\/index.php\/ps-wpr-2023-2027\/realizacja-lokalnej-strategii-rozwoju-lsr\/umowy-zwiazane-z-realizacja-lsr\/\">Umowy zwi\u0105zane z realizacj\u0105 LSR<\/a><\/li>\n\t<\/ul>\n<\/li>\n\t<li class=\"sitemap-item page_item page-item-10748\"><a href=\"https:\/\/partnerstwo-sowiogorskie.pl\/index.php\/ps-wpr-2023-2027\/regulaminy-i-procedury\/\">Regulaminy i procedury<\/a><\/li>\n\t<li class=\"sitemap-item page_item page-item-10752 page_item_has_children\"><a href=\"https:\/\/partnerstwo-sowiogorskie.pl\/index.php\/ps-wpr-2023-2027\/spotkania-grup-roboczych\/\">Spotkania grup roboczych<\/a>\n\t<ul class='children'>\n\t\t<li class=\"sitemap-item page_item page-item-10889\"><a href=\"https:\/\/partnerstwo-sowiogorskie.pl\/index.php\/ps-wpr-2023-2027\/spotkania-grup-roboczych\/zespol-do-spraw-promocji-i-animacji\/\">Zesp\u00f3\u0142 do spraw promocji i animacji<\/a><\/li>\n\t\t<li class=\"sitemap-item page_item page-item-10891\"><a href=\"https:\/\/partnerstwo-sowiogorskie.pl\/index.php\/ps-wpr-2023-2027\/spotkania-grup-roboczych\/zespol-ds-aktywizacji-ludzi-mlodych-i-seniorow-oraz-osob-w-niekorzystnej-sytuacji\/\">Zesp\u00f3\u0142 ds. aktywizacji ludzi m\u0142odych i senior\u00f3w oraz os\u00f3b w niekorzystnej sytuacji<\/a><\/li>\n\t\t<li class=\"sitemap-item page_item page-item-10885\"><a href=\"https:\/\/partnerstwo-sowiogorskie.pl\/index.php\/ps-wpr-2023-2027\/spotkania-grup-roboczych\/zespol-ds-opracowania-procedur-lsr-i-wdrazania-lsr\/\">Zesp\u00f3\u0142 ds. opracowania procedur LSR i wdra\u017cania LSR<\/a><\/li>\n\t<\/ul>\n<\/li>\n\t<li class=\"sitemap-item page_item page-item-10754\"><a href=\"https:\/\/partnerstwo-sowiogorskie.pl\/index.php\/ps-wpr-2023-2027\/zapytania-ofertowe\/\">Zapytania ofertowe<\/a><\/li>\n\t<li class=\"sitemap-item page_item page-item-10756\"><a href=\"https:\/\/partnerstwo-sowiogorskie.pl\/index.php\/ps-wpr-2023-2027\/zestawienia-r_f\/\">Zestawienia R_F<\/a><\/li>\n<\/ul>\n<\/li>\n<li class=\"sitemap-item page_item page-item-10769\"><a href=\"https:\/\/partnerstwo-sowiogorskie.pl\/index.php\/publikacje-prow-2014-2020\/\">Publikacje i filmy promocyjne LGD \"Partnerstwo Sowiog\u00f3rskie\"<\/a><\/li>\n<li class=\"sitemap-item page_item page-item-10771\"><a href=\"https:\/\/partnerstwo-sowiogorskie.pl\/index.php\/publikacje-ps-wpr-2023-2027\/\">Publikacje PS WPR 2023-2027<\/a><\/li>\n<li class=\"sitemap-item page_item page-item-10339\"><a href=\"https:\/\/partnerstwo-sowiogorskie.pl\/index.php\/rodo\/\">RODO<\/a><\/li>\n<li class=\"sitemap-item page_item page-item-10329\"><a href=\"https:\/\/partnerstwo-sowiogorskie.pl\/index.php\/rzemioslo-kultura\/\">Rzemios\u0142o, kultura<\/a><\/li>\n<li class=\"sitemap-item page_item page-item-174\"><a href=\"https:\/\/partnerstwo-sowiogorskie.pl\/\">Strona g\u0142\u00f3wna<\/a><\/li>\n<li class=\"sitemap-item page_item page-item-10236 page_item_has_children\"><a href=\"https:\/\/partnerstwo-sowiogorskie.pl\/index.php\/zrealizowane-projekty\/\">Zrealizowane projekty - e-mapa<\/a>\n<ul class='children'>\n\t<li class=\"sitemap-item page_item page-item-10763\"><a href=\"https:\/\/partnerstwo-sowiogorskie.pl\/index.php\/zrealizowane-projekty\/e-mapa-obszaru-lgd\/\">e-Mapa obszaru LGD<\/a><\/li>\n<\/ul>\n<\/li>\n<\/ul><\/div><\/div><br style=\"clear: both;\">\n","protected":false},"excerpt":{"rendered":"","protected":false},"author":1,"featured_media":0,"parent":0,"menu_order":0,"comment_status":"closed","ping_status":"closed","template":"","meta":{"ngg_post_thumbnail":0,"_price":"","_stock":"","_tribe_ticket_header":"","_tribe_default_ticket_provider":"","_ticket_start_date":"","_ticket_end_date":"","_tribe_ticket_show_description":"","_tribe_ticket_show_not_going":false,"_tribe_ticket_use_global_stock":"","_tribe_ticket_global_stock_level":"","_global_stock_mode":"","_global_stock_cap":"","_tribe_rsvp_for_event":"","_tribe_ticket_going_count":"","_tribe_ticket_not_going_count":"","_tribe_tickets_list":"[]","_tribe_ticket_has_attendee_info_fields":false,"footnotes":"","_tec_slr_enabled":"","_tec_slr_layout":""},"class_list":["post-10523","page","type-page","status-publish","hentry"],"rttpg_featured_image_url":null,"rttpg_author":{"display_name":"admin","author_link":"https:\/\/partnerstwo-sowiogorskie.pl\/index.php\/author\/admin\/"},"rttpg_comment":0,"rttpg_category":null,"rttpg_excerpt":null,"ticketed":false,"_links":{"self":[{"href":"https:\/\/partnerstwo-sowiogorskie.pl\/index.php\/wp-json\/wp\/v2\/pages\/10523","targetHints":{"allow":["GET"]}}],"collection":[{"href":"https:\/\/partnerstwo-sowiogorskie.pl\/index.php\/wp-json\/wp\/v2\/pages"}],"about":[{"href":"https:\/\/partnerstwo-sowiogorskie.pl\/index.php\/wp-json\/wp\/v2\/types\/page"}],"author":[{"embeddable":true,"href":"https:\/\/partnerstwo-sowiogorskie.pl\/index.php\/wp-json\/wp\/v2\/users\/1"}],"replies":[{"embeddable":true,"href":"https:\/\/partnerstwo-sowiogorskie.pl\/index.php\/wp-json\/wp\/v2\/comments?post=10523"}],"version-history":[{"count":1,"href":"https:\/\/partnerstwo-sowiogorskie.pl\/index.php\/wp-json\/wp\/v2\/pages\/10523\/revisions"}],"predecessor-version":[{"id":10524,"href":"https:\/\/partnerstwo-sowiogorskie.pl\/index.php\/wp-json\/wp\/v2\/pages\/10523\/revisions\/10524"}],"wp:attachment":[{"href":"https:\/\/partnerstwo-sowiogorskie.pl\/index.php\/wp-json\/wp\/v2\/media?parent=10523"}],"curies":[{"name":"wp","href":"https:\/\/api.w.org\/{rel}","templated":true}]}}