{"id":10373,"date":"2024-05-22T12:22:26","date_gmt":"2024-05-22T12:22:26","guid":{"rendered":"https:\/\/partnerstwo-sowiogorskie.pl\/?page_id=10373"},"modified":"2026-04-30T12:20:41","modified_gmt":"2026-04-30T11:20:41","slug":"umowy-zwiazane-z-realizacja-lsr","status":"publish","type":"page","link":"https:\/\/partnerstwo-sowiogorskie.pl\/index.php\/ps-wpr-2023-2027\/realizacja-lokalnej-strategii-rozwoju-lsr\/umowy-zwiazane-z-realizacja-lsr\/","title":{"rendered":"Umowy zwi\u0105zane z realizacj\u0105 LSR"},"content":{"rendered":"<p><img loading=\"lazy\" decoding=\"async\" class=\"wp-image-10661 aligncenter\" src=\"https:\/\/partnerstwo-sowiogorskie.pl\/wp-content\/uploads\/2024\/08\/PASEK_WWW_PSWPR.jpg\" alt=\"\" width=\"499\" height=\"118\"><\/p>\n<p>W dniu 12-08-2024r. za pomoc\u0105 systemu teleinformatycznego Agencji Restrukturyzacji i Modernizacji Rolnictwa podpisali\u015bmy Umow\u0119 nr 00010.UM01.65720.00004.2024 o przyznaniu pomocy w ramach interwencji I.13.1 LEADER\/Rozw\u00f3j Lokalny Kierowany przez Spo\u0142eczno\u015b\u0107 (RLKS) \u2013 komponent Zarz\u0105dzanie LSR<\/p>\n<p>Lokalna Grupa Dzia\u0142ania dofinasowana jest ze \u015brodk\u00f3w Unii Europejskiej w ramach Planu Strategicznego dla Wsp\u00f3lnej Polityki Rolnej na lata 2023-2027r.&nbsp;<\/p>\n<p><strong>CEL OPERACJI:<\/strong> \u201ePromowanie zatrudnienia, wzrostu r\u00f3wno\u015bci p\u0142ci, w tym udzia\u0142u kobiet w<br \/>\nrolnictwie, w\u0142\u0105czenia spo\u0142ecznego i rozwoju lokalnego na obszarach wiejskich, w tym biogospodarki o obiegu zamkni\u0119tym i zr\u00f3wnowa\u017conego le\u015bnictwa\u201d oraz \u201eZarz\u0105dzanie<br \/>\nstrategi\u0105, jej monitorowanie i ewaluacj\u0119 oraz jej animowanie, w tym u\u0142atwianie wymiany mi\u0119dzy<br \/>\nzainteresowanymi podmiotami&#8221;&nbsp;poprzez realizacj\u0119 komponentu wdra\u017cania LSR w ramach interwencji I.13.1 LEADER \/ Rozw\u00f3j Lokalny Kierowany przez Spo\u0142eczno\u015b\u0107 (RLKS), w tym<br \/>\nrealizacj\u0119 Planu Komunikacji.<\/p>\n<p><strong>Przewidywane wyniki:<\/strong> Finansowy i rzeczowy post\u0119p we wdra\u017caniu LSR.&nbsp;<\/p>\n<p><a href=\"https:\/\/partnerstwo-sowiogorskie.pl\/wp-content\/uploads\/2024\/08\/Umowa_Zarzadzanie_LSR_12082024.pdf\">Umowa_Zarz\u0105dzanie_LSR_12082024<\/a><\/p>\n<p>Aneks nr 1 z dnia 16-02-2026 <a href=\"https:\/\/partnerstwo-sowiogorskie.pl\/wp-content\/uploads\/2026\/02\/Aneks_do_umowy_z_organizacja_16022026.pdf\">&gt;&gt;&gt; pobierz<\/a><\/p>\n<p><!--more-->&nbsp;<img loading=\"lazy\" decoding=\"async\" class=\"wp-image-10661 aligncenter\" src=\"https:\/\/partnerstwo-sowiogorskie.pl\/wp-content\/uploads\/2024\/08\/PASEK_WWW_PSWPR.jpg\" alt=\"\" width=\"499\" height=\"118\"><\/p>\n<p>Szanowni Pa\u0144stwo&nbsp;<\/p>\n<p>W dniu dzisiejszym, tj.&nbsp;<strong>09-01-2024<\/strong><strong>r.<\/strong>&nbsp;przedstawiciele Zarz\u0105du Lokalnej Grupy Dzia\u0142ania &#8220;Partnerstwo Sowiog\u00f3rskie&#8221; oraz WOJEW\u00d3DZTWA DOLNO\u015aL\u0104SKIEGO zawarli Umow\u0119 o warunkach i sposobie realizacji&nbsp;Strategii rozwoju lokalnego kierowanego przez spo\u0142eczno\u015b\u0107 (LSR).<\/p>\n<p>Wysoko\u015b\u0107 \u015brodk\u00f3w finansowych na jej realizacj\u0119 wynosi&nbsp; &nbsp;<strong>1 562 500 EURO&nbsp;<\/strong><\/p>\n<p>Dzi\u0119kujemy naszym mieszka\u0144com i wszystkim zaanga\u017cowanym osob\u0105 za czas i prac\u0119 w\u0142o\u017con\u0105 w trakcie opracowywania dokumentu i zapraszamy do realizacji wsp\u00f3lnie zaplanowanych przedsi\u0119wzi\u0119\u0107.&nbsp;<\/p>\n<p>Zarz\u0105d LGD<\/p>\n<p>Umowa nr 00006.UM01.6572.10010.2023 z dn. 09-01-2024r. <a href=\"https:\/\/partnerstwo-sowiogorskie.pl\/wp-content\/uploads\/2024\/08\/Umowa_ramowa_09012024_skompresowany.pdf\">Umowa_ramowa_09012024<\/a><\/p>\n<p>Za\u0142\u0105cznik nr 1 &#8211; <a href=\"https:\/\/partnerstwo-sowiogorskie.pl\/index.php\/ps-wpr-2023-2027\/realizacja-lokalnej-strategii-rozwoju-lsr\/lsr-2021-2027\/\">LSR&nbsp;<\/a><br \/>\nZa\u0142\u0105cznik nr 2 &#8211; <a href=\"https:\/\/partnerstwo-sowiogorskie.pl\/index.php\/ps-wpr-2023-2027\/realizacja-lokalnej-strategii-rozwoju-lsr\/plan-komunikacji\/\">Plan komunikacji<\/a><\/p>\n<p>1. <a href=\"https:\/\/partnerstwo-sowiogorskie.pl\/wp-content\/uploads\/2024\/08\/Aneks_nr_1_22022024.pdf\">Aneks nr 1 do umowy ramowej<\/a> 22-02-2024r.&nbsp;<\/p>\n<p>2. <a href=\"https:\/\/partnerstwo-sowiogorskie.pl\/wp-content\/uploads\/2025\/04\/Aneks_nr_2_17122024_ramowa.pdf\" target=\"_blank\" rel=\"noopener\">Aneks nr 2 do umowy ramowej 17-12-2024r.&nbsp;<\/a> <a href=\"https:\/\/partnerstwo-sowiogorskie.pl\/wp-content\/uploads\/2024\/11\/2_LSR_PS_21112024.pdf\">2_LSR_PS_21112024<\/a><\/p>\n<p>3. Aneks nr 3 do umowy ramowej 10-04-2025r. <a href=\"https:\/\/partnerstwo-sowiogorskie.pl\/wp-content\/uploads\/2025\/05\/Aneks_nr_3_10042025.pdf\">KI<\/a><\/p>\n<p>4. Aneks nr 4 do umowy ramowej 16.12.2025r. <a href=\"https:\/\/partnerstwo-sowiogorskie.pl\/wp-content\/uploads\/2026\/01\/Aneks_nr_4_16122025.pdf\">&gt;&gt;&gt; pobierz<\/a> <a href=\"https:\/\/partnerstwo-sowiogorskie.pl\/wp-content\/uploads\/2026\/01\/3_LSR_PS_17062025.pdf\">3_LSR_PS_17062025<\/a><\/p>\n<p>&nbsp;<\/p>\n<p>&nbsp;<\/p>\n","protected":false},"excerpt":{"rendered":"<p>W dniu 12-08-2024r. za pomoc\u0105 systemu teleinformatycznego Agencji Restrukturyzacji i Modernizacji Rolnictwa podpisali\u015bmy Umow\u0119 nr 00010.UM01.65720.00004.2024 o przyznaniu pomocy w ramach interwencji I.13.1 LEADER\/Rozw\u00f3j Lokalny Kierowany przez Spo\u0142eczno\u015b\u0107 (RLKS) \u2013 [&hellip;]<\/p>\n","protected":false},"author":1,"featured_media":0,"parent":10232,"menu_order":0,"comment_status":"closed","ping_status":"closed","template":"","meta":{"ngg_post_thumbnail":0,"_price":"","_stock":"","_tribe_ticket_header":"","_tribe_default_ticket_provider":"","_ticket_start_date":"","_ticket_end_date":"","_tribe_ticket_show_description":"","_tribe_ticket_show_not_going":false,"_tribe_ticket_use_global_stock":"","_tribe_ticket_global_stock_level":"","_global_stock_mode":"","_global_stock_cap":"","_tribe_rsvp_for_event":"","_tribe_ticket_going_count":"","_tribe_ticket_not_going_count":"","_tribe_tickets_list":"[]","_tribe_ticket_has_attendee_info_fields":false,"footnotes":"","_tec_slr_enabled":"","_tec_slr_layout":""},"class_list":["post-10373","page","type-page","status-publish","hentry"],"rttpg_featured_image_url":null,"rttpg_author":{"display_name":"admin","author_link":"https:\/\/partnerstwo-sowiogorskie.pl\/index.php\/author\/admin\/"},"rttpg_comment":0,"rttpg_category":null,"rttpg_excerpt":"W dniu 12-08-2024r. za pomoc\u0105 systemu teleinformatycznego Agencji Restrukturyzacji i Modernizacji Rolnictwa podpisali\u015bmy Umow\u0119 nr 00010.UM01.65720.00004.2024 o przyznaniu pomocy w ramach interwencji I.13.1 LEADER\/Rozw\u00f3j Lokalny Kierowany przez Spo\u0142eczno\u015b\u0107 (RLKS) \u2013 [&hellip;]","ticketed":false,"_links":{"self":[{"href":"https:\/\/partnerstwo-sowiogorskie.pl\/index.php\/wp-json\/wp\/v2\/pages\/10373","targetHints":{"allow":["GET"]}}],"collection":[{"href":"https:\/\/partnerstwo-sowiogorskie.pl\/index.php\/wp-json\/wp\/v2\/pages"}],"about":[{"href":"https:\/\/partnerstwo-sowiogorskie.pl\/index.php\/wp-json\/wp\/v2\/types\/page"}],"author":[{"embeddable":true,"href":"https:\/\/partnerstwo-sowiogorskie.pl\/index.php\/wp-json\/wp\/v2\/users\/1"}],"replies":[{"embeddable":true,"href":"https:\/\/partnerstwo-sowiogorskie.pl\/index.php\/wp-json\/wp\/v2\/comments?post=10373"}],"version-history":[{"count":17,"href":"https:\/\/partnerstwo-sowiogorskie.pl\/index.php\/wp-json\/wp\/v2\/pages\/10373\/revisions"}],"predecessor-version":[{"id":12102,"href":"https:\/\/partnerstwo-sowiogorskie.pl\/index.php\/wp-json\/wp\/v2\/pages\/10373\/revisions\/12102"}],"up":[{"embeddable":true,"href":"https:\/\/partnerstwo-sowiogorskie.pl\/index.php\/wp-json\/wp\/v2\/pages\/10232"}],"wp:attachment":[{"href":"https:\/\/partnerstwo-sowiogorskie.pl\/index.php\/wp-json\/wp\/v2\/media?parent=10373"}],"curies":[{"name":"wp","href":"https:\/\/api.w.org\/{rel}","templated":true}]}}