{"id":10355,"date":"2024-05-22T12:12:56","date_gmt":"2024-05-22T12:12:56","guid":{"rendered":"https:\/\/partnerstwo-sowiogorskie.pl\/?page_id=10355"},"modified":"2025-02-25T14:41:54","modified_gmt":"2025-02-25T13:41:54","slug":"zarzad","status":"publish","type":"page","link":"https:\/\/partnerstwo-sowiogorskie.pl\/index.php\/o-nas\/wladze-lgd\/zarzad\/","title":{"rendered":"Zarz\u0105d"},"content":{"rendered":"<p><strong>Zarz\u0105d<\/strong>&nbsp;&#8211; kieruje ca\u0142okszta\u0142tem dzia\u0142alno\u015bci Stowarzyszenia zgodnie z uchwa\u0142ami Walnego Zebrania Cz\u0142onk\u00f3w, reprezentuje je na zewn\u0105trz i ponosi odpowiedzialno\u015b\u0107 za swoj\u0105 prac\u0119 przed Walnym Zebraniem Cz\u0142onk\u00f3w.<\/p>\n<p><strong>KADENCJA ZARZ\u0104DU: 2024-2028<\/strong><\/p>\n<p>Sk\u0142ad Zarz\u0105du LGD &#8220;Partnerstwo Sowiog\u00f3rskie&#8221; na dzie\u0144 15-01-2025r.<\/p>\n<p>Prezes Zarz\u0105du &#8211; Dorota Konieczna &#8211; En\u00f6zel (Gmina Pieszyce)<\/p>\n<p>Wiceprezes Zarz\u0105du &#8211; Grzegorz&nbsp;Szyma\u0144ski (Gmina G\u0142uszyca)<\/p>\n<p>Skarbnik Zarz\u0105du &#8211;&nbsp;Renata \u015awierszczak (Gmina Walim)<\/p>\n<p>Sekretarz Zarz\u0105du &#8211; Anna Zawi\u015blak (Gmina Nowa Ruda)<\/p>\n<p>Cz\u0142onek Zarz\u0105du &#8211; Ilona Bujalska (Gmina Jedlina-Zdr\u00f3j)<\/p>\n<p>&nbsp;<\/p>\n","protected":false},"excerpt":{"rendered":"<p>Zarz\u0105d&nbsp;&#8211; kieruje ca\u0142okszta\u0142tem dzia\u0142alno\u015bci Stowarzyszenia zgodnie z uchwa\u0142ami Walnego Zebrania Cz\u0142onk\u00f3w, reprezentuje je na zewn\u0105trz i ponosi odpowiedzialno\u015b\u0107 za swoj\u0105 prac\u0119 przed Walnym Zebraniem Cz\u0142onk\u00f3w. KADENCJA ZARZ\u0104DU: 2024-2028 Sk\u0142ad Zarz\u0105du [&hellip;]<\/p>\n","protected":false},"author":1,"featured_media":0,"parent":10222,"menu_order":0,"comment_status":"closed","ping_status":"closed","template":"","meta":{"ngg_post_thumbnail":0,"_price":"","_stock":"","_tribe_ticket_header":"","_tribe_default_ticket_provider":"","_ticket_start_date":"","_ticket_end_date":"","_tribe_ticket_show_description":"","_tribe_ticket_show_not_going":false,"_tribe_ticket_use_global_stock":"","_tribe_ticket_global_stock_level":"","_global_stock_mode":"","_global_stock_cap":"","_tribe_rsvp_for_event":"","_tribe_ticket_going_count":"","_tribe_ticket_not_going_count":"","_tribe_tickets_list":"[]","_tribe_ticket_has_attendee_info_fields":false,"footnotes":"","_tec_slr_enabled":"","_tec_slr_layout":""},"class_list":["post-10355","page","type-page","status-publish","hentry"],"rttpg_featured_image_url":null,"rttpg_author":{"display_name":"admin","author_link":"https:\/\/partnerstwo-sowiogorskie.pl\/index.php\/author\/admin\/"},"rttpg_comment":0,"rttpg_category":null,"rttpg_excerpt":"Zarz\u0105d&nbsp;&#8211; kieruje ca\u0142okszta\u0142tem dzia\u0142alno\u015bci Stowarzyszenia zgodnie z uchwa\u0142ami Walnego Zebrania Cz\u0142onk\u00f3w, reprezentuje je na zewn\u0105trz i ponosi odpowiedzialno\u015b\u0107 za swoj\u0105 prac\u0119 przed Walnym Zebraniem Cz\u0142onk\u00f3w. KADENCJA ZARZ\u0104DU: 2024-2028 Sk\u0142ad Zarz\u0105du [&hellip;]","ticketed":false,"_links":{"self":[{"href":"https:\/\/partnerstwo-sowiogorskie.pl\/index.php\/wp-json\/wp\/v2\/pages\/10355","targetHints":{"allow":["GET"]}}],"collection":[{"href":"https:\/\/partnerstwo-sowiogorskie.pl\/index.php\/wp-json\/wp\/v2\/pages"}],"about":[{"href":"https:\/\/partnerstwo-sowiogorskie.pl\/index.php\/wp-json\/wp\/v2\/types\/page"}],"author":[{"embeddable":true,"href":"https:\/\/partnerstwo-sowiogorskie.pl\/index.php\/wp-json\/wp\/v2\/users\/1"}],"replies":[{"embeddable":true,"href":"https:\/\/partnerstwo-sowiogorskie.pl\/index.php\/wp-json\/wp\/v2\/comments?post=10355"}],"version-history":[{"count":8,"href":"https:\/\/partnerstwo-sowiogorskie.pl\/index.php\/wp-json\/wp\/v2\/pages\/10355\/revisions"}],"predecessor-version":[{"id":11247,"href":"https:\/\/partnerstwo-sowiogorskie.pl\/index.php\/wp-json\/wp\/v2\/pages\/10355\/revisions\/11247"}],"up":[{"embeddable":true,"href":"https:\/\/partnerstwo-sowiogorskie.pl\/index.php\/wp-json\/wp\/v2\/pages\/10222"}],"wp:attachment":[{"href":"https:\/\/partnerstwo-sowiogorskie.pl\/index.php\/wp-json\/wp\/v2\/media?parent=10355"}],"curies":[{"name":"wp","href":"https:\/\/api.w.org\/{rel}","templated":true}]}}