{"id":10347,"date":"2024-05-22T11:46:43","date_gmt":"2024-05-22T11:46:43","guid":{"rendered":"https:\/\/partnerstwo-sowiogorskie.pl\/?page_id=10347"},"modified":"2024-05-22T11:46:43","modified_gmt":"2024-05-22T11:46:43","slug":"aktualnosci","status":"publish","type":"page","link":"https:\/\/partnerstwo-sowiogorskie.pl\/index.php\/aktualnosci\/","title":{"rendered":"Aktualno\u015bci"},"content":{"rendered":"<style type='text\/css' media='all'>#rt-tpg-container-443224733 .rt-holder .rt-woo-info .price{color:#0367bf;}body .rt-tpg-container .rt-tpg-isotope-buttons .selected,\n\t\t\t\t\t#rt-tpg-container-443224733 .layout12 .rt-holder:hover .rt-detail,\n\t\t\t\t\t#rt-tpg-container-443224733 .isotope8 .rt-holder:hover .rt-detail,\n\t\t\t\t\t#rt-tpg-container-443224733 .carousel8 .rt-holder:hover .rt-detail,\n\t\t\t\t\t#rt-tpg-container-443224733 .layout13 .rt-holder .overlay .post-info,\n\t\t\t\t\t#rt-tpg-container-443224733 .isotope9 .rt-holder .overlay .post-info,\n\t\t\t\t\t#rt-tpg-container-443224733.rt-tpg-container .layout4 .rt-holder .rt-detail,\n\t\t\t\t\t.rt-modal-443224733 .md-content,\n\t\t\t\t\t.rt-modal-443224733 .md-content > .rt-md-content-holder .rt-md-content,\n\t\t\t\t\t.rt-popup-wrap-443224733.rt-popup-wrap .rt-popup-navigation-wrap,\n\t\t\t\t\t#rt-tpg-container-443224733 .carousel9 .rt-holder .overlay .post-info{background-color:#0367bf;}#rt-tpg-container-443224733 .layout5 .rt-holder .overlay, #rt-tpg-container-443224733 .isotope2 .rt-holder .overlay, #rt-tpg-container-443224733 .carousel2 .rt-holder .overlay,#rt-tpg-container-443224733 .layout15 .rt-holder h3, #rt-tpg-container-443224733 .isotope11 .rt-holder h3, #rt-tpg-container-443224733 .carousel11 .rt-holder h3, #rt-tpg-container-443224733 .layout16 .rt-holder h3,\n\t\t\t\t\t#rt-tpg-container-443224733 .isotope12 .rt-holder h3, #rt-tpg-container-443224733 .carousel12 .rt-holder h3 {background-color:rgba(3,103,191,0.8);}#rt-tpg-container-443224733 .read-more a{border-radius:px;}#rt-tpg-container-443224733 .rt-img-holder img.rt-img-responsive,#rt-tpg-container-443224733 .rt-img-holder,\n\t\t\t\t\t#rt-tpg-container-443224733 .rt-post-overlay .post-img,\n\t\t\t\t\t#rt-tpg-container-443224733 .post-sm .post-img,\n\t\t\t\t\t#rt-tpg-container-443224733 .rt-post-grid .post-img,\n\t\t\t\t\t#rt-tpg-container-443224733 .post-img img {border-radius:px;}<\/style><div class='rt-container-fluid rt-tpg-container tpg-shortcode-main-wrapper ' id='rt-tpg-container-443224733'   data-layout='layout1' data-grid-style='even' data-desktop-col='3'  data-tab-col='2'  data-mobile-col='1' data-sc-id='6700'><div data-title='Loading ...' class='rt-row rt-content-loader   layout1 tpg-even '><div class=\"rt-col-md-4 rt-col-sm-6 rt-col-xs-12 even-grid-item rt-grid-item img_zoom_in\" data-id=\"12090\"><div class=\"rt-holder\"><div class=\"rt-img-holder\"><a data-id=\"12090\" class=\" tpg-single-popup\" href=\"https:\/\/partnerstwo-sowiogorskie.pl\/index.php\/2026\/04\/27\/nabor-na-stanowisko-pracownik-biurowy-2\/\"><img loading=\"lazy\" decoding=\"async\" width=\"940\" height=\"528\" src=\"https:\/\/partnerstwo-sowiogorskie.pl\/wp-content\/uploads\/2026\/04\/OFERTA_PRACY.jpg\" class=\"rt-img-responsive \" alt=\"\" \/><\/a><\/div><div class='rt-detail'><h3 class=\"entry-title\"><a data-id=\"12090\" class=\" tpg-single-popup\" href=\"https:\/\/partnerstwo-sowiogorskie.pl\/index.php\/2026\/04\/27\/nabor-na-stanowisko-pracownik-biurowy-2\/\">Nab\u00f3r na stanowisko &#8211; pracownik biurowy<\/a><\/h3><div class='post-meta-user  '><span class='date'><i class='far fa-calendar-alt '><\/i>27 kwietnia, 2026<\/span><\/div><div class='tpg-excerpt'>Szanowni Pa\u0144stwo&nbsp; Informujemy, \u017ce w zak\u0142adce PS WPR znajduje si\u0119 Og\u0142oszenie o naborze pracownika na...<\/div><div class='post-meta '><span class='read-more'><a data-id='12090' class=' tpg-single-popup' href='https:\/\/partnerstwo-sowiogorskie.pl\/index.php\/2026\/04\/27\/nabor-na-stanowisko-pracownik-biurowy-2\/'>Read More<\/a><\/span><\/div><\/div><\/div><\/div><div class=\"rt-col-md-4 rt-col-sm-6 rt-col-xs-12 even-grid-item rt-grid-item img_zoom_in\" data-id=\"12048\"><div class=\"rt-holder\"><div class=\"rt-img-holder\"><a data-id=\"12048\" class=\" tpg-single-popup\" href=\"https:\/\/partnerstwo-sowiogorskie.pl\/index.php\/2026\/04\/10\/posiedzenie-rady-lgd-partnerstwo-sowiogorskie-2\/\"><img loading=\"lazy\" decoding=\"async\" width=\"940\" height=\"788\" src=\"https:\/\/partnerstwo-sowiogorskie.pl\/wp-content\/uploads\/2024\/10\/sowa.jpg\" class=\"rt-img-responsive \" alt=\"\" \/><\/a><\/div><div class='rt-detail'><h3 class=\"entry-title\"><a data-id=\"12048\" class=\" tpg-single-popup\" href=\"https:\/\/partnerstwo-sowiogorskie.pl\/index.php\/2026\/04\/10\/posiedzenie-rady-lgd-partnerstwo-sowiogorskie-2\/\">Posiedzenie Rady LGD &#8220;Partnerstwo Sowiog\u00f3rskie&#8221;<\/a><\/h3><div class='post-meta-user  '><span class='date'><i class='far fa-calendar-alt '><\/i>10 kwietnia, 2026<\/span><\/div><div class='tpg-excerpt'>Informujemy, \u017ce w dniu 22 kwietnia 2026r. o godz. 17:00 odb\u0119dzie si\u0119 Posiedzenie Rady (tryb...<\/div><div class='post-meta '><span class='read-more'><a data-id='12048' class=' tpg-single-popup' href='https:\/\/partnerstwo-sowiogorskie.pl\/index.php\/2026\/04\/10\/posiedzenie-rady-lgd-partnerstwo-sowiogorskie-2\/'>Read More<\/a><\/span><\/div><\/div><\/div><\/div><div class=\"rt-col-md-4 rt-col-sm-6 rt-col-xs-12 even-grid-item rt-grid-item img_zoom_in\" data-id=\"12033\"><div class=\"rt-holder\"><div class=\"rt-img-holder\"><a data-id=\"12033\" class=\" tpg-single-popup\" href=\"https:\/\/partnerstwo-sowiogorskie.pl\/index.php\/2026\/04\/02\/zyczenia-swiateczne\/\"><img loading=\"lazy\" decoding=\"async\" width=\"940\" height=\"494\" src=\"https:\/\/partnerstwo-sowiogorskie.pl\/wp-content\/uploads\/2026\/04\/Wielkanoc_2026.jpg\" class=\"rt-img-responsive \" alt=\"\" \/><\/a><\/div><div class='rt-detail'><h3 class=\"entry-title\"><a data-id=\"12033\" class=\" tpg-single-popup\" href=\"https:\/\/partnerstwo-sowiogorskie.pl\/index.php\/2026\/04\/02\/zyczenia-swiateczne\/\">\u017byczenia \u015awi\u0105teczne<\/a><\/h3><div class='post-meta-user  '><span class='date'><i class='far fa-calendar-alt '><\/i>2 kwietnia, 2026<\/span><\/div><div class='tpg-excerpt'>&#x1f425;&#x1f430; WESO\u0141EGO ALLELUJA! &#x1f430;&#x1f424; Z okazji zbli\u017caj\u0105cych si\u0119 \u015awi\u0105t Wielkiej Nocy \u017cyczymy zdrowia, pomy\u015blno\u015bci oraz...<\/div><div class='post-meta '><span class='read-more'><a data-id='12033' class=' tpg-single-popup' href='https:\/\/partnerstwo-sowiogorskie.pl\/index.php\/2026\/04\/02\/zyczenia-swiateczne\/'>Read More<\/a><\/span><\/div><\/div><\/div><\/div><div class=\"rt-col-md-4 rt-col-sm-6 rt-col-xs-12 even-grid-item rt-grid-item img_zoom_in\" data-id=\"12023\"><div class=\"rt-holder\"><div class=\"rt-img-holder\"><a data-id=\"12023\" class=\" tpg-single-popup\" href=\"https:\/\/partnerstwo-sowiogorskie.pl\/index.php\/2026\/03\/27\/praca-biura-31-03-2026\/\"><img loading=\"lazy\" decoding=\"async\" width=\"940\" height=\"788\" src=\"https:\/\/partnerstwo-sowiogorskie.pl\/wp-content\/uploads\/2026\/03\/Info_www_27032026.jpg\" class=\"rt-img-responsive \" alt=\"\" \/><\/a><\/div><div class='rt-detail'><h3 class=\"entry-title\"><a data-id=\"12023\" class=\" tpg-single-popup\" href=\"https:\/\/partnerstwo-sowiogorskie.pl\/index.php\/2026\/03\/27\/praca-biura-31-03-2026\/\">Praca biura 31-03-2026<\/a><\/h3><div class='post-meta-user  '><span class='date'><i class='far fa-calendar-alt '><\/i>27 marca, 2026<\/span><\/div><div class='tpg-excerpt'>...<\/div><div class='post-meta '><span class='read-more'><a data-id='12023' class=' tpg-single-popup' href='https:\/\/partnerstwo-sowiogorskie.pl\/index.php\/2026\/03\/27\/praca-biura-31-03-2026\/'>Read More<\/a><\/span><\/div><\/div><\/div><\/div><div class=\"rt-col-md-4 rt-col-sm-6 rt-col-xs-12 even-grid-item rt-grid-item img_zoom_in\" data-id=\"12006\"><div class=\"rt-holder\"><div class=\"rt-img-holder\"><a data-id=\"12006\" class=\" tpg-single-popup\" href=\"https:\/\/partnerstwo-sowiogorskie.pl\/index.php\/2026\/03\/02\/organizacja-pracy-biura-lgd\/\"><img loading=\"lazy\" decoding=\"async\" width=\"940\" height=\"788\" src=\"https:\/\/partnerstwo-sowiogorskie.pl\/wp-content\/uploads\/2025\/08\/Informacja-dla-Beneficjentow.jpg\" class=\"rt-img-responsive \" alt=\"\" \/><\/a><\/div><div class='rt-detail'><h3 class=\"entry-title\"><a data-id=\"12006\" class=\" tpg-single-popup\" href=\"https:\/\/partnerstwo-sowiogorskie.pl\/index.php\/2026\/03\/02\/organizacja-pracy-biura-lgd\/\">Organizacja pracy biura LGD<\/a><\/h3><div class='post-meta-user  '><span class='date'><i class='far fa-calendar-alt '><\/i>2 marca, 2026<\/span><\/div><div class='tpg-excerpt'>Szanowni Pa\u0144stwo&nbsp; W zwi\u0105zku z trwaj\u0105cymi naborami informujemy, \u017ce na podstawie Zarz\u0105dzenia nr 2\/2026 z...<\/div><div class='post-meta '><span class='read-more'><a data-id='12006' class=' tpg-single-popup' href='https:\/\/partnerstwo-sowiogorskie.pl\/index.php\/2026\/03\/02\/organizacja-pracy-biura-lgd\/'>Read More<\/a><\/span><\/div><\/div><\/div><\/div><div class=\"rt-col-md-4 rt-col-sm-6 rt-col-xs-12 even-grid-item rt-grid-item img_zoom_in\" data-id=\"11998\"><div class=\"rt-holder\"><div class=\"rt-img-holder\"><a data-id=\"11998\" class=\" tpg-single-popup\" href=\"https:\/\/partnerstwo-sowiogorskie.pl\/index.php\/2026\/03\/02\/posiedzenie-rady-lgd-partnerstwo-sowiogorskie\/\"><img loading=\"lazy\" decoding=\"async\" width=\"940\" height=\"788\" src=\"https:\/\/partnerstwo-sowiogorskie.pl\/wp-content\/uploads\/2024\/10\/sowa.jpg\" class=\"rt-img-responsive \" alt=\"\" \/><\/a><\/div><div class='rt-detail'><h3 class=\"entry-title\"><a data-id=\"11998\" class=\" tpg-single-popup\" href=\"https:\/\/partnerstwo-sowiogorskie.pl\/index.php\/2026\/03\/02\/posiedzenie-rady-lgd-partnerstwo-sowiogorskie\/\">Posiedzenie Rady LGD &#8220;Partnerstwo Sowiog\u00f3rskie&#8221;<\/a><\/h3><div class='post-meta-user  '><span class='date'><i class='far fa-calendar-alt '><\/i>2 marca, 2026<\/span><\/div><div class='tpg-excerpt'>Informujemy, \u017ce w dniu 9 marca 2026r. o godz. 17:00 w Sali konferencyjnej Urz\u0119du Miejskiego...<\/div><div class='post-meta '><span class='read-more'><a data-id='11998' class=' tpg-single-popup' href='https:\/\/partnerstwo-sowiogorskie.pl\/index.php\/2026\/03\/02\/posiedzenie-rady-lgd-partnerstwo-sowiogorskie\/'>Read More<\/a><\/span><\/div><\/div><\/div><\/div><div class=\"rt-col-md-4 rt-col-sm-6 rt-col-xs-12 even-grid-item rt-grid-item img_zoom_in\" data-id=\"11937\"><div class=\"rt-holder\"><div class=\"rt-img-holder\"><a data-id=\"11937\" class=\" tpg-single-popup\" href=\"https:\/\/partnerstwo-sowiogorskie.pl\/index.php\/2026\/01\/30\/ogloszenie-o-naborze-wnioskow\/\"><img loading=\"lazy\" decoding=\"async\" width=\"819\" height=\"1024\" src=\"https:\/\/partnerstwo-sowiogorskie.pl\/wp-content\/uploads\/2026\/01\/Ogloszenie_naboru_Rozwoj_DG_jpg.jpg\" class=\"rt-img-responsive \" alt=\"\" \/><\/a><\/div><div class='rt-detail'><h3 class=\"entry-title\"><a data-id=\"11937\" class=\" tpg-single-popup\" href=\"https:\/\/partnerstwo-sowiogorskie.pl\/index.php\/2026\/01\/30\/ogloszenie-o-naborze-wnioskow\/\">Og\u0142oszenie o naborze wniosk\u00f3w<\/a><\/h3><div class='post-meta-user  '><span class='date'><i class='far fa-calendar-alt '><\/i>30 stycznia, 2026<\/span><\/div><div class='tpg-excerpt'>Lokalna Grupa Dzia\u0142ania \u201ePartnerstwo Sowiog\u00f3rskie\u201d dzia\u0142aj\u0105ca na terenie gmin: G\u0142uszyca, Jedlina Zdr\u00f3j, Nowa Ruda (wy\u0142\u0105cznie...<\/div><div class='post-meta '><span class='read-more'><a data-id='11937' class=' tpg-single-popup' href='https:\/\/partnerstwo-sowiogorskie.pl\/index.php\/2026\/01\/30\/ogloszenie-o-naborze-wnioskow\/'>Read More<\/a><\/span><\/div><\/div><\/div><\/div><div class=\"rt-col-md-4 rt-col-sm-6 rt-col-xs-12 even-grid-item rt-grid-item img_zoom_in\" data-id=\"11906\"><div class=\"rt-holder\"><div class=\"rt-img-holder\"><a data-id=\"11906\" class=\" tpg-single-popup\" href=\"https:\/\/partnerstwo-sowiogorskie.pl\/index.php\/2026\/01\/08\/walne-zebranie-czlonkow-15-01-2026\/\"><img loading=\"lazy\" decoding=\"async\" width=\"724\" height=\"1024\" src=\"https:\/\/partnerstwo-sowiogorskie.pl\/wp-content\/uploads\/2025\/03\/sowa_naborowa.jpg\" class=\"rt-img-responsive \" alt=\"\" \/><\/a><\/div><div class='rt-detail'><h3 class=\"entry-title\"><a data-id=\"11906\" class=\" tpg-single-popup\" href=\"https:\/\/partnerstwo-sowiogorskie.pl\/index.php\/2026\/01\/08\/walne-zebranie-czlonkow-15-01-2026\/\">Walne Zebranie Cz\u0142onk\u00f3w 15-01-2026<\/a><\/h3><div class='post-meta-user  '><span class='date'><i class='far fa-calendar-alt '><\/i>8 stycznia, 2026<\/span><\/div><div class='tpg-excerpt'>Szanowni Cz\u0142onkowie Stowarzyszenia LGD \u201cPartnerstwo Sowiog\u00f3rskie\u201d&nbsp; Informujemy, i\u017c w dniu&nbsp;15 stycznia 2026r.&nbsp;o godzinie&nbsp;17:00 odb\u0119dzie si\u0119...<\/div><div class='post-meta '><span class='read-more'><a data-id='11906' class=' tpg-single-popup' href='https:\/\/partnerstwo-sowiogorskie.pl\/index.php\/2026\/01\/08\/walne-zebranie-czlonkow-15-01-2026\/'>Read More<\/a><\/span><\/div><\/div><\/div><\/div><div class=\"rt-col-md-4 rt-col-sm-6 rt-col-xs-12 even-grid-item rt-grid-item img_zoom_in\" data-id=\"11898\"><div class=\"rt-holder\"><div class=\"rt-img-holder\"><a data-id=\"11898\" class=\" tpg-single-popup\" href=\"https:\/\/partnerstwo-sowiogorskie.pl\/index.php\/2026\/01\/08\/szkolenie-dla-wnioskodawcow-rozwoj-przedsiebiorczosci\/\"><img loading=\"lazy\" decoding=\"async\" width=\"724\" height=\"1024\" src=\"https:\/\/partnerstwo-sowiogorskie.pl\/wp-content\/uploads\/2026\/01\/plakat_szkolenie_RozwojDG_20012026.jpg\" class=\"rt-img-responsive \" alt=\"\" \/><\/a><\/div><div class='rt-detail'><h3 class=\"entry-title\"><a data-id=\"11898\" class=\" tpg-single-popup\" href=\"https:\/\/partnerstwo-sowiogorskie.pl\/index.php\/2026\/01\/08\/szkolenie-dla-wnioskodawcow-rozwoj-przedsiebiorczosci\/\">Szkolenie dla Wnioskodawc\u00f3w &#8211; ROZW\u00d3J PRZEDSI\u0118BIORCZO\u015aCI<\/a><\/h3><div class='post-meta-user  '><span class='date'><i class='far fa-calendar-alt '><\/i>8 stycznia, 2026<\/span><\/div><div class='tpg-excerpt'>Lokalna Grupa Dzia\u0142ania \u201ePartnerstwo Sowiog\u00f3rskie\u201d zaprasza na szkolenia dla potencjalnych wnioskodawc\u00f3w zainteresowanych Rozwijaniem Dzia\u0142alno\u015bci Gospodarczej\u2013...<\/div><div class='post-meta '><span class='read-more'><a data-id='11898' class=' tpg-single-popup' href='https:\/\/partnerstwo-sowiogorskie.pl\/index.php\/2026\/01\/08\/szkolenie-dla-wnioskodawcow-rozwoj-przedsiebiorczosci\/'>Read More<\/a><\/span><\/div><\/div><\/div><\/div><div class=\"rt-col-md-4 rt-col-sm-6 rt-col-xs-12 even-grid-item rt-grid-item img_zoom_in\" data-id=\"11883\"><div class=\"rt-holder\"><div class=\"rt-img-holder\"><a data-id=\"11883\" class=\" tpg-single-popup\" href=\"https:\/\/partnerstwo-sowiogorskie.pl\/index.php\/2025\/12\/19\/ogloszenie-o-naborach-2\/\"><img loading=\"lazy\" decoding=\"async\" width=\"819\" height=\"1024\" src=\"https:\/\/partnerstwo-sowiogorskie.pl\/wp-content\/uploads\/2025\/12\/Zbiorczy_nabory_JST_ZE_pdf.jpg\" class=\"rt-img-responsive \" alt=\"\" \/><\/a><\/div><div class='rt-detail'><h3 class=\"entry-title\"><a data-id=\"11883\" class=\" tpg-single-popup\" href=\"https:\/\/partnerstwo-sowiogorskie.pl\/index.php\/2025\/12\/19\/ogloszenie-o-naborach-2\/\">Og\u0142oszenie o naborach<\/a><\/h3><div class='post-meta-user  '><span class='date'><i class='far fa-calendar-alt '><\/i>19 grudnia, 2025<\/span><\/div><div class='tpg-excerpt'>Lokalna Grupa Dzia\u0142ania \u201ePartnerstwo Sowiog\u00f3rskie\u201d dzia\u0142aj\u0105ca na terenie gmin: G\u0142uszyca, Jedlina Zdr\u00f3j, Gmina Nowa Ruda...<\/div><div class='post-meta '><span class='read-more'><a data-id='11883' class=' tpg-single-popup' href='https:\/\/partnerstwo-sowiogorskie.pl\/index.php\/2025\/12\/19\/ogloszenie-o-naborach-2\/'>Read More<\/a><\/span><\/div><\/div><\/div><\/div><div class=\"rt-col-md-4 rt-col-sm-6 rt-col-xs-12 even-grid-item rt-grid-item img_zoom_in\" data-id=\"11816\"><div class=\"rt-holder\"><div class=\"rt-img-holder\"><a data-id=\"11816\" class=\" tpg-single-popup\" href=\"https:\/\/partnerstwo-sowiogorskie.pl\/index.php\/2025\/12\/01\/szkolenie-krotkie-lancuchy-dostaw-nowe-mozliwosci-wspolpracy-i-sprzedazy-lokalnych-produktow\/\"><img loading=\"lazy\" decoding=\"async\" width=\"940\" height=\"494\" src=\"https:\/\/partnerstwo-sowiogorskie.pl\/wp-content\/uploads\/2025\/12\/csm_logo_ksowplus_b881567f4c.jpg\" class=\"rt-img-responsive \" alt=\"\" \/><\/a><\/div><div class='rt-detail'><h3 class=\"entry-title\"><a data-id=\"11816\" class=\" tpg-single-popup\" href=\"https:\/\/partnerstwo-sowiogorskie.pl\/index.php\/2025\/12\/01\/szkolenie-krotkie-lancuchy-dostaw-nowe-mozliwosci-wspolpracy-i-sprzedazy-lokalnych-produktow\/\">Szkolenie \u201eKr\u00f3tkie \u0141a\u0144cuchy Dostaw \u2013 nowe mo\u017cliwo\u015bci wsp\u00f3\u0142pracy i sprzeda\u017cy lokalnych produkt\u00f3w\u201d<\/a><\/h3><div class='post-meta-user  '><span class='date'><i class='far fa-calendar-alt '><\/i>1 grudnia, 2025<\/span><\/div><div class='tpg-excerpt'>Rolnik\u00f3w, restaurator\u00f3w, przetw\u00f3rc\u00f3w \u017cywno\u015bci i konsument\u00f3w zapraszamy do udzia\u0142u w szkoleniu \u201eKr\u00f3tkie \u0141a\u0144cuchy Dostaw \u2013...<\/div><div class='post-meta '><span class='read-more'><a data-id='11816' class=' tpg-single-popup' href='https:\/\/partnerstwo-sowiogorskie.pl\/index.php\/2025\/12\/01\/szkolenie-krotkie-lancuchy-dostaw-nowe-mozliwosci-wspolpracy-i-sprzedazy-lokalnych-produktow\/'>Read More<\/a><\/span><\/div><\/div><\/div><\/div><div class=\"rt-col-md-4 rt-col-sm-6 rt-col-xs-12 even-grid-item rt-grid-item img_zoom_in\" data-id=\"11812\"><div class=\"rt-holder\"><div class=\"rt-img-holder\"><a data-id=\"11812\" class=\" tpg-single-popup\" href=\"https:\/\/partnerstwo-sowiogorskie.pl\/index.php\/2025\/11\/27\/walne-zebranie-czlonkow-4-grudnia-2025r\/\"><img loading=\"lazy\" decoding=\"async\" width=\"724\" height=\"1024\" src=\"https:\/\/partnerstwo-sowiogorskie.pl\/wp-content\/uploads\/2025\/02\/sowa.jpg\" class=\"rt-img-responsive \" alt=\"\" \/><\/a><\/div><div class='rt-detail'><h3 class=\"entry-title\"><a data-id=\"11812\" class=\" tpg-single-popup\" href=\"https:\/\/partnerstwo-sowiogorskie.pl\/index.php\/2025\/11\/27\/walne-zebranie-czlonkow-4-grudnia-2025r\/\">Walne Zebranie Cz\u0142onk\u00f3w 4 grudnia 2025r.<\/a><\/h3><div class='post-meta-user  '><span class='date'><i class='far fa-calendar-alt '><\/i>27 listopada, 2025<\/span><\/div><div class='tpg-excerpt'>Szanowni Cz\u0142onkowie Stowarzyszenia LGD \u201cPartnerstwo Sowiog\u00f3rskie\u201d&nbsp; Informujemy, i\u017c w dniu&nbsp;4 grudnia 2025r.&nbsp;o godzinie&nbsp;12:00&nbsp;odb\u0119dzie si\u0119 Walne...<\/div><div class='post-meta '><span class='read-more'><a data-id='11812' class=' tpg-single-popup' href='https:\/\/partnerstwo-sowiogorskie.pl\/index.php\/2025\/11\/27\/walne-zebranie-czlonkow-4-grudnia-2025r\/'>Read More<\/a><\/span><\/div><\/div><\/div><\/div><div class=\"rt-col-md-4 rt-col-sm-6 rt-col-xs-12 even-grid-item rt-grid-item img_zoom_in\" data-id=\"11803\"><div class=\"rt-holder\"><div class=\"rt-img-holder\"><a data-id=\"11803\" class=\" tpg-single-popup\" href=\"https:\/\/partnerstwo-sowiogorskie.pl\/index.php\/2025\/11\/20\/szkolenia-dla-wnioskodawcow\/\"><img loading=\"lazy\" decoding=\"async\" width=\"724\" height=\"1024\" src=\"https:\/\/partnerstwo-sowiogorskie.pl\/wp-content\/uploads\/2025\/11\/SZKOLENIE_ROLNICY_plakat.jpg\" class=\"rt-img-responsive \" alt=\"\" \/><\/a><\/div><div class='rt-detail'><h3 class=\"entry-title\"><a data-id=\"11803\" class=\" tpg-single-popup\" href=\"https:\/\/partnerstwo-sowiogorskie.pl\/index.php\/2025\/11\/20\/szkolenia-dla-wnioskodawcow\/\">Szkolenia dla Wnioskodawc\u00f3w<\/a><\/h3><div class='post-meta-user  '><span class='date'><i class='far fa-calendar-alt '><\/i>20 listopada, 2025<\/span><\/div><div class='tpg-excerpt'>Lokalna Grupa Dzia\u0142ania \u201ePartnerstwo Sowiog\u00f3rskie\u201d zaprasza na szkolenia dla potencjalnych wnioskodawc\u00f3w (rolnik\u00f3w) zainteresowanych: tworzeniem zagr\u00f3d...<\/div><div class='post-meta '><span class='read-more'><a data-id='11803' class=' tpg-single-popup' href='https:\/\/partnerstwo-sowiogorskie.pl\/index.php\/2025\/11\/20\/szkolenia-dla-wnioskodawcow\/'>Read More<\/a><\/span><\/div><\/div><\/div><\/div><div class=\"rt-col-md-4 rt-col-sm-6 rt-col-xs-12 even-grid-item rt-grid-item img_zoom_in\" data-id=\"11777\"><div class=\"rt-holder\"><div class=\"rt-img-holder\"><a data-id=\"11777\" class=\" tpg-single-popup\" href=\"https:\/\/partnerstwo-sowiogorskie.pl\/index.php\/2025\/11\/14\/sieciowanie-dla-bezpieczenstwa\/\"><img loading=\"lazy\" decoding=\"async\" width=\"724\" height=\"1024\" src=\"https:\/\/partnerstwo-sowiogorskie.pl\/wp-content\/uploads\/2025\/11\/PlakatMMS2-724x1024.png\" class=\"rt-img-responsive \" alt=\"\" \/><\/a><\/div><div class='rt-detail'><h3 class=\"entry-title\"><a data-id=\"11777\" class=\" tpg-single-popup\" href=\"https:\/\/partnerstwo-sowiogorskie.pl\/index.php\/2025\/11\/14\/sieciowanie-dla-bezpieczenstwa\/\">Sieciowanie dla bezpiecze\u0144stwa<\/a><\/h3><div class='post-meta-user  '><span class='date'><i class='far fa-calendar-alt '><\/i>14 listopada, 2025<\/span><\/div><div class='tpg-excerpt'>Szanowni Pa\u0144stwo, Zapraszamy na BEZP\u0141ATN\u0104&nbsp;DEBAT\u0118&nbsp;\u201eSieciowanie dla bezpiecze\u0144stwa\u201d&nbsp;&nbsp;oraz &nbsp;SZKOLENIE \u201ePierwsza pomoc przedmedyczna, przygotowanie do ewakuacji\u201d&nbsp;&nbsp;w dniu&nbsp;24.11.2025&nbsp;do...<\/div><div class='post-meta '><span class='read-more'><a data-id='11777' class=' tpg-single-popup' href='https:\/\/partnerstwo-sowiogorskie.pl\/index.php\/2025\/11\/14\/sieciowanie-dla-bezpieczenstwa\/'>Read More<\/a><\/span><\/div><\/div><\/div><\/div><div class=\"rt-col-md-4 rt-col-sm-6 rt-col-xs-12 even-grid-item rt-grid-item img_zoom_in\" data-id=\"11748\"><div class=\"rt-holder\"><div class=\"rt-img-holder\"><a data-id=\"11748\" class=\" tpg-single-popup\" href=\"https:\/\/partnerstwo-sowiogorskie.pl\/index.php\/2025\/11\/05\/informacja-praca-biura-w-11-2025\/\"><img loading=\"lazy\" decoding=\"async\" width=\"940\" height=\"788\" src=\"https:\/\/partnerstwo-sowiogorskie.pl\/wp-content\/uploads\/2025\/08\/Informacja-dla-Beneficjentow.jpg\" class=\"rt-img-responsive \" alt=\"\" \/><\/a><\/div><div class='rt-detail'><h3 class=\"entry-title\"><a data-id=\"11748\" class=\" tpg-single-popup\" href=\"https:\/\/partnerstwo-sowiogorskie.pl\/index.php\/2025\/11\/05\/informacja-praca-biura-w-11-2025\/\">Informacja &#8211; praca biura w 11\/2025<\/a><\/h3><div class='post-meta-user  '><span class='date'><i class='far fa-calendar-alt '><\/i>5 listopada, 2025<\/span><\/div><div class='tpg-excerpt'>Szanowni Pa\u0144stwo&nbsp; Informujemy, \u017ce w dniach&nbsp;6-7 listopada (czwartek i pi\u0105tek) oraz 12 &#8211; 14 listopada&nbsp;2025r...<\/div><div class='post-meta '><span class='read-more'><a data-id='11748' class=' tpg-single-popup' href='https:\/\/partnerstwo-sowiogorskie.pl\/index.php\/2025\/11\/05\/informacja-praca-biura-w-11-2025\/'>Read More<\/a><\/span><\/div><\/div><\/div><\/div><\/div><div class='rt-pagination-wrap' data-total-pages='4' data-posts-per-page='15' data-type='pagination'  ><div class=\"rt-pagination\" ><ul class=\"pagination-list\"><li class=\"active\"><span>1<\/span><\/li><li><a data-paged='2' href='https:\/\/partnerstwo-sowiogorskie.pl\/index.php\/wp-json\/wp\/v2\/pages\/10347\/page\/2\/'>2<\/a><\/li><li><a data-paged='3' href='https:\/\/partnerstwo-sowiogorskie.pl\/index.php\/wp-json\/wp\/v2\/pages\/10347\/page\/3\/'>3<\/a><\/li><li><a data-paged='4' href='https:\/\/partnerstwo-sowiogorskie.pl\/index.php\/wp-json\/wp\/v2\/pages\/10347\/page\/4\/'>4<\/a><\/li><\/ul><\/div><\/div><\/div>\n","protected":false},"excerpt":{"rendered":"","protected":false},"author":1,"featured_media":0,"parent":0,"menu_order":0,"comment_status":"closed","ping_status":"closed","template":"","meta":{"ngg_post_thumbnail":0,"_price":"","_stock":"","_tribe_ticket_header":"","_tribe_default_ticket_provider":"","_ticket_start_date":"","_ticket_end_date":"","_tribe_ticket_show_description":"","_tribe_ticket_show_not_going":false,"_tribe_ticket_use_global_stock":"","_tribe_ticket_global_stock_level":"","_global_stock_mode":"","_global_stock_cap":"","_tribe_rsvp_for_event":"","_tribe_ticket_going_count":"","_tribe_ticket_not_going_count":"","_tribe_tickets_list":"[]","_tribe_ticket_has_attendee_info_fields":false,"footnotes":"","_tec_slr_enabled":"","_tec_slr_layout":""},"class_list":["post-10347","page","type-page","status-publish","hentry"],"rttpg_featured_image_url":null,"rttpg_author":{"display_name":"admin","author_link":"https:\/\/partnerstwo-sowiogorskie.pl\/index.php\/author\/admin\/"},"rttpg_comment":0,"rttpg_category":"","rttpg_excerpt":null,"ticketed":false,"_links":{"self":[{"href":"https:\/\/partnerstwo-sowiogorskie.pl\/index.php\/wp-json\/wp\/v2\/pages\/10347","targetHints":{"allow":["GET"]}}],"collection":[{"href":"https:\/\/partnerstwo-sowiogorskie.pl\/index.php\/wp-json\/wp\/v2\/pages"}],"about":[{"href":"https:\/\/partnerstwo-sowiogorskie.pl\/index.php\/wp-json\/wp\/v2\/types\/page"}],"author":[{"embeddable":true,"href":"https:\/\/partnerstwo-sowiogorskie.pl\/index.php\/wp-json\/wp\/v2\/users\/1"}],"replies":[{"embeddable":true,"href":"https:\/\/partnerstwo-sowiogorskie.pl\/index.php\/wp-json\/wp\/v2\/comments?post=10347"}],"version-history":[{"count":1,"href":"https:\/\/partnerstwo-sowiogorskie.pl\/index.php\/wp-json\/wp\/v2\/pages\/10347\/revisions"}],"predecessor-version":[{"id":10348,"href":"https:\/\/partnerstwo-sowiogorskie.pl\/index.php\/wp-json\/wp\/v2\/pages\/10347\/revisions\/10348"}],"wp:attachment":[{"href":"https:\/\/partnerstwo-sowiogorskie.pl\/index.php\/wp-json\/wp\/v2\/media?parent=10347"}],"curies":[{"name":"wp","href":"https:\/\/api.w.org\/{rel}","templated":true}]}}