{"id":10343,"date":"2024-05-22T11:35:00","date_gmt":"2024-05-22T11:35:00","guid":{"rendered":"https:\/\/partnerstwo-sowiogorskie.pl\/?page_id=10343"},"modified":"2024-07-04T09:49:16","modified_gmt":"2024-07-04T08:49:16","slug":"polityka-nieletni","status":"publish","type":"page","link":"https:\/\/partnerstwo-sowiogorskie.pl\/index.php\/polityka-nieletni\/","title":{"rendered":"Polityka &#8211; nieletni"},"content":{"rendered":"<p><strong>Polityka ochrony dzieci przed krzywdzeniem \u2013 standardy ochrony ma\u0142oletnich dla Lokalnej Grupy Dzia\u0142ania \u201dPartnerstwo Sowiog\u00f3rskie\u201d<\/strong><\/p>\n<p>Naczeln\u0105 zasad\u0105 wszystkich dzia\u0142a\u0144 podejmowanych przez personel stowarzyszenia jest dzia\u0142anie dla dobra dziecka i w jego najlepszym interesie. Zar\u00f3wno pracownicy, cz\u0142onkowie jak i osoby wsp\u00f3\u0142pracuj\u0105ce z LGD &#8220;Partnerstwo Sowiog\u00f3rskie&#8221; musz\u0105 zastosowa\u0107 si\u0119 do obowi\u0105zuj\u0105cych w Stowarzyszeniu Standard\u00f3w.&nbsp;<\/p>\n<p><!--more--><\/p>\n<p>Tym samym przyj\u0119ta zosta\u0142a do stosowania Polityka ochrony dzieci przed krzywdzeniem, z kt\u00f3r\u0105 zobowi\u0105zana jest zapozna\u0107 si\u0119 ka\u017cda wsp\u00f3\u0142pracuj\u0105ca z nami osoba maj\u0105ca kontakt z nieletnimi.<\/p>\n<p><a href=\"https:\/\/partnerstwo-sowiogorskie.pl\/wp-content\/uploads\/2024\/07\/Maloletni_112024LGD_13062024.pdf\">Polityka ochrony ma\u0142oletnich &#8211; standardy ochrony<\/a><\/p>\n","protected":false},"excerpt":{"rendered":"<p>Polityka ochrony dzieci przed krzywdzeniem \u2013 standardy ochrony ma\u0142oletnich dla Lokalnej Grupy Dzia\u0142ania \u201dPartnerstwo Sowiog\u00f3rskie\u201d Naczeln\u0105 zasad\u0105 wszystkich dzia\u0142a\u0144 podejmowanych przez personel stowarzyszenia jest dzia\u0142anie dla dobra dziecka i w [&hellip;]<\/p>\n","protected":false},"author":1,"featured_media":0,"parent":0,"menu_order":0,"comment_status":"closed","ping_status":"closed","template":"","meta":{"ngg_post_thumbnail":0,"_price":"","_stock":"","_tribe_ticket_header":"","_tribe_default_ticket_provider":"","_ticket_start_date":"","_ticket_end_date":"","_tribe_ticket_show_description":"","_tribe_ticket_show_not_going":false,"_tribe_ticket_use_global_stock":"","_tribe_ticket_global_stock_level":"","_global_stock_mode":"","_global_stock_cap":"","_tribe_rsvp_for_event":"","_tribe_ticket_going_count":"","_tribe_ticket_not_going_count":"","_tribe_tickets_list":"[]","_tribe_ticket_has_attendee_info_fields":false,"footnotes":"","_tec_slr_enabled":"","_tec_slr_layout":""},"class_list":["post-10343","page","type-page","status-publish","hentry"],"rttpg_featured_image_url":null,"rttpg_author":{"display_name":"admin","author_link":"https:\/\/partnerstwo-sowiogorskie.pl\/index.php\/author\/admin\/"},"rttpg_comment":0,"rttpg_category":null,"rttpg_excerpt":"Polityka ochrony dzieci przed krzywdzeniem \u2013 standardy ochrony ma\u0142oletnich dla Lokalnej Grupy Dzia\u0142ania \u201dPartnerstwo Sowiog\u00f3rskie\u201d Naczeln\u0105 zasad\u0105 wszystkich dzia\u0142a\u0144 podejmowanych przez personel stowarzyszenia jest dzia\u0142anie dla dobra dziecka i w [&hellip;]","ticketed":false,"_links":{"self":[{"href":"https:\/\/partnerstwo-sowiogorskie.pl\/index.php\/wp-json\/wp\/v2\/pages\/10343","targetHints":{"allow":["GET"]}}],"collection":[{"href":"https:\/\/partnerstwo-sowiogorskie.pl\/index.php\/wp-json\/wp\/v2\/pages"}],"about":[{"href":"https:\/\/partnerstwo-sowiogorskie.pl\/index.php\/wp-json\/wp\/v2\/types\/page"}],"author":[{"embeddable":true,"href":"https:\/\/partnerstwo-sowiogorskie.pl\/index.php\/wp-json\/wp\/v2\/users\/1"}],"replies":[{"embeddable":true,"href":"https:\/\/partnerstwo-sowiogorskie.pl\/index.php\/wp-json\/wp\/v2\/comments?post=10343"}],"version-history":[{"count":3,"href":"https:\/\/partnerstwo-sowiogorskie.pl\/index.php\/wp-json\/wp\/v2\/pages\/10343\/revisions"}],"predecessor-version":[{"id":10614,"href":"https:\/\/partnerstwo-sowiogorskie.pl\/index.php\/wp-json\/wp\/v2\/pages\/10343\/revisions\/10614"}],"wp:attachment":[{"href":"https:\/\/partnerstwo-sowiogorskie.pl\/index.php\/wp-json\/wp\/v2\/media?parent=10343"}],"curies":[{"name":"wp","href":"https:\/\/api.w.org\/{rel}","templated":true}]}}