{"id":10224,"date":"2024-05-22T06:53:02","date_gmt":"2024-05-22T06:53:02","guid":{"rendered":"https:\/\/partnerstwo-sowiogorskie.pl\/?page_id=10224"},"modified":"2026-04-30T10:22:10","modified_gmt":"2026-04-30T09:22:10","slug":"czlonkowie","status":"publish","type":"page","link":"https:\/\/partnerstwo-sowiogorskie.pl\/index.php\/o-nas\/czlonkowie\/","title":{"rendered":"Cz\u0142onkowie"},"content":{"rendered":"<p>Aktualna deklaracja cz\u0142onkowska wraz z za\u0142\u0105cznikami <a href=\"https:\/\/partnerstwo-sowiogorskie.pl\/wp-content\/uploads\/2026\/04\/I_Deklaracja_czlonkowska_01042026.doc\" target=\"_blank\" rel=\"noopener\">&gt;&gt;&gt; pobierz<\/a><\/p>\n<p>O\u015bwiadczenie cz\u0142onka&nbsp; zgoda online <a href=\"https:\/\/partnerstwo-sowiogorskie.pl\/wp-content\/uploads\/2024\/08\/Oswiadczenie_czlonka-LGD_042023_online.docx\" target=\"_blank\" rel=\"noopener\">&gt;&gt;&gt;<\/a><\/p>\n<p>Formularz po zmianie danych dla cz\u0142onk\u00f3w Stowarzyszenia <a href=\"https:\/\/partnerstwo-sowiogorskie.pl\/wp-content\/uploads\/2024\/08\/Oswiadczenie_czlonka_wzor_11052023.docx\" target=\"_blank\" rel=\"noopener\">&gt;&gt;&gt;<\/a><\/p>\n<p>Cz\u0142onkowie Stowarzyszenia<\/p>\n<p>23-01-2026 <a href=\"https:\/\/partnerstwo-sowiogorskie.pl\/wp-content\/uploads\/2026\/01\/24_Lista_czlonkowie_LGD_23012026_www.pdf\">Lista cz\u0142onk\u00f3w LGD<\/a><\/p>\n<p>29-09-2025 <a href=\"https:\/\/partnerstwo-sowiogorskie.pl\/wp-content\/uploads\/2025\/09\/23_Lista_czlonkowie_LGD_29092025_www.pdf\" target=\"_blank\" rel=\"noopener\">Lista_czlonkowie_LGD<\/a><\/p>\n<p>04-09-2025 <a href=\"https:\/\/partnerstwo-sowiogorskie.pl\/wp-content\/uploads\/2025\/09\/22_Lista_czlonkowie_LGD_04092025_www-1.pdf\" target=\"_blank\" rel=\"noopener\">Lista_czlonkowie_LGD<\/a><\/p>\n<p>12-12-2024 <a href=\"https:\/\/partnerstwo-sowiogorskie.pl\/wp-content\/uploads\/2024\/12\/21_Lista_czlonkowie_LGD.pdf\" target=\"_blank\" rel=\"noopener\">Lista_czlonkowie_LGD<\/a><\/p>\n<p>31-10-2024 <a href=\"https:\/\/partnerstwo-sowiogorskie.pl\/wp-content\/uploads\/2024\/12\/20_Lista_czlonkowie_LGD.pdf\" target=\"_blank\" rel=\"noopener\">Lista_czlonkowie_LGD<\/a><\/p>\n<p>13-06-2024 <a href=\"https:\/\/partnerstwo-sowiogorskie.pl\/wp-content\/uploads\/2024\/08\/19_Lista_czlonkowie_LGD_13062024.pdf\" target=\"_blank\" rel=\"noopener\">Lista_czlonkowie_LGD<\/a><\/p>\n<p>09-02-2024 Lista cz\u0142onkowie LGD <a href=\"https:\/\/partnerstwo-sowiogorskie.pl\/wp-content\/uploads\/2024\/08\/18_Lista_czlonkowie_LGD_09022024.pdf\" target=\"_blank\" rel=\"noopener\">&gt;&gt;&gt;<\/a><\/p>\n<p>&nbsp;<\/p>\n<p>&nbsp;<\/p>\n","protected":false},"excerpt":{"rendered":"<p>Aktualna deklaracja cz\u0142onkowska wraz z za\u0142\u0105cznikami &gt;&gt;&gt; pobierz O\u015bwiadczenie cz\u0142onka&nbsp; zgoda online &gt;&gt;&gt; Formularz po zmianie danych dla cz\u0142onk\u00f3w Stowarzyszenia &gt;&gt;&gt; Cz\u0142onkowie Stowarzyszenia 23-01-2026 Lista cz\u0142onk\u00f3w LGD 29-09-2025 Lista_czlonkowie_LGD 04-09-2025 [&hellip;]<\/p>\n","protected":false},"author":1,"featured_media":0,"parent":10218,"menu_order":0,"comment_status":"closed","ping_status":"closed","template":"","meta":{"ngg_post_thumbnail":0,"_price":"","_stock":"","_tribe_ticket_header":"","_tribe_default_ticket_provider":"","_ticket_start_date":"","_ticket_end_date":"","_tribe_ticket_show_description":"","_tribe_ticket_show_not_going":false,"_tribe_ticket_use_global_stock":"","_tribe_ticket_global_stock_level":"","_global_stock_mode":"","_global_stock_cap":"","_tribe_rsvp_for_event":"","_tribe_ticket_going_count":"","_tribe_ticket_not_going_count":"","_tribe_tickets_list":"[]","_tribe_ticket_has_attendee_info_fields":false,"footnotes":"","_tec_slr_enabled":"","_tec_slr_layout":""},"class_list":["post-10224","page","type-page","status-publish","hentry"],"rttpg_featured_image_url":null,"rttpg_author":{"display_name":"admin","author_link":"https:\/\/partnerstwo-sowiogorskie.pl\/index.php\/author\/admin\/"},"rttpg_comment":0,"rttpg_category":null,"rttpg_excerpt":"Aktualna deklaracja cz\u0142onkowska wraz z za\u0142\u0105cznikami &gt;&gt;&gt; pobierz O\u015bwiadczenie cz\u0142onka&nbsp; zgoda online &gt;&gt;&gt; Formularz po zmianie danych dla cz\u0142onk\u00f3w Stowarzyszenia &gt;&gt;&gt; Cz\u0142onkowie Stowarzyszenia 23-01-2026 Lista cz\u0142onk\u00f3w LGD 29-09-2025 Lista_czlonkowie_LGD 04-09-2025 [&hellip;]","ticketed":false,"_links":{"self":[{"href":"https:\/\/partnerstwo-sowiogorskie.pl\/index.php\/wp-json\/wp\/v2\/pages\/10224","targetHints":{"allow":["GET"]}}],"collection":[{"href":"https:\/\/partnerstwo-sowiogorskie.pl\/index.php\/wp-json\/wp\/v2\/pages"}],"about":[{"href":"https:\/\/partnerstwo-sowiogorskie.pl\/index.php\/wp-json\/wp\/v2\/types\/page"}],"author":[{"embeddable":true,"href":"https:\/\/partnerstwo-sowiogorskie.pl\/index.php\/wp-json\/wp\/v2\/users\/1"}],"replies":[{"embeddable":true,"href":"https:\/\/partnerstwo-sowiogorskie.pl\/index.php\/wp-json\/wp\/v2\/comments?post=10224"}],"version-history":[{"count":25,"href":"https:\/\/partnerstwo-sowiogorskie.pl\/index.php\/wp-json\/wp\/v2\/pages\/10224\/revisions"}],"predecessor-version":[{"id":12101,"href":"https:\/\/partnerstwo-sowiogorskie.pl\/index.php\/wp-json\/wp\/v2\/pages\/10224\/revisions\/12101"}],"up":[{"embeddable":true,"href":"https:\/\/partnerstwo-sowiogorskie.pl\/index.php\/wp-json\/wp\/v2\/pages\/10218"}],"wp:attachment":[{"href":"https:\/\/partnerstwo-sowiogorskie.pl\/index.php\/wp-json\/wp\/v2\/media?parent=10224"}],"curies":[{"name":"wp","href":"https:\/\/api.w.org\/{rel}","templated":true}]}}