{"id":10220,"date":"2024-05-22T06:52:36","date_gmt":"2024-05-22T06:52:36","guid":{"rendered":"https:\/\/partnerstwo-sowiogorskie.pl\/?page_id=10220"},"modified":"2026-04-07T13:15:22","modified_gmt":"2026-04-07T12:15:22","slug":"informacje-o-lgd","status":"publish","type":"page","link":"https:\/\/partnerstwo-sowiogorskie.pl\/index.php\/o-nas\/informacje-o-lgd\/","title":{"rendered":"Informacje o LGD"},"content":{"rendered":"<p><strong>Lokalna Grupa Dzia\u0142ania &#8220;Partnerstwo Sowiog\u00f3skie&#8221;<\/strong> (w skr\u00f3cie LGD) jest podmiotem, kt\u00f3ry jest odpowiedzialny za realizacj\u0119 Lokalnej Strategii Rozwoju (w skr\u00f3cie LSR). Grupa zosta\u0142a utworzona jako efekt wcze\u015bniejszej wsp\u00f3\u0142pracy trzech sektor\u00f3w: publicznego, spo\u0142ecznego i gospodarczego (ekonomicznego).&nbsp;<\/p>\n<p>Dotychczasowa dzia\u0142alno\u015b\u0107 opiera\u0142a si\u0119 na realizowaniu LSR w okresie programowania PROW 2007-2013 spisanej do realizacji do 2015r. Nast\u0119pny okres programowania PROW 2014-2020 nas zaskoczy\u0142 bo mia\u0142 zako\u0144czy\u0107 si\u0119 pierwotnie w marcu 2023 roku &#8211; ale finalnie ostatnie rozliczenie z\u0142o\u017cyli\u015bmy na dzie\u0144<br \/>\n30-06-2024r. a nasi Wnioskodawcy otrzymali bonus czasowy do 30-09-2024r.&nbsp;<\/p>\n<p>Tym samym kolejna strategia pomimo tego, \u017ce zosta\u0142a z\u0142o\u017cona w czerwcu 2023 roku &#8211; doczeka\u0142a si\u0119 mo\u017cliwo\u015bci realizacji pierwszych dzia\u0142a\u0144 w czerwcu 2024r. i na dzi\u015b zak\u0142adamy jej zako\u0144czenie w roku 2029.&nbsp;<\/p>\n<p>W nowej perspektywie Planu Strategicznego dla Wsp\u00f3lnej Polityki Rolnej (PS WPR) na lata 2023-2027 LGD \u201ePartnerstwo Sowiog\u00f3rskie\u201d <u>b\u0119dzie kontynuowa\u0107 polityk\u0119 prowadzon\u0105 od 2009 r.<\/u> i jako LGD dalej animowa\u0107 sw\u00f3j obszar z uwzgl\u0119dnieniem jego rozwoju w kierunku turystycznym, nie zapominaj\u0105c jednak o potrzebach jego mieszka\u0144c\u00f3w. W przygotowaniach do nowej strategii pog\u0142\u0119biono wewn\u0119trzn\u0105 wsp\u00f3\u0142prac\u0119, dzi\u0119ki kt\u00f3rej na spotkaniach konsultacyjnych przy udziale grupy roboczej uda\u0142o si\u0119 wypracowa\u0107 zadania, kt\u00f3re stan\u0105 si\u0119 katalizatorem do dalszego rozwoju. Dynamizm rozwoju zostanie osi\u0105gni\u0119ty dzi\u0119ki zaplanowaniu szerokiej animacji w zakresie wsp\u00f3\u0142pracy partnerskiej i wdro\u017ceniu innowacji, bez kt\u00f3rej nasi mieszka\u0144cy i bogactwo obszaru nie rozwija\u0142oby si\u0119 w spos\u00f3b dostatecznie skuteczny. Tym samym LSR realizuj\u0105ca dzia\u0142ania ukierunkowane na wykorzystanie bogactwa kulturowego i przyrodniczego zostan\u0105 wzbogacone o w\u0142\u0105czenie spo\u0142eczne mieszka\u0144c\u00f3w z uwzgl\u0119dnieniem grup dotychczas wykluczonych.<\/p>\n<p>Ale o szczeg\u00f3\u0142ach mog\u0105 ju\u017c Pa\u0144stwo przeczyta\u0107 w dokumencie temu po\u015bwi\u0119conym, czyli LSR. Zapraszamy do lektury i oczywi\u015bcie wsp\u00f3\u0142pracy.&nbsp;<\/p>\n<p><strong>Nazwa i status prawny LGD.<\/strong><\/p>\n<p>Nazwa: Lokalna Grupa Dzia\u0142ania &#8220;Partnerstwo Sowiog\u00f3rskie.&#8221; &nbsp; &nbsp;<\/p>\n<p>Status prawny LGD: stowarzyszenie (powsta\u0142o na podstawie art.15 ustawy z; 7 marca 2007 r. o wspieraniu rozwoju obszar\u00f3w wiejskich<br \/>\nz udzia\u0142em \u015brodk\u00f3w Europejskiego Funduszu Rolnego na rzecz Rozwoju Obszar\u00f3w Wiejskich (Dz. U. Nr 64, poz.427 oraz z 2008 r. Nr 98, poz.634).<\/p>\n<p>Stowarzyszanie zosta\u0142o wpisane do Krajowego Rejestru S\u0105dowego w dniu 14 stycznia 2009 roku pod numerem KRS 0000321512<\/p>\n<p>Sprawozdania&nbsp;<\/p>\n<p>2025 <a href=\"https:\/\/partnerstwo-sowiogorskie.pl\/wp-content\/uploads\/2026\/04\/Sprawozdanie_za_2025_rok_scan.pdf\" target=\"_blank\" rel=\"noopener\">&gt;&gt;&gt; pobierz<\/a><\/p>\n<p>2024 <a href=\"https:\/\/partnerstwo-sowiogorskie.pl\/wp-content\/uploads\/2026\/04\/Sprawozdanie_za_2024_scan.pdf\" target=\"_blank\" rel=\"noopener\">&gt;&gt;&gt; pobierz<\/a><\/p>\n<p>&nbsp;<\/p>\n","protected":false},"excerpt":{"rendered":"<p>Lokalna Grupa Dzia\u0142ania &#8220;Partnerstwo Sowiog\u00f3skie&#8221; (w skr\u00f3cie LGD) jest podmiotem, kt\u00f3ry jest odpowiedzialny za realizacj\u0119 Lokalnej Strategii Rozwoju (w skr\u00f3cie LSR). Grupa zosta\u0142a utworzona jako efekt wcze\u015bniejszej wsp\u00f3\u0142pracy trzech sektor\u00f3w: [&hellip;]<\/p>\n","protected":false},"author":1,"featured_media":0,"parent":10218,"menu_order":0,"comment_status":"closed","ping_status":"closed","template":"","meta":{"ngg_post_thumbnail":0,"_price":"","_stock":"","_tribe_ticket_header":"","_tribe_default_ticket_provider":"","_ticket_start_date":"","_ticket_end_date":"","_tribe_ticket_show_description":"","_tribe_ticket_show_not_going":false,"_tribe_ticket_use_global_stock":"","_tribe_ticket_global_stock_level":"","_global_stock_mode":"","_global_stock_cap":"","_tribe_rsvp_for_event":"","_tribe_ticket_going_count":"","_tribe_ticket_not_going_count":"","_tribe_tickets_list":"[]","_tribe_ticket_has_attendee_info_fields":false,"footnotes":"","_tec_slr_enabled":"","_tec_slr_layout":""},"class_list":["post-10220","page","type-page","status-publish","hentry"],"rttpg_featured_image_url":null,"rttpg_author":{"display_name":"admin","author_link":"https:\/\/partnerstwo-sowiogorskie.pl\/index.php\/author\/admin\/"},"rttpg_comment":0,"rttpg_category":null,"rttpg_excerpt":"Lokalna Grupa Dzia\u0142ania &#8220;Partnerstwo Sowiog\u00f3skie&#8221; (w skr\u00f3cie LGD) jest podmiotem, kt\u00f3ry jest odpowiedzialny za realizacj\u0119 Lokalnej Strategii Rozwoju (w skr\u00f3cie LSR). Grupa zosta\u0142a utworzona jako efekt wcze\u015bniejszej wsp\u00f3\u0142pracy trzech sektor\u00f3w: [&hellip;]","ticketed":false,"_links":{"self":[{"href":"https:\/\/partnerstwo-sowiogorskie.pl\/index.php\/wp-json\/wp\/v2\/pages\/10220","targetHints":{"allow":["GET"]}}],"collection":[{"href":"https:\/\/partnerstwo-sowiogorskie.pl\/index.php\/wp-json\/wp\/v2\/pages"}],"about":[{"href":"https:\/\/partnerstwo-sowiogorskie.pl\/index.php\/wp-json\/wp\/v2\/types\/page"}],"author":[{"embeddable":true,"href":"https:\/\/partnerstwo-sowiogorskie.pl\/index.php\/wp-json\/wp\/v2\/users\/1"}],"replies":[{"embeddable":true,"href":"https:\/\/partnerstwo-sowiogorskie.pl\/index.php\/wp-json\/wp\/v2\/comments?post=10220"}],"version-history":[{"count":10,"href":"https:\/\/partnerstwo-sowiogorskie.pl\/index.php\/wp-json\/wp\/v2\/pages\/10220\/revisions"}],"predecessor-version":[{"id":12043,"href":"https:\/\/partnerstwo-sowiogorskie.pl\/index.php\/wp-json\/wp\/v2\/pages\/10220\/revisions\/12043"}],"up":[{"embeddable":true,"href":"https:\/\/partnerstwo-sowiogorskie.pl\/index.php\/wp-json\/wp\/v2\/pages\/10218"}],"wp:attachment":[{"href":"https:\/\/partnerstwo-sowiogorskie.pl\/index.php\/wp-json\/wp\/v2\/media?parent=10220"}],"curies":[{"name":"wp","href":"https:\/\/api.w.org\/{rel}","templated":true}]}}